{"id":15234,"date":"2024-02-05T10:12:41","date_gmt":"2024-02-05T09:12:41","guid":{"rendered":"https:\/\/webstore4.com\/?post_type=product&#038;p=15234"},"modified":"2024-04-19T15:21:31","modified_gmt":"2024-04-19T14:21:31","slug":"wl4-cvm10-1-touch-screen-monitor-10-1","status":"publish","type":"product","link":"https:\/\/webstore4.com\/en\/wl4-cvm10-1-touch-screen-monitor-10-1\/","title":{"rendered":"WL4 CVM10.1 Touch screen monitor 10.1\u201d for indoor use with USB, VGA, HDMI and Jack connection"},"content":{"rendered":"<p>De WL4 CVM10.1\u00a0 is een 10.1 inch monitor geschikt voor het afspelen van camerabeelden. De monitor heeft een 1280&#215;800 pixel resolutie en \u00e9\u00e9n USB aansluiting, \u00e9\u00e9n VGA aansluiting, \u00e9\u00e9n HDMI aansluiting en \u00e9\u00e9n Jack aansluiting voor audio via VGA.\u00a0De monitor beschikt over een hoogwaardig LCD kleurenscherm met een metalen behuizing.<\/p>\n<p><strong>Possibilities<\/strong><\/p>\n<p>De WL4 CVM10.1 monitor is geschikt om te gebruiken als monitor voor het afspelen van beelden van het camerasysteem.<br \/>\nDoordat dit scherm universeel toepasbaar is, kunnen eigenlijk alle soorten Netwerk Video Recorders verbonden worden met HDMI of VGA kabel. De Jack aansluiting geeft de mogelijkheid om luidsprekers met de monitor te verbinden.<\/p>\n<p>De professionele CCTV monitor is uitgerust met een zeer sterke metalen behuizing. In de 1280&#215;800 resolutie worden de kleurenbeelden weergegeven. De monitor is uitgerust met twee montagesystemen in de VESA-standaard, VESA 75 en VESA 100. Zo is het mogelijk om het scherm in te bouwen of op te bouwen. De monitor ondersteund Engelse taal en wordt geleverd inclusief montagemateriaal, HDMI kabel, USB-kabel en voedingsadapter.<\/p>\n<p><strong>Most important features<\/strong><\/p>\n<ul>\n<li>Touch screen monitor 10.1 inch<\/li>\n<li>Hoge kwaliteit LCD kleurenscherm met LED backlighting een metalen behuizing<\/li>\n<li>1x HDMI connection<\/li>\n<li>1x VGA connection<\/li>\n<li>1x Jack aansluiting<\/li>\n<li>1x USB poort<\/li>\n<li>Meegeleverde 12VDC adapter, 2.6A<\/li>\n<li>Menu On-Screen-Display<\/li>\n<\/ul>\n<p><a href=\"https:\/\/webstore4.com\/Copyright\/\" target=\"_blank\" rel=\"noopener\"><span style=\"color: #ff6e03; font-size: 11px;\">\u00a9 Text is protected by copyright<\/span><\/a><\/p>","protected":false},"excerpt":{"rendered":"<p>De WL4 CVM10.1\u00a0 is een 10.1 inch monitor geschikt voor het afspelen van camerabeelden. De monitor heeft een 1280&#215;800 pixel resolutie en \u00e9\u00e9n USB aansluiting, \u00e9\u00e9n VGA aansluiting, \u00e9\u00e9n HDMI aansluiting en \u00e9\u00e9n Jack aansluiting voor audio via VGA.\u00a0De monitor beschikt over een hoogwaardig LCD kleurenscherm met een metalen behuizing. Mogelijkheden De WL4 CVM10.1 monitor<\/p>\n<div class=\"klb-readmore button\"><a class=\"btn link\" href=\"https:\/\/webstore4.com\/en\/wl4-cvm10-1-touch-screen-monitor-10-1\/\">Read More <i class=\"klbth-icon-right-arrow\"><\/i><\/a><\/div>","protected":false},"featured_media":15235,"comment_status":"open","ping_status":"closed","template":"","meta":[],"pwb-brand":[3380],"product_cat":[3441,4195],"product_tag":[],"class_list":{"0":"post-15234","1":"product","2":"type-product","3":"status-publish","4":"has-post-thumbnail","6":"pwb-brand-wl4","7":"product_cat-benodigdheden","8":"product_cat-monitors-audio","9":"product_shipping_class-pakket","10":"pa_aansluiting-netwerk-kabel","11":"pa_afmeting-monitor-21-5-inch","12":"pa_audio-speaker","13":"pa_beeldsensor-1-2-7-cmos","14":"pa_draadloos-ja-wi-fi-802-11","15":"pa_geheugenkaart-type-micro-sd","16":"pa_lens-mm-3-6","17":"pa_megapixel-2mp","18":"pa_merk-wl4","19":"pa_mobiele-app-fabrikant-ja","20":"pa_montage-surface","21":"pa_omgeving-binnen","22":"pa_opnemen-op-sd-kaart-ja","23":"pa_poe-nee","24":"pa_resolutie-monitor-1920-x-1080","25":"pa_voeding-12vdc","27":"first","28":"onbackorder","29":"taxable","30":"shipping-taxable","31":"purchasable","32":"product-type-simple"},"brands":[{"id":3380,"name":"WL4","slug":"wl4"}],"_links":{"self":[{"href":"https:\/\/webstore4.com\/en\/wp-json\/wp\/v2\/product\/15234","targetHints":{"allow":["GET"]}}],"collection":[{"href":"https:\/\/webstore4.com\/en\/wp-json\/wp\/v2\/product"}],"about":[{"href":"https:\/\/webstore4.com\/en\/wp-json\/wp\/v2\/types\/product"}],"replies":[{"embeddable":true,"href":"https:\/\/webstore4.com\/en\/wp-json\/wp\/v2\/comments?post=15234"}],"wp:featuredmedia":[{"embeddable":true,"href":"https:\/\/webstore4.com\/en\/wp-json\/wp\/v2\/media\/15235"}],"wp:attachment":[{"href":"https:\/\/webstore4.com\/en\/wp-json\/wp\/v2\/media?parent=15234"}],"wp:term":[{"taxonomy":"pwb-brand","embeddable":true,"href":"https:\/\/webstore4.com\/en\/wp-json\/wp\/v2\/pwb-brand?post=15234"},{"taxonomy":"product_cat","embeddable":true,"href":"https:\/\/webstore4.com\/en\/wp-json\/wp\/v2\/product_cat?post=15234"},{"taxonomy":"product_tag","embeddable":true,"href":"https:\/\/webstore4.com\/en\/wp-json\/wp\/v2\/product_tag?post=15234"}],"curies":[{"name":"wp","href":"https:\/\/api.w.org\/{rel}","templated":true}]}}