{"id":14317,"date":"2024-01-09T17:55:26","date_gmt":"2024-01-09T16:55:26","guid":{"rendered":"https:\/\/webstore4.com\/?post_type=product&#038;p=14317"},"modified":"2024-04-19T15:20:39","modified_gmt":"2024-04-19T14:20:39","slug":"olle-s803le-stalen-kluis","status":"publish","type":"product","link":"https:\/\/webstore4.com\/en\/olle-s803le-stalen-kluis\/","title":{"rendered":"Oll\u00e9 S803LE freestanding sturdy steel safe with code panel, application and VdS Class 1, EN 1300 Class A, a2p Level AE certification"},"content":{"rendered":"<p>The Arcas Oll\u00e9 S802LE is a high-quality safe that provides access with a key lock, code panel and application. The safes of the 800 series are often used for private or business purposes. Arcas Oll\u00e9 is a family business based in Spain dedicated to the manufacture of safes since 1845.<\/p>\n<p>We are the official Arcas Oll\u00e9 distributor and reseller in the BENELUX and DACH region for the 800 series furniture safes.<\/p>\n<p><strong>Possibilities<\/strong><\/p>\n<p>The Arcas Oll\u00e9 S802LE offers safe storage of valuables, documents and money. The safes from the 800 series are often used as a safe for the home, business or hotel. The S802LE can be unlocked manually with a supplied key, but can also be unlocked with the code panel or via the &#039;OCLUC&#039; application. The application offers Android and Apple users an application interface that works with Bluetooth. This makes it possible to unlock and manage the safe with your smartphone. Arcas Oll\u00e9 has a patent on this application. All information about the application and the instructional video can be found on the OCLUC product page, which is included under the &#039;Documentation&#039; tab.<\/p>\n<p>The safe is produced with an 8 mm thick steel frame and door and a 3 mm thick steel casing. The pivot bolts have a diameter of 20 mm. Three pivot bolts are attached to the S802LL. In addition, the S802LL is equipped with a safe and high-quality lock. The safe has interior lighting and one shelf. Arcas Oll\u00e9&#039;s 800 series safes meet the most recent security certifications such as VdS Class 1, EN 1300 Class A and a2p Level AE.<\/p>\n<p>The safe has an epoxy-polyester paint finish that is polymerized at 180 degrees. The color is the same as RAL color 5009. We recommend that you consult the product page and datasheet, which are included under the &#039;Documentation&#039; tab, for other specifications. The user manual is also included under &#039;Documentation&#039;.<\/p>\n<p>For larger quantities we offer a competitive price. It is also possible to have the safe coated in a different RAL color for larger quantities. Ask us about the options by email or WhatsApp. It is also possible to order an alarm interface kit on request. The instructions for the alarm interface kit can be found under &#039;Documentation&#039;.<\/p>\n<p><strong>Most important features<\/strong><\/p>\n<ul>\n<li>Safe with key lock, code panel and OCLUC application<\/li>\n<li>2 keys included<\/li>\n<li>Detached<\/li>\n<li>2 Shelves<\/li>\n<li>VdS Class 1, EN 1300 Class A, a2p Level AE certification<\/li>\n<li>Steel<\/li>\n<li>RAL color 5009<\/li>\n<li>Theoretical weight 43 kg<\/li>\n<li>Outside dimensions in mm:<br \/>\nHeight: 465MM<br \/>\nWidth: 455MM<br \/>\nDepth: 370 MM<\/li>\n<li>Inside dimensions in mm:<br \/>\nHeight: 460MM<br \/>\nWidth: 450MM<br \/>\nDepth: 315 MM<\/li>\n<\/ul>\n<p><a href=\"https:\/\/www.webstore4ipcameras.nl\/Copyright\" target=\"_blank\" rel=\"noopener\"><span style=\"color: #ff6e03; font-size: 11px;\">\u00a9 Text is protected by copyright<\/span><\/a><\/p>\n<p><iframe title=\"Series 800 - Caja Fuerte de Sobreponer\" width=\"960\" height=\"540\" src=\"https:\/\/www.youtube.com\/embed\/6dIky9d8Vt4?feature=oembed&#038;enablejsapi=1&#038;origin=https:\/\/webstore4.com\" frameborder=\"0\" allow=\"accelerometer; autoplay; clipboard-write; encrypted-media; gyroscope; picture-in-picture; web-share\" allowfullscreen><\/iframe><\/p>","protected":false},"excerpt":{"rendered":"<p>De Arcas Oll\u00e9 S803LE\u00a0 is een kwalitatief hoogwaardige kluis die toegang biedt met een sleutelslot, codepaneel en applicatie. De kluizen van de 800 serie worden veelal gebruikt voor particuliere of zakelijke doeleinden. Arcas Oll\u00e9 is een familiebedrijf gevestigd in Spanje gewijd aan de vervaardiging van kluizen sinds 1845. Wij zijn de offici\u00eble Arcas Oll\u00e9 distributeur<\/p>\n<div class=\"klb-readmore button\"><a class=\"btn link\" href=\"https:\/\/webstore4.com\/en\/olle-s803le-stalen-kluis\/\">Read More <i class=\"klbth-icon-right-arrow\"><\/i><\/a><\/div>","protected":false},"featured_media":14318,"comment_status":"open","ping_status":"closed","template":"","meta":[],"pwb-brand":[3388],"product_cat":[4204,4659],"product_tag":[],"class_list":{"0":"post-14317","1":"product","2":"type-product","3":"status-publish","4":"has-post-thumbnail","6":"pwb-brand-arcas-olle","7":"product_cat-kasten-kluizen","8":"product_cat-kluizen","9":"product_shipping_class-palletzending","10":"pa_breedte-455-mm","11":"pa_diepte-370-mm","12":"pa_hoogte-465-mm","13":"pa_materiaal-staal","14":"pa_merk-arcas-olle","15":"pa_product-kluis","16":"pa_toegang-met-app","17":"pa_toegang-met-keypad","18":"pa_toegang-met-sleutel","20":"first","21":"onbackorder","22":"featured","23":"taxable","24":"shipping-taxable","25":"purchasable","26":"product-type-simple"},"brands":[{"id":3388,"name":"Arcas Oll\u00e9","slug":"arcas-olle"}],"_links":{"self":[{"href":"https:\/\/webstore4.com\/en\/wp-json\/wp\/v2\/product\/14317","targetHints":{"allow":["GET"]}}],"collection":[{"href":"https:\/\/webstore4.com\/en\/wp-json\/wp\/v2\/product"}],"about":[{"href":"https:\/\/webstore4.com\/en\/wp-json\/wp\/v2\/types\/product"}],"replies":[{"embeddable":true,"href":"https:\/\/webstore4.com\/en\/wp-json\/wp\/v2\/comments?post=14317"}],"wp:featuredmedia":[{"embeddable":true,"href":"https:\/\/webstore4.com\/en\/wp-json\/wp\/v2\/media\/14318"}],"wp:attachment":[{"href":"https:\/\/webstore4.com\/en\/wp-json\/wp\/v2\/media?parent=14317"}],"wp:term":[{"taxonomy":"pwb-brand","embeddable":true,"href":"https:\/\/webstore4.com\/en\/wp-json\/wp\/v2\/pwb-brand?post=14317"},{"taxonomy":"product_cat","embeddable":true,"href":"https:\/\/webstore4.com\/en\/wp-json\/wp\/v2\/product_cat?post=14317"},{"taxonomy":"product_tag","embeddable":true,"href":"https:\/\/webstore4.com\/en\/wp-json\/wp\/v2\/product_tag?post=14317"}],"curies":[{"name":"wp","href":"https:\/\/api.w.org\/{rel}","templated":true}]}}