{"id":13944,"date":"2023-12-25T12:07:27","date_gmt":"2023-12-25T10:07:27","guid":{"rendered":"https:\/\/webstore4.com\/?post_type=product&#038;p=13944"},"modified":"2024-04-19T15:20:05","modified_gmt":"2024-04-19T14:20:05","slug":"dahua-tc35-universele-usb-c-adapter","status":"publish","type":"product","link":"https:\/\/webstore4.com\/en\/dahua-tc35-universele-usb-c-adapter\/","title":{"rendered":"Dahua TC35 universal USB-C adapter with HDMI, USB and USB-C connections"},"content":{"rendered":"<p>The Dahua TC35 is a universal High Speed USB hub. The adapter consists of one HDMI port, three USB-A connections and one USB-C connection. Power is supplied via the integrated USB-C cable.<br \/>\nThe adapter supports the latest video and audio transmission. Resolutions up to 4K UHD can be transferred with this universal USB-C adapter. The three USB-A ports are equipped with USB 3.0, which means data transfer takes place very quickly. This way, high-resolution screens can be connected and the Dahua TC35 charges devices at the same time.<\/p>\n<p>The USB-C connection also makes it possible to quickly charge devices or transfer data via USB-C cable.<\/p>\n<p>Under the &#039;Documentation&#039; tab, the other specifications can be found in the datasheet and on the manufacturer&#039;s product page.<\/p>\n<p><strong>Important features<\/strong><\/p>\n<ul>\n<li>Power supply via USB-C cable of 15 centimeters<\/li>\n<li>1x HDMI connection<\/li>\n<li>1x USB-C connection<\/li>\n<li>3x USB-A 3.0 connection<\/li>\n<li>Supports 4K resolution<\/li>\n<li>Plug &amp; Play<\/li>\n<li>Can be used as a charger.<\/li>\n<\/ul>\n<p><a href=\"https:\/\/www.webstore4ipcameras.nl\/Copyright\" target=\"_blank\" rel=\"noopener\"><span style=\"color: #ff6e03; font-size: 11px;\">\u00a9 Text is protected by copyright<\/span><\/a><\/p>","protected":false},"excerpt":{"rendered":"<p>De Dahua TC35\u00a0 is een universele High Speed USB hub. De adapter bestaat uit \u00e9\u00e9n HDMI poort, drie USB-A aansluitingen en \u00e9\u00e9n USB-C aansluiting. Voeding wordt geleverd via de ge\u00efntegreerde USB-C kabel. De adapter ondersteunt de nieuwste overdracht van video en audio. Zo kunnen er resoluties tot 4K UHD overgedragen worden met deze universele USB-C<\/p>\n<div class=\"klb-readmore button\"><a class=\"btn link\" href=\"https:\/\/webstore4.com\/en\/dahua-tc35-universele-usb-c-adapter\/\">Read More <i class=\"klbth-icon-right-arrow\"><\/i><\/a><\/div>","protected":false},"featured_media":13945,"comment_status":"open","ping_status":"closed","template":"","meta":[],"pwb-brand":[3376],"product_cat":[3441,3458,4520],"product_tag":[],"class_list":{"0":"post-13944","1":"product","2":"type-product","3":"status-publish","4":"has-post-thumbnail","6":"pwb-brand-dahua","7":"product_cat-benodigdheden","8":"product_cat-voedingen","9":"product_cat-omvormers-en-usb","10":"product_shipping_class-pakket","11":"pa_merk-dahua","13":"first","14":"onbackorder","15":"taxable","16":"shipping-taxable","17":"purchasable","18":"product-type-simple"},"brands":[{"id":3376,"name":"Dahua","slug":"dahua"}],"_links":{"self":[{"href":"https:\/\/webstore4.com\/en\/wp-json\/wp\/v2\/product\/13944","targetHints":{"allow":["GET"]}}],"collection":[{"href":"https:\/\/webstore4.com\/en\/wp-json\/wp\/v2\/product"}],"about":[{"href":"https:\/\/webstore4.com\/en\/wp-json\/wp\/v2\/types\/product"}],"replies":[{"embeddable":true,"href":"https:\/\/webstore4.com\/en\/wp-json\/wp\/v2\/comments?post=13944"}],"wp:featuredmedia":[{"embeddable":true,"href":"https:\/\/webstore4.com\/en\/wp-json\/wp\/v2\/media\/13945"}],"wp:attachment":[{"href":"https:\/\/webstore4.com\/en\/wp-json\/wp\/v2\/media?parent=13944"}],"wp:term":[{"taxonomy":"pwb-brand","embeddable":true,"href":"https:\/\/webstore4.com\/en\/wp-json\/wp\/v2\/pwb-brand?post=13944"},{"taxonomy":"product_cat","embeddable":true,"href":"https:\/\/webstore4.com\/en\/wp-json\/wp\/v2\/product_cat?post=13944"},{"taxonomy":"product_tag","embeddable":true,"href":"https:\/\/webstore4.com\/en\/wp-json\/wp\/v2\/product_tag?post=13944"}],"curies":[{"name":"wp","href":"https:\/\/api.w.org\/{rel}","templated":true}]}}