{"id":10164,"date":"2021-11-02T18:17:44","date_gmt":"2021-11-02T16:17:44","guid":{"rendered":"https:\/\/webstore4.com\/\/?product=safire-sf-ac3004kem-ipw-stand-alone-wifi-ip-kaartlezer-en-pin-toegang-terminal-voor-binnen-met-display"},"modified":"2024-04-19T15:14:01","modified_gmt":"2024-04-19T14:14:01","slug":"safire-sf-ac3004kem-ipw-stand-alone-wifi-ip-kaartlezer-en-pin-toegang-terminal-voor-binnen-met-display","status":"publish","type":"product","link":"https:\/\/webstore4.com\/en\/safire-sf-ac3004kem-ipw-stand-alone-wifi-ip-kaartlezer-en-pin-toegang-terminal-voor-binnen-met-display\/","title":{"rendered":"Safire SF-AC3004KEM-IPW stand alone WiFi IP card reader and PIN access terminal for indoor use with display"},"content":{"rendered":"<p>De Safire SF-AC3004KEM-IPW is een stand alone WI-FI IP kaartlezer en PIN toegang terminal voor binnen met 2.8&#8243; TFT display. Slechts \u00e9\u00e9n stuks beschikbaar.<\/p>\n<p>Doordat de reader beschikt over een ge\u00efntegreerde access controller, waardoor deze reader stand alone gebruikt kan worden. De Safire reader kan gemakkelijk met een extern slot, bel of deur sensor worden verbonden. Doordat de reader beschikt over capaciteit tot 100.000 kaarten en 300.000 registraties, waardoor de SF-AC3004KEM-IPW ideaal uitermate geschikt is voor bedrijfsgebouwen.<\/p>\n<p>De reader dient te worden gevoed met een niet inbegrepen 12VDC voeding. De geschikte voeding en geschikte RFID kaarten zijn mee te bestellen onder &#8216;Opties&#8217;.<\/p>\n<p><strong>Key features<\/strong><\/p>\n<ul>\n<li>Identification by RFID 125Khz card\/tag, PIN and\/or a combination<\/li>\n<li>Keyboard and 2.8 inch TFT color screen<\/li>\n<li>Capacity 100,000 cards and 300,000 records<\/li>\n<li>Communication TCP\/IP, USB, WIFI and RS458<\/li>\n<li>Integrated controller (door sensor, push button, bell and relay)<\/li>\n<li>Compatible with Safire Control Center\/AC software<\/li>\n<li>12VDC power supply<\/li>\n<\/ul>\n<p><a href=\"https:\/\/webstore4.com\/Copyright\/\" target=\"_blank\" rel=\"noopener\"><span style=\"color: #ff6e03; font-size: 11px;\">\u00a9 Text is protected by copyright<\/span><\/a><\/p>","protected":false},"excerpt":{"rendered":"<p>De Safire SF-AC3004KEM-IPW is een stand alone WI-FI IP kaartlezer en PIN toegang terminal voor binnen met 2.8&#8243; TFT display. Slechts \u00e9\u00e9n stuks beschikbaar. Doordat de reader beschikt over een ge\u00efntegreerde access controller, waardoor deze reader stand alone gebruikt kan worden. De Safire reader kan gemakkelijk met een extern slot, bel of deur sensor worden<\/p>\n<div class=\"klb-readmore button\"><a class=\"btn link\" href=\"https:\/\/webstore4.com\/en\/safire-sf-ac3004kem-ipw-stand-alone-wifi-ip-kaartlezer-en-pin-toegang-terminal-voor-binnen-met-display\/\">Read More <i class=\"klbth-icon-right-arrow\"><\/i><\/a><\/div>","protected":false},"featured_media":10165,"comment_status":"open","ping_status":"closed","template":"","meta":[],"pwb-brand":[3385],"product_cat":[4191,4193],"product_tag":[],"class_list":{"0":"post-10164","1":"product","2":"type-product","3":"status-publish","4":"has-post-thumbnail","6":"pwb-brand-safire","7":"product_cat-access","8":"product_cat-toegangscontrole-access","9":"product_shipping_class-pakket","10":"pa_frequentie-tags-en-readers-rfid-125-khz","11":"pa_kaartlezer-ja","12":"pa_merk-safire","13":"pa_montage-opbouw","14":"pa_omgeving-binnen","15":"pa_poe-nee","16":"pa_product-codepaneel","17":"pa_stand-alone-ja","18":"pa_toegang-met-kaartlezer","19":"pa_toegang-met-keypad","20":"pa_voeding-12vdc","22":"first","23":"instock","24":"sold-individually","25":"taxable","26":"shipping-taxable","27":"purchasable","28":"product-type-simple"},"brands":[{"id":3385,"name":"Safire","slug":"safire"}],"_links":{"self":[{"href":"https:\/\/webstore4.com\/en\/wp-json\/wp\/v2\/product\/10164","targetHints":{"allow":["GET"]}}],"collection":[{"href":"https:\/\/webstore4.com\/en\/wp-json\/wp\/v2\/product"}],"about":[{"href":"https:\/\/webstore4.com\/en\/wp-json\/wp\/v2\/types\/product"}],"replies":[{"embeddable":true,"href":"https:\/\/webstore4.com\/en\/wp-json\/wp\/v2\/comments?post=10164"}],"wp:featuredmedia":[{"embeddable":true,"href":"https:\/\/webstore4.com\/en\/wp-json\/wp\/v2\/media\/10165"}],"wp:attachment":[{"href":"https:\/\/webstore4.com\/en\/wp-json\/wp\/v2\/media?parent=10164"}],"wp:term":[{"taxonomy":"pwb-brand","embeddable":true,"href":"https:\/\/webstore4.com\/en\/wp-json\/wp\/v2\/pwb-brand?post=10164"},{"taxonomy":"product_cat","embeddable":true,"href":"https:\/\/webstore4.com\/en\/wp-json\/wp\/v2\/product_cat?post=10164"},{"taxonomy":"product_tag","embeddable":true,"href":"https:\/\/webstore4.com\/en\/wp-json\/wp\/v2\/product_tag?post=10164"}],"curies":[{"name":"wp","href":"https:\/\/api.w.org\/{rel}","templated":true}]}}