{"id":9993,"date":"2021-08-04T13:01:11","date_gmt":"2021-08-04T11:01:11","guid":{"rendered":"https:\/\/webstore4.com\/\/?product=wl4-sp-a-100w-100-watt-4-46a-zonnepaneel-in-aluminium-frame"},"modified":"2024-06-21T13:18:32","modified_gmt":"2024-06-21T12:18:32","slug":"wl4-sp-a-100w-100-watt-zonnepaneel","status":"publish","type":"product","link":"https:\/\/webstore4.com\/de\/product\/wl4-sp-a-100w-100-watt-zonnepaneel\/","title":{"rendered":"WL4 SP-A-100W 100 Watt 4,46A Solarpanel im Aluminiumrahmen"},"content":{"rendered":"<p>Das WL4 SP-A-100W ist ein 100-Watt-Solarpanel. Der WL4 SP-A-110W liefert maximal 4,46 Ah und 17,8 VDC und ist in einem stabilen Aluminiumrahmen untergebracht, sodass er sich nicht verbiegt.\u00a0<span style=\"color: #3f242d; font-family: helvetica; font-size: 14px;\">Das Panel darf nicht w\u00e4rmer als 80 Grad Celsius werden. Daher ist es wichtig, dass f\u00fcr eine ausreichende K\u00fchlung, beispielsweise durch Bel\u00fcftung, gesorgt ist.<\/span><\/p>\n<p>Aan de WL4\u00a0SP-A-100W zitten 2 kabels van 55cm met beide een helft van een m4 connector, 1x male en 1x female. Voor het aasnluiten op kabels is nog 1x een volledige M4 connector nodig. De geschikte M4 connector is te vinden onder het tabblad &#8221;Gerelateerd&#8221;.<\/p>\n<p>Wie lange ein Ger\u00e4t mit einer Solaranlage betrieben werden kann, h\u00e4ngt unter anderem vom Verbrauch des Ger\u00e4ts, der Umgebungstemperatur, der Anzahl der Tageslichtstunden und Lichtintensit\u00e4t, der Kapazit\u00e4t des Solarpanels und der Batterie ab. Liefert dieses Solarpanel zu viel oder zu wenig Strom? Dar\u00fcber hinaus haben wir in unserem Online-Shop weitere Solarmodule und Komplettsets sowie alle Einzelkomponenten, um eine komplette Solaranlage selbst zusammenzustellen.<\/p>\n<p><strong>Wichtige Funktionen<\/strong><\/p>\n<ul>\n<li>100 Watt Solarpanel 1020x670x35mm im Aluminiumrahmen<\/li>\n<li>1x M4-Stecker (1x Steckerteil und 1x Buchsenteil)<\/li>\n<li>Polykristalline Zellen<\/li>\n<li>Maximal 4,46 A<\/li>\n<li>Maximal 17,8 VDC<\/li>\n<\/ul>\n<p><a href=\"https:\/\/www.webstore4ipcameras.nl\/Copyright\" target=\"_blank\" rel=\"noopener\"><span style=\"color: #ff6e03; font-size: 11px;\">\u00a9 Der Text ist urheberrechtlich gesch\u00fctzt<\/span><\/a><\/p>","protected":false},"excerpt":{"rendered":"<p>De WL4 SP-A-100W is een 100 watt zonnepaneel. De WL4 SP-A-110W levert maximaal 4.46Ah en 17.8VDC en zit in een stevig aluminium frame waardoor deze niet buigt.\u00a0Het paneel mag niet warmer worden dan 80 graden Celcius. Het is dus van belang dat er voldoende koeling door bijvoorbeeld ventilatie is. Aan de WL4\u00a0SP-A-100W zitten 2 kabels<\/p>\n<div class=\"klb-readmore button\"><a class=\"btn link\" href=\"https:\/\/webstore4.com\/de\/product\/wl4-sp-a-100w-100-watt-zonnepaneel\/\">Mehr lesen <i class=\"klbth-icon-right-arrow\"><\/i><\/a><\/div>","protected":false},"featured_media":9994,"comment_status":"open","ping_status":"closed","template":"","meta":[],"pwb-brand":[3380],"product_cat":[4247,4248],"product_tag":[],"class_list":{"0":"post-9993","1":"product","2":"type-product","3":"status-publish","4":"has-post-thumbnail","6":"pwb-brand-wl4","7":"product_cat-duurzaamheid","8":"product_cat-zonnepanelen","9":"product_shipping_class-pakket","10":"pa_ampereuur-4-46a","11":"pa_garantie-2-jaar","12":"pa_merk-wl4","13":"pa_product-zonnepaneel","14":"pa_wattage-zonnepaneel-110-watt","16":"first","17":"onbackorder","18":"taxable","19":"shipping-taxable","20":"purchasable","21":"product-type-simple"},"brands":[{"id":3380,"name":"WL4","slug":"wl4"}],"_links":{"self":[{"href":"https:\/\/webstore4.com\/de\/wp-json\/wp\/v2\/product\/9993","targetHints":{"allow":["GET"]}}],"collection":[{"href":"https:\/\/webstore4.com\/de\/wp-json\/wp\/v2\/product"}],"about":[{"href":"https:\/\/webstore4.com\/de\/wp-json\/wp\/v2\/types\/product"}],"replies":[{"embeddable":true,"href":"https:\/\/webstore4.com\/de\/wp-json\/wp\/v2\/comments?post=9993"}],"wp:featuredmedia":[{"embeddable":true,"href":"https:\/\/webstore4.com\/de\/wp-json\/wp\/v2\/media\/9994"}],"wp:attachment":[{"href":"https:\/\/webstore4.com\/de\/wp-json\/wp\/v2\/media?parent=9993"}],"wp:term":[{"taxonomy":"pwb-brand","embeddable":true,"href":"https:\/\/webstore4.com\/de\/wp-json\/wp\/v2\/pwb-brand?post=9993"},{"taxonomy":"product_cat","embeddable":true,"href":"https:\/\/webstore4.com\/de\/wp-json\/wp\/v2\/product_cat?post=9993"},{"taxonomy":"product_tag","embeddable":true,"href":"https:\/\/webstore4.com\/de\/wp-json\/wp\/v2\/product_tag?post=9993"}],"curies":[{"name":"wp","href":"https:\/\/api.w.org\/{rel}","templated":true}]}}