{"id":9991,"date":"2021-08-04T12:52:12","date_gmt":"2021-08-04T10:52:12","guid":{"rendered":"https:\/\/webstore4.com\/\/?product=wl4-sp-a-50w-50-watt-2-86a-zonnepaneel-in-aluminium-frame"},"modified":"2024-06-21T13:18:32","modified_gmt":"2024-06-21T12:18:32","slug":"wl4-sp-ff-100w-100-watt-5-5a-zonnepaneel","status":"publish","type":"product","link":"https:\/\/webstore4.com\/de\/product\/wl4-sp-ff-100w-100-watt-5-5a-zonnepaneel\/","title":{"rendered":"WL4 SP-FF-100W 100 Watt 5,5A Solarpanel im Aluminiumrahmen"},"content":{"rendered":"<p>De WL4 SP-FF-100W is een 100 watt flexibel zonnepaneel. De WL4 SP-FF-100W levert maximaal 5.5Ah en 18VDC. Het lichte en flexibele paneel is uitermate geschikt voor mobiele toepassingen zoals op campers, boten, caravans, vrachtwagens etc. Het paneel kan op een gladde oppervlakte worden gelijmd of in een (demontabel) frame worden geplaatst. Het paneel mag niet warmer worden dan 80 graden Celcius. Het is dus van belang dat er voldoende koeling door bijvoorbeeld ventilatie is en warmtegeleidende lijm of kit wordt gebruikt.<\/p>\n<p>Aan de WL4 SP-FF-100W zitten 2 kabels van 85cm met beide een helft van een m4 connector, 1x male en 1x female. Voor het aansluiten op kabels is nog 1x een volledige M4 connector nodig. De geschikte M4 connector is te vinden onder het tabblad &#8216;Gerelateerd&#8217;.<\/p>\n<p>Wie lange ein Ger\u00e4t mit einer Solaranlage betrieben werden kann, h\u00e4ngt unter anderem vom Verbrauch des Ger\u00e4ts, der Umgebungstemperatur, der Anzahl der Tageslichtstunden und Lichtintensit\u00e4t, der Kapazit\u00e4t des Solarpanels und der Batterie ab. Liefert dieses Solarpanel zu viel oder zu wenig Strom? Dar\u00fcber hinaus haben wir in unserem Online-Shop weitere Solarmodule und Komplettsets sowie alle Einzelkomponenten, um eine komplette Solaranlage selbst zusammenzustellen.<\/p>\n<p><strong>Wichtige Funktionen<\/strong><\/p>\n<ul>\n<li>100 Watt zonnepaneel 1200x540x19mm in aluminium frame<\/li>\n<li>1x M4-Stecker (1x Stecker und 1x Buchse)<\/li>\n<li>Polykristalline Zellen<\/li>\n<li>Maximaal 5.5Ah<\/li>\n<li>Maximal 18 VDC<\/li>\n<\/ul>\n<p><a href=\"https:\/\/www.webstore4ipcameras.nl\/Copyright\" target=\"_blank\" rel=\"noopener\"><span style=\"color: #ff6e03; font-size: 11px;\">\u00a9 Der Text ist urheberrechtlich gesch\u00fctzt<\/span><\/a><\/p>","protected":false},"excerpt":{"rendered":"<p>De WL4 SP-FF-100W is een 100 watt flexibel zonnepaneel. De WL4 SP-FF-100W levert maximaal 5.5Ah en 18VDC. Het lichte en flexibele paneel is uitermate geschikt voor mobiele toepassingen zoals op campers, boten, caravans, vrachtwagens etc. Het paneel kan op een gladde oppervlakte worden gelijmd of in een (demontabel) frame worden geplaatst. Het paneel mag niet<\/p>\n<div class=\"klb-readmore button\"><a class=\"btn link\" href=\"https:\/\/webstore4.com\/de\/product\/wl4-sp-ff-100w-100-watt-5-5a-zonnepaneel\/\">Mehr lesen <i class=\"klbth-icon-right-arrow\"><\/i><\/a><\/div>","protected":false},"featured_media":12847,"comment_status":"open","ping_status":"closed","template":"","meta":[],"pwb-brand":[3380],"product_cat":[4247,4248],"product_tag":[],"class_list":{"0":"post-9991","1":"product","2":"type-product","3":"status-publish","4":"has-post-thumbnail","6":"pwb-brand-wl4","7":"product_cat-duurzaamheid","8":"product_cat-zonnepanelen","9":"product_shipping_class-pakket","10":"pa_ampereuur-5-5a","11":"pa_garantie-2-jaar","12":"pa_merk-wl4","13":"pa_product-zonnepaneel","14":"pa_wattage-zonnepaneel-100-watt","16":"first","17":"onbackorder","18":"taxable","19":"shipping-taxable","20":"purchasable","21":"product-type-simple"},"brands":[{"id":3380,"name":"WL4","slug":"wl4"}],"_links":{"self":[{"href":"https:\/\/webstore4.com\/de\/wp-json\/wp\/v2\/product\/9991","targetHints":{"allow":["GET"]}}],"collection":[{"href":"https:\/\/webstore4.com\/de\/wp-json\/wp\/v2\/product"}],"about":[{"href":"https:\/\/webstore4.com\/de\/wp-json\/wp\/v2\/types\/product"}],"replies":[{"embeddable":true,"href":"https:\/\/webstore4.com\/de\/wp-json\/wp\/v2\/comments?post=9991"}],"wp:featuredmedia":[{"embeddable":true,"href":"https:\/\/webstore4.com\/de\/wp-json\/wp\/v2\/media\/12847"}],"wp:attachment":[{"href":"https:\/\/webstore4.com\/de\/wp-json\/wp\/v2\/media?parent=9991"}],"wp:term":[{"taxonomy":"pwb-brand","embeddable":true,"href":"https:\/\/webstore4.com\/de\/wp-json\/wp\/v2\/pwb-brand?post=9991"},{"taxonomy":"product_cat","embeddable":true,"href":"https:\/\/webstore4.com\/de\/wp-json\/wp\/v2\/product_cat?post=9991"},{"taxonomy":"product_tag","embeddable":true,"href":"https:\/\/webstore4.com\/de\/wp-json\/wp\/v2\/product_tag?post=9991"}],"curies":[{"name":"wp","href":"https:\/\/api.w.org\/{rel}","templated":true}]}}