{"id":9971,"date":"2021-08-02T12:33:44","date_gmt":"2021-08-02T10:33:44","guid":{"rendered":"https:\/\/webstore4.com\/\/?product=wl4-ct-pro-4-professionele-krimptang-voor-2-5mm-4mm-en-6mm-m4-zonne-energie-kabel-connectors"},"modified":"2024-04-19T15:13:18","modified_gmt":"2024-04-19T14:13:18","slug":"wl4-ct-pro-4-professionele-krimptang","status":"publish","type":"product","link":"https:\/\/webstore4.com\/de\/product\/wl4-ct-pro-4-professionele-krimptang\/","title":{"rendered":"WL4 CT-PRO-4 Professionelles Crimpwerkzeug f\u00fcr 2,5 mm, 4 mm und 6 mm M4-Solarkabelanschl\u00fcsse"},"content":{"rendered":"<p>Das WL4 CT-PRO-4 ist ein professionelles Crimpwerkzeug f\u00fcr 2,5 mm, 4 mm und 6 mm M4-Stecker, beispielsweise f\u00fcr Solarpanelkabel.<\/p>\n<p>Der WL4 CT-PRO-4 ist zum Crimpen spezifischer Kabel verschiedener Steckverbindertypen konzipiert, die beispielsweise in Solarenergiesystemen verwendet werden. Aufgrund ihrer Anwendung in Solarmodulen und ihrer spezifischen Anforderungen unterscheiden sich diese Steckverbinder h\u00e4ufig von herk\u00f6mmlichen elektrischen Steckverbindern.<\/p>\n<p><strong>Wichtige Funktionen<\/strong><\/p>\n<ul>\n<li>Kompatibel mit 2,5 mm, 4 mm und 6 mm M4-Steckern<\/li>\n<\/ul>\n<p><a href=\"https:\/\/www.webstore4ipcameras.nl\/Copyright\" target=\"_blank\" rel=\"noopener\"><span style=\"color: #ff6e03; font-size: 11px;\">\u00a9 Der Text ist urheberrechtlich gesch\u00fctzt<\/span><\/a><\/p>","protected":false},"excerpt":{"rendered":"<p>De WL4 CT-PRO-4 is een professionele krimptang voor 2.5mm, 4mm en 6mm M4 connectors voor bijvoorbeeld kabels van zonnepanelen. De WL4 CT-PRO-4 is ontworpen om specifieke kabels van verschillende soorten connectoren te krimpen die worden gebruikt in bijvoorbeeld zonne-energiesystemen. Deze connectoren zijn vaak anders dan standaard elektrische connectoren vanwege hun toepassing in zonnepanelen en hun<\/p>\n<div class=\"klb-readmore button\"><a class=\"btn link\" href=\"https:\/\/webstore4.com\/de\/product\/wl4-ct-pro-4-professionele-krimptang\/\">Mehr lesen <i class=\"klbth-icon-right-arrow\"><\/i><\/a><\/div>","protected":false},"featured_media":14360,"comment_status":"open","ping_status":"closed","template":"","meta":[],"pwb-brand":[3380],"product_cat":[3441,4203],"product_tag":[],"class_list":{"0":"post-9971","1":"product","2":"type-product","3":"status-publish","4":"has-post-thumbnail","6":"pwb-brand-wl4","7":"product_cat-benodigdheden","8":"product_cat-gereedschap","9":"product_shipping_class-pakket","10":"pa_merk-wl4","12":"first","13":"onbackorder","14":"taxable","15":"shipping-taxable","16":"purchasable","17":"product-type-simple"},"brands":[{"id":3380,"name":"WL4","slug":"wl4"}],"_links":{"self":[{"href":"https:\/\/webstore4.com\/de\/wp-json\/wp\/v2\/product\/9971","targetHints":{"allow":["GET"]}}],"collection":[{"href":"https:\/\/webstore4.com\/de\/wp-json\/wp\/v2\/product"}],"about":[{"href":"https:\/\/webstore4.com\/de\/wp-json\/wp\/v2\/types\/product"}],"replies":[{"embeddable":true,"href":"https:\/\/webstore4.com\/de\/wp-json\/wp\/v2\/comments?post=9971"}],"wp:featuredmedia":[{"embeddable":true,"href":"https:\/\/webstore4.com\/de\/wp-json\/wp\/v2\/media\/14360"}],"wp:attachment":[{"href":"https:\/\/webstore4.com\/de\/wp-json\/wp\/v2\/media?parent=9971"}],"wp:term":[{"taxonomy":"pwb-brand","embeddable":true,"href":"https:\/\/webstore4.com\/de\/wp-json\/wp\/v2\/pwb-brand?post=9971"},{"taxonomy":"product_cat","embeddable":true,"href":"https:\/\/webstore4.com\/de\/wp-json\/wp\/v2\/product_cat?post=9971"},{"taxonomy":"product_tag","embeddable":true,"href":"https:\/\/webstore4.com\/de\/wp-json\/wp\/v2\/product_tag?post=9971"}],"curies":[{"name":"wp","href":"https:\/\/api.w.org\/{rel}","templated":true}]}}