{"id":9947,"date":"2021-07-08T13:42:36","date_gmt":"2021-07-08T11:42:36","guid":{"rendered":"https:\/\/webstore4.com\/\/?product=wl4-u-mount-j7-w-universele-witte-montage-opbouwdoos-voor-cameras-van-verschillende-merken-voor-binnen-en-buiten"},"modified":"2024-06-24T16:14:03","modified_gmt":"2024-06-24T15:14:03","slug":"wl4-u-mount-j7-w-universele-witte-opbouwdoos","status":"publish","type":"product","link":"https:\/\/webstore4.com\/de\/product\/wl4-u-mount-j7-w-universele-witte-opbouwdoos\/","title":{"rendered":"WL4 U-MOUNT-J7-W universelle wei\u00dfe Montage-Aufputzdose f\u00fcr Kameras verschiedener Marken f\u00fcr den Innen- und Au\u00dfenbereich"},"content":{"rendered":"<p>De WL4 U-MOUNT-J7-W is een universele witte kunststof montage opbouwdoos voor bewakingscamera&#8217;s. De montage box is binnen en buiten te gebruiken en ideaal voor het veilig wegwerken van kabels en connectoren. De montagebox is te gebruiken voor alle merken en soorten camera&#8217;s, zoals bijvoorbeeld van Hikvision, Dahua, Safire, Nivian, Ezviz, Uniview, Axis, Mobotix, Samsung, Bosch, Foscam, FLIR, Pelco, Sony en vele andere merken beveiligingscamera&#8217;s. De aansluitdoos is volledig af te sluiten met een geschikte (optionele) deksel uit de U-MOUNT serie: U-MOUNT-BR50-W<span style=\"color: #2a3238; font-family: lato_regular,helvetica,sans-serif,arial; font-size: 14px;\"> oder\u00a0<\/span>U-MOUNT-BF50-W.<\/p>\n<p>Die universelle Aufputzdose verf\u00fcgt \u00fcber 4 Befestigungspunkte zur Montage an der Wand oder Decke.<\/p>\n<p>M\u00f6gliche Kameradurchmesser:<\/p>\n<ul>\n<li>\u00d8 56mm<\/li>\n<li>\u00d8 70mm<\/li>\n<li>\u00d8 84mm<\/li>\n<li>\u00d8 101mm<\/li>\n<\/ul>\n<p><strong>Wichtige Funktionen<\/strong><\/p>\n<ul>\n<li>Universal<\/li>\n<li>Plastik<\/li>\n<li>Kann drinnen und drau\u00dfen verwendet werden<\/li>\n<li>Viele verschiedene Montagem\u00f6glichkeiten und Kombinationen<\/li>\n<li>128x128x33mm<\/li>\n<\/ul>\n<p><a href=\"https:\/\/www.webstore4ipcameras.nl\/Copyright\" target=\"_blank\" rel=\"noopener\"><span style=\"color: #ff6e03; font-size: 11px;\">\u00a9 Der Text ist urheberrechtlich gesch\u00fctzt<\/span><\/a><\/p>","protected":false},"excerpt":{"rendered":"<p>De WL4 U-MOUNT-J7-W is een universele witte kunststof montage opbouwdoos voor bewakingscamera&#8217;s. De montage box is binnen en buiten te gebruiken en ideaal voor het veilig wegwerken van kabels en connectoren. De montagebox is te gebruiken voor alle merken en soorten camera&#8217;s, zoals bijvoorbeeld van Hikvision, Dahua, Safire, Nivian, Ezviz, Uniview, Axis, Mobotix, Samsung, Bosch,<\/p>\n<div class=\"klb-readmore button\"><a class=\"btn link\" href=\"https:\/\/webstore4.com\/de\/product\/wl4-u-mount-j7-w-universele-witte-opbouwdoos\/\">Mehr lesen <i class=\"klbth-icon-right-arrow\"><\/i><\/a><\/div>","protected":false},"featured_media":9948,"comment_status":"open","ping_status":"closed","template":"","meta":[],"pwb-brand":[3380],"product_cat":[4620],"product_tag":[],"class_list":{"0":"post-9947","1":"product","2":"type-product","3":"status-publish","4":"has-post-thumbnail","6":"pwb-brand-wl4","7":"product_cat-camera-toebehoren","8":"product_shipping_class-pakket","9":"pa_kleur-wit","10":"pa_materiaal-kunststof","11":"pa_merk-wl4","12":"pa_montage-opbouw","13":"pa_omgeving-binnen-en-buiten","14":"pa_product-montagebox","15":"pa_universeel-ja","17":"first","18":"instock","19":"taxable","20":"shipping-taxable","21":"purchasable","22":"product-type-simple"},"brands":[{"id":3380,"name":"WL4","slug":"wl4"}],"_links":{"self":[{"href":"https:\/\/webstore4.com\/de\/wp-json\/wp\/v2\/product\/9947","targetHints":{"allow":["GET"]}}],"collection":[{"href":"https:\/\/webstore4.com\/de\/wp-json\/wp\/v2\/product"}],"about":[{"href":"https:\/\/webstore4.com\/de\/wp-json\/wp\/v2\/types\/product"}],"replies":[{"embeddable":true,"href":"https:\/\/webstore4.com\/de\/wp-json\/wp\/v2\/comments?post=9947"}],"wp:featuredmedia":[{"embeddable":true,"href":"https:\/\/webstore4.com\/de\/wp-json\/wp\/v2\/media\/9948"}],"wp:attachment":[{"href":"https:\/\/webstore4.com\/de\/wp-json\/wp\/v2\/media?parent=9947"}],"wp:term":[{"taxonomy":"pwb-brand","embeddable":true,"href":"https:\/\/webstore4.com\/de\/wp-json\/wp\/v2\/pwb-brand?post=9947"},{"taxonomy":"product_cat","embeddable":true,"href":"https:\/\/webstore4.com\/de\/wp-json\/wp\/v2\/product_cat?post=9947"},{"taxonomy":"product_tag","embeddable":true,"href":"https:\/\/webstore4.com\/de\/wp-json\/wp\/v2\/product_tag?post=9947"}],"curies":[{"name":"wp","href":"https:\/\/api.w.org\/{rel}","templated":true}]}}