{"id":9945,"date":"2021-07-07T14:42:41","date_gmt":"2021-07-07T12:42:41","guid":{"rendered":"https:\/\/webstore4.com\/\/?product=wl4-u-mount-p21-universele-paal-montage-steun-voor-cameras-van-verschillende-merken-voor-binnen-en-buiten"},"modified":"2024-11-18T13:31:07","modified_gmt":"2024-11-18T12:31:07","slug":"wl4-u-mount-p21-universele-paal-steun","status":"publish","type":"product","link":"https:\/\/webstore4.com\/de\/product\/wl4-u-mount-p21-universele-paal-steun\/","title":{"rendered":"WL4 U-MOUNT-P21 universelle Mastmontagehalterung f\u00fcr Kameras verschiedener Marken f\u00fcr den Innen- und Au\u00dfenbereich"},"content":{"rendered":"<p>WL4 U-MOUNT-P21 Universal-Montagehalterung f\u00fcr eine Stange f\u00fcr Kameras verschiedener Marken f\u00fcr den Innen- und Au\u00dfenbereich. Die Halterung kann im Innen- und Au\u00dfenbereich verwendet werden und eignet sich ideal f\u00fcr die Montage einer Kamera an einem Mast. Die Unterst\u00fctzung kann f\u00fcr alle Marken und Arten von Kameras verwendet werden, wie z. B. Hikvision, Dahua, Safire, Nivian, Ezviz, Uniview, Axis, Mobotix, Samsung, Bosch, Foscam, FLIR, Pelco, Sony und viele andere Sicherheitskameramarken. s .<\/p>\n<p>M\u00f6gliche Pfostendurchmesser 50 \u2013 110 mm.<\/p>\n<p><strong>Wichtige Funktionen<\/strong><\/p>\n<ul>\n<li>Universal<\/li>\n<li>Metall<\/li>\n<li>Korrosionsschutz<\/li>\n<li>Kann drinnen und drau\u00dfen verwendet werden<\/li>\n<li>Viele verschiedene Montagem\u00f6glichkeiten und Kombinationen<\/li>\n<\/ul>\n<p><a href=\"https:\/\/www.webstore4ipcameras.nl\/Copyright\" target=\"_blank\" rel=\"noopener\"><span style=\"color: #ff6e03; font-size: 11px;\">\u00a9 Der Text ist urheberrechtlich gesch\u00fctzt<\/span><\/a><\/p>","protected":false},"excerpt":{"rendered":"<p>WL4 U-MOUNT-P21 universele montage steun voor aan een paal voor camera&#8217;s van verschillende merken voor binnen en buiten. De steun is binnen en buiten te gebruiken en ideaal voor het monteren van een camera aan een paal. De steun is te gebruiken voor alle merken en soorten camera&#8217;s, zoals bijvoorbeeld van Hikvision, Dahua, Safire, Nivian,<\/p>\n<div class=\"klb-readmore button\"><a class=\"btn link\" href=\"https:\/\/webstore4.com\/de\/product\/wl4-u-mount-p21-universele-paal-steun\/\">Mehr lesen <i class=\"klbth-icon-right-arrow\"><\/i><\/a><\/div>","protected":false},"featured_media":14020,"comment_status":"open","ping_status":"closed","template":"","meta":[],"pwb-brand":[3380],"product_cat":[4620],"product_tag":[],"class_list":{"0":"post-9945","1":"product","2":"type-product","3":"status-publish","4":"has-post-thumbnail","6":"pwb-brand-wl4","7":"product_cat-camera-toebehoren","8":"product_shipping_class-pakket","9":"pa_kleur-metaal","10":"pa_materiaal-metaal","11":"pa_merk-wl4","12":"pa_montage-opbouw","13":"pa_omgeving-binnen-en-buiten","14":"pa_product-paalbeugel","15":"pa_universeel-ja","17":"first","18":"instock","19":"taxable","20":"shipping-taxable","21":"purchasable","22":"product-type-simple"},"brands":[{"id":3380,"name":"WL4","slug":"wl4"}],"_links":{"self":[{"href":"https:\/\/webstore4.com\/de\/wp-json\/wp\/v2\/product\/9945","targetHints":{"allow":["GET"]}}],"collection":[{"href":"https:\/\/webstore4.com\/de\/wp-json\/wp\/v2\/product"}],"about":[{"href":"https:\/\/webstore4.com\/de\/wp-json\/wp\/v2\/types\/product"}],"replies":[{"embeddable":true,"href":"https:\/\/webstore4.com\/de\/wp-json\/wp\/v2\/comments?post=9945"}],"wp:featuredmedia":[{"embeddable":true,"href":"https:\/\/webstore4.com\/de\/wp-json\/wp\/v2\/media\/14020"}],"wp:attachment":[{"href":"https:\/\/webstore4.com\/de\/wp-json\/wp\/v2\/media?parent=9945"}],"wp:term":[{"taxonomy":"pwb-brand","embeddable":true,"href":"https:\/\/webstore4.com\/de\/wp-json\/wp\/v2\/pwb-brand?post=9945"},{"taxonomy":"product_cat","embeddable":true,"href":"https:\/\/webstore4.com\/de\/wp-json\/wp\/v2\/product_cat?post=9945"},{"taxonomy":"product_tag","embeddable":true,"href":"https:\/\/webstore4.com\/de\/wp-json\/wp\/v2\/product_tag?post=9945"}],"curies":[{"name":"wp","href":"https:\/\/api.w.org\/{rel}","templated":true}]}}