{"id":9933,"date":"2021-07-04T17:57:01","date_gmt":"2021-07-04T15:57:01","guid":{"rendered":"https:\/\/webstore4.com\/\/?product=dahua-nvr4208-8p-4ks2l-8-kanaals-poe-4k-ultra-hd-netwerk-video-recorder"},"modified":"2025-03-25T17:54:20","modified_gmt":"2025-03-25T16:54:20","slug":"dahua-nvr4208-8p-4ks2l-8-kanaals-poe-4k-ultra-hd-netwerk-video-recorder","status":"publish","type":"product","link":"https:\/\/webstore4.com\/de\/product\/dahua-nvr4208-8p-4ks2l-8-kanaals-poe-4k-ultra-hd-netwerk-video-recorder\/","title":{"rendered":"Dahua NVR4208-8P-4KS2\/L 8-Kanal-PoE-4K-Ultra-HD-Netzwerk-Videorecorder"},"content":{"rendered":"<p>Der Dahua NVR4208-8P-4KS2\/L ist ein 4K-Ultra-HD-PoE-Netzwerkvideorecorder (NVR), an den 8 IP-Kameras zur Aufzeichnung und Verwaltung von HD-Kamerabildern angeschlossen werden k\u00f6nnen. Aufgrund seiner gro\u00dfen Funktionalit\u00e4t, einfachen Installation und hohen Benutzerfreundlichkeit eignet sich der NVR ideal f\u00fcr den Einsatz in Privathaushalten, Gesch\u00e4ften und Unternehmen. Der Dahua NVR4208-8P-4KS2\/L ist der Nachfolger des Dahua NVR4208-8P-4KS2.<\/p>\n<p>Nur ein St\u00fcck verf\u00fcgbar.<\/p>\n<p><strong>M\u00f6glichkeiten<\/strong><\/p>\n<p>Maximal 8 4K Ultra HD IP-Kameras k\u00f6nnen kabelgebunden an den NVR angeschlossen werden. Der Dahua NVR4208-8P-4KS2\/L verf\u00fcgt \u00fcber 8 PoE-Ports, sodass die angeschlossenen Kameras auch \u00fcber 1 Netzwerkkabel mit Strom versorgt werden. Dies macht die Installation sehr einfach. Der NVR kann eigenst\u00e4ndig arbeiten, kann aber auch mit dem Netzwerk verbunden werden. Auf den NVR kann dann \u00fcber einen Webbrowser, die Dahua-Videoverwaltungssoftware und mit der kostenlosen Dahua-App f\u00fcr Smartphone und Tablet zugegriffen werden.<\/p>\n<p>Der NVR verf\u00fcgt \u00fcber einen HDMI- und VGA-Ausgang mit einer maximalen Aufl\u00f6sung von 3840 x 2160 (4K Ultra HD) zum Anschluss an einen normalen Fernseher, unter anderem zur Bildanzeige. Au\u00dferdem gibt es einen USB-Anschluss, um beispielsweise eine Maus anzuschlie\u00dfen.<\/p>\n<p><strong>Festplatten<\/strong><\/p>\n<p>Der Dahua NVR4208-8P-4KS2\/L unterst\u00fctzt zwei 3,5-Zoll-Festplatten mit jeweils bis zu 10 Terabyte. Der Dahua NVR4208-8P-4KS2\/L wird standardm\u00e4\u00dfig mitgeliefert <u>ohne<\/u> eine Festplatte. In unserem Online-Shop verkaufen wir Western Digital Purple-Festplatten f\u00fcr diesen Rekorder, die speziell f\u00fcr \u00dcberwachungszwecke rund um die Uhr konzipiert sind.<\/p>\n<p>Unter dem Reiter \u201eDokumentation\u201c gibt es einen Link zum Datenblatt und zur Produktseite des Herstellers mit allen Spezifikationen.<\/p>\n<p><strong>Wichtigste Funktionen<\/strong><\/p>\n<ul>\n<li>Geeignet f\u00fcr 8 kabelgebundene IP-Kameras<\/li>\n<li>Geeignet f\u00fcr Dahua-Kameras mit intelligenten Erkennungsfunktionen (IVS und SMD)<\/li>\n<li>Geeignet f\u00fcr 3840\u00d72160 4K Ultra HD-Aufl\u00f6sung<\/li>\n<li>H.265+ High Efficiency Video Codec (HEVC)<\/li>\n<li>Funktioniert mit IP-Kameras anderer Marken<\/li>\n<li>Audio- und Alarmeingang\/-ausgang<\/li>\n<li>HDMI\/VGA-Ausgang<\/li>\n<li>Plug<\/li>\n<li>8 PoE 802.3af\/at RJ45-Ports<\/li>\n<\/ul>\n<p><a href=\"https:\/\/webstore4.com\/Copyright\/\" target=\"_blank\" rel=\"noopener\"><span style=\"color: #ff6e03; font-size: 11px;\">\u00a9 Der Text ist urheberrechtlich gesch\u00fctzt<\/span><\/a><\/p>","protected":false},"excerpt":{"rendered":"<p>Der Dahua NVR4208-8P-4KS2\/L ist ein 4K-Ultra-HD-PoE-Netzwerkvideorecorder (NVR), an den 8 IP-Kameras zur Aufzeichnung und Verwaltung von HD-Kamerabildern angeschlossen werden k\u00f6nnen. Aufgrund seiner gro\u00dfen Funktionalit\u00e4t, einfachen Installation und hohen Benutzerfreundlichkeit eignet sich der NVR ideal f\u00fcr den Einsatz in Privathaushalten, Gesch\u00e4ften und Unternehmen. Der Dahua NVR4208-8P-4KS2\/L ist der Nachfolger des Dahua NVR4208-8P-4KS2.<\/p>\n<div class=\"klb-readmore button\"><a class=\"btn link\" href=\"https:\/\/webstore4.com\/de\/product\/dahua-nvr4208-8p-4ks2l-8-kanaals-poe-4k-ultra-hd-netwerk-video-recorder\/\">Mehr lesen <i class=\"klbth-icon-right-arrow\"><\/i><\/a><\/div>","protected":false},"featured_media":15624,"comment_status":"open","ping_status":"closed","template":"","meta":[],"pwb-brand":[3376],"product_cat":[3441,4210],"product_tag":[],"class_list":{"0":"post-9933","1":"product","2":"type-product","3":"status-publish","4":"has-post-thumbnail","6":"pwb-brand-dahua","7":"product_cat-benodigdheden","8":"product_cat-recorders-opslagmedia-benodigdheden","9":"product_shipping_class-pakket","10":"pa_aanbieding-opop","11":"pa_aantal-poe-poorten-3936","12":"pa_harddisk-type-2-x-3-5-inch-max-10tb","13":"pa_maximaal-ip-camera-kanalen-3646","14":"pa_maximum-aantal-harddisks-3647","15":"pa_merk-dahua","16":"pa_omgeving-binnen","17":"pa_poe-802-3af-at","18":"pa_product-nvr","19":"pa_product-status-a","20":"pa_rj45-lan-aansluiting-1x-101001000","21":"pa_voeding-230vac","23":"first","24":"instock","25":"sale","26":"taxable","27":"shipping-taxable","28":"purchasable","29":"product-type-simple"},"brands":[{"id":3376,"name":"Dahua","slug":"dahua"}],"_links":{"self":[{"href":"https:\/\/webstore4.com\/de\/wp-json\/wp\/v2\/product\/9933","targetHints":{"allow":["GET"]}}],"collection":[{"href":"https:\/\/webstore4.com\/de\/wp-json\/wp\/v2\/product"}],"about":[{"href":"https:\/\/webstore4.com\/de\/wp-json\/wp\/v2\/types\/product"}],"replies":[{"embeddable":true,"href":"https:\/\/webstore4.com\/de\/wp-json\/wp\/v2\/comments?post=9933"}],"wp:featuredmedia":[{"embeddable":true,"href":"https:\/\/webstore4.com\/de\/wp-json\/wp\/v2\/media\/15624"}],"wp:attachment":[{"href":"https:\/\/webstore4.com\/de\/wp-json\/wp\/v2\/media?parent=9933"}],"wp:term":[{"taxonomy":"pwb-brand","embeddable":true,"href":"https:\/\/webstore4.com\/de\/wp-json\/wp\/v2\/pwb-brand?post=9933"},{"taxonomy":"product_cat","embeddable":true,"href":"https:\/\/webstore4.com\/de\/wp-json\/wp\/v2\/product_cat?post=9933"},{"taxonomy":"product_tag","embeddable":true,"href":"https:\/\/webstore4.com\/de\/wp-json\/wp\/v2\/product_tag?post=9933"}],"curies":[{"name":"wp","href":"https:\/\/api.w.org\/{rel}","templated":true}]}}