{"id":9925,"date":"2021-07-01T13:08:35","date_gmt":"2021-07-01T11:08:35","guid":{"rendered":"https:\/\/webstore4.com\/\/?product=wl4-bdos-led-s-realistische-dummy-zonnepaneel-beveiligingscamera-voor-buiten-en-knipperende-led"},"modified":"2024-04-19T15:13:07","modified_gmt":"2024-04-19T14:13:07","slug":"wl4-bdos-led-s-dummy-zonnepaneel-beveiligingscamera","status":"publish","type":"product","link":"https:\/\/webstore4.com\/de\/product\/wl4-bdos-led-s-dummy-zonnepaneel-beveiligingscamera\/","title":{"rendered":"WL4 BDOS-LED-S realistische Dummy-Solarpanel-\u00dcberwachungskamera f\u00fcr den Au\u00dfenbereich mit blinkender LED"},"content":{"rendered":"<p>De WL4 BDOS-LED-S is een realistische dummy beveiligingscamera. Dankzij de aluminium kleur van de WL4 BDOS-LED-S is de nepcamera op afstand moeilijk van een echte camera te onderscheiden. De WL4 BDOS-LED-S heeft een werkende rood knipperende LED lamp die wordt gevoed door het zonlicht. Het zonnepaneel bevind zich boven op de camera.<\/p>\n<p>De WL4 BDOS-LED-S is gemakkelijk te monteren aan een wand.<\/p>\n<p><strong>Hauptmerkmale<\/strong><\/p>\n<ul>\n<li>Realistischer Look<\/li>\n<li>Plastik<\/li>\n<li>Rood knipperende led lamp<\/li>\n<li>Sonnenkollektor<\/li>\n<li>Werkt op 2 x AAA oplaadbare batterijen (niet inbegrepen)<\/li>\n<li>Leicht zusammenzubauen<\/li>\n<\/ul>\n<p><a href=\"https:\/\/webstore4.com\/Copyright\/\" target=\"_blank\" rel=\"noopener\"><span style=\"color: #ff6e03; font-size: 11px;\">\u00a9 Der Text ist urheberrechtlich gesch\u00fctzt<\/span><\/a><\/p>","protected":false},"excerpt":{"rendered":"<p>De WL4 BDOS-LED-S is een realistische dummy beveiligingscamera. Dankzij de aluminium kleur van de WL4 BDOS-LED-S is de nepcamera op afstand moeilijk van een echte camera te onderscheiden. De WL4 BDOS-LED-S heeft een werkende rood knipperende LED lamp die wordt gevoed door het zonlicht. Het zonnepaneel bevind zich boven op de camera. De WL4 BDOS-LED-S<\/p>\n<div class=\"klb-readmore button\"><a class=\"btn link\" href=\"https:\/\/webstore4.com\/de\/product\/wl4-bdos-led-s-dummy-zonnepaneel-beveiligingscamera\/\">Mehr lesen <i class=\"klbth-icon-right-arrow\"><\/i><\/a><\/div>","protected":false},"featured_media":9926,"comment_status":"open","ping_status":"closed","template":"","meta":[],"pwb-brand":[3380],"product_cat":[4184,4251],"product_tag":[],"class_list":{"0":"post-9925","1":"product","2":"type-product","3":"status-publish","4":"has-post-thumbnail","6":"pwb-brand-wl4","7":"product_cat-cameras","8":"product_cat-dummy-cameras-cameras","9":"product_shipping_class-pakket","10":"pa_merk-wl4","12":"first","13":"instock","14":"taxable","15":"shipping-taxable","16":"purchasable","17":"product-type-simple"},"brands":[{"id":3380,"name":"WL4","slug":"wl4"}],"_links":{"self":[{"href":"https:\/\/webstore4.com\/de\/wp-json\/wp\/v2\/product\/9925","targetHints":{"allow":["GET"]}}],"collection":[{"href":"https:\/\/webstore4.com\/de\/wp-json\/wp\/v2\/product"}],"about":[{"href":"https:\/\/webstore4.com\/de\/wp-json\/wp\/v2\/types\/product"}],"replies":[{"embeddable":true,"href":"https:\/\/webstore4.com\/de\/wp-json\/wp\/v2\/comments?post=9925"}],"wp:featuredmedia":[{"embeddable":true,"href":"https:\/\/webstore4.com\/de\/wp-json\/wp\/v2\/media\/9926"}],"wp:attachment":[{"href":"https:\/\/webstore4.com\/de\/wp-json\/wp\/v2\/media?parent=9925"}],"wp:term":[{"taxonomy":"pwb-brand","embeddable":true,"href":"https:\/\/webstore4.com\/de\/wp-json\/wp\/v2\/pwb-brand?post=9925"},{"taxonomy":"product_cat","embeddable":true,"href":"https:\/\/webstore4.com\/de\/wp-json\/wp\/v2\/product_cat?post=9925"},{"taxonomy":"product_tag","embeddable":true,"href":"https:\/\/webstore4.com\/de\/wp-json\/wp\/v2\/product_tag?post=9925"}],"curies":[{"name":"wp","href":"https:\/\/api.w.org\/{rel}","templated":true}]}}