{"id":9918,"date":"2021-06-30T18:19:26","date_gmt":"2021-06-30T16:19:26","guid":{"rendered":"https:\/\/webstore4.com\/\/?product=dahua-vto4202f-p-s2-ip-video-intercom-camera-hoofd-module-2-draads-aansluiting-of-netwerkabel"},"modified":"2025-02-19T05:22:08","modified_gmt":"2025-02-19T04:22:08","slug":"dahua-vto4202f-p-s2-ip-video-intercom-camera-hoofd-module","status":"publish","type":"product","link":"https:\/\/webstore4.com\/de\/product\/dahua-vto4202f-p-s2-ip-video-intercom-camera-hoofd-module\/","title":{"rendered":"Dahua VTO4202F-P-S2 IP-Video-Gegensprechkamera-Hauptmodul (2-Draht-Verbindung oder Netzwerkkabel)"},"content":{"rendered":"<p>Das Dahua VTO4202F-P-S2 ist ein 2-Megapixel-Full-HD-Kameramodul f\u00fcr das modulare IP-Video-T\u00fcrklingelsystem der 2. Generation von Dahua. Das Kameramodul ist ein Hauptmodul ohne Ruftaste und kann mit einem Netzwerkkabel oder mit zwei Adern angeschlossen und mit Strom versorgt werden. Der VTO4202F-P-S2 muss mit anderen Modulen kombiniert werden.<\/p>\n<p><strong>M\u00f6glichkeiten<\/strong><\/p>\n<p>Die Kamera hat einen sehr weiten Betrachtungswinkel von 168,6 Grad horizontal und verf\u00fcgt \u00fcber einen 2-Megapixel-Full-HD-Bildsensor. F\u00fcr gute Sichtbarkeit im Dunkeln ist das Modul mit Infrarot-LED-Licht ausgestattet. Der VTO4202F-P-S2 verf\u00fcgt \u00fcber ein Mikrofon und einen Lautsprecher f\u00fcr einen klaren Videoanruf \u00fcber einen Innenmonitor oder \u00fcberall auf der Welt mit der App auf Ihrem Smartphone. Das Modul kann an ein Elektroschloss oder beispielsweise einen Elektrozaun angeschlossen werden, um eine T\u00fcr oder ein Tor fernzusteuern.<\/p>\n<p>Das Kameramodul funktioniert nur mit einem Intercom-Innenmonitor und kann auch mit der Smartphone-App verwendet werden. Der VTO4202F-P-S2 kann daher nicht eigenst\u00e4ndig ohne Intercom-Monitor und nur mit der App arbeiten.<\/p>\n<p><strong>Montage<\/strong><\/p>\n<p>Der Dahua VTO4202F-P-S2 besteht aus robustem Aluminium und Kunststoff und ist vandalensicher (IK07). Die gesamte Au\u00dfenstation muss mit dem Geh\u00e4use VTM127 (2 Module) oder VTM128 (3 Module) eingebaut oder montiert werden. VTM127 und VTM128 sind nicht im Lieferumfang enthalten und k\u00f6nnen separat bestellt werden. F\u00fcr VTM127 und VTM128 ist eine Frontplatte VTM125 (f\u00fcr VTM127) oder VTM126 (f\u00fcr VTM128) erforderlich. Das Geh\u00e4use kann horizontal oder vertikal montiert werden.<\/p>\n<p>Der VTO4202F-P-S2 wird mit einem Netzwerkkabel an das Netzwerk angeschlossen und kann mit 802.3af P0E betrieben werden. Der Dahua VTO4202F-P-S2 kann auch mit einer Zweidrahtverbindung an den Dahua VTNS2003B-2 Switch (nicht im Lieferumfang enthalten) angeschlossen und so mit Strom versorgt und an das Netzwerk und einen Intercom-Monitor angeschlossen werden. Kabel sind nicht im Lieferumfang enthalten.<\/p>\n<p>Unter dem Reiter \u201eDokumentation\u201c gibt es einen Link zur Produktseite des Herstellers inklusive Handbuch und Ma\u00dfdokumentation sowie einen Link zum Datenblatt mit allen Spezifikationen.<\/p>\n<p><strong>Wichtigste Funktionen<\/strong><\/p>\n<ul>\n<li>2-Megapixel-Full-HD-CMOS-Kamera<\/li>\n<li>168,6 Grad horizontaler Betrachtungswinkel<\/li>\n<li>Infrarot-Nachtsicht<\/li>\n<li>Es besteht die M\u00f6glichkeit, vom Besucher eine Video- und Audionachricht zu hinterlassen<\/li>\n<li>Aluminium, spritzwassergesch\u00fctzt (IP65, Dichtmittel erforderlich) und vandalensicher (IK07)<\/li>\n<li>P2P-Verbindung, daher ist keine Portweiterleitung erforderlich<\/li>\n<li>SIP-Protokoll<\/li>\n<li>T\u00fcren aus der Ferne \u00f6ffnen<\/li>\n<li>Alarmausgang<\/li>\n<li>Manipulationsschalter<\/li>\n<li>Eingang f\u00fcr Ausgangstaste und Eingang f\u00fcr den T\u00fcrstatus<\/li>\n<li>Eingebautes NO\/NC-T\u00fcrrelais<\/li>\n<li>RS485-Ausgang f\u00fcr Sicherheitsrelais Dahua DEE1010B (nicht im Lieferumfang enthalten)<\/li>\n<li>12VDC\/100mA Ausgang<\/li>\n<li>Stromversorgung und Signal \u00fcber 1 Netzwerkkabel (PoE) oder zweiadriges Kabel<\/li>\n<li>Aufputz oder Einbau<\/li>\n<li>Maximal 9 Module<\/li>\n<\/ul>\n<p><a href=\"https:\/\/webstore4.com\/Copyright\/\" target=\"_blank\" rel=\"noopener\"><span style=\"color: #ff6e03; font-size: 11px;\">\u00a9 Der Text ist urheberrechtlich gesch\u00fctzt<\/span><\/a><\/p>","protected":false},"excerpt":{"rendered":"<p>Das Dahua VTO4202F-P-S2 ist ein 2-Megapixel-Full-HD-Kameramodul f\u00fcr das modulare IP-Video-T\u00fcrklingelsystem der 2. Generation von Dahua. Das Kameramodul ist ein Hauptmodul ohne Ruftaste und kann mit einem Netzwerkkabel oder mit zwei Adern angeschlossen und mit Strom versorgt werden. Der VTO4202F-P-S2 muss mit anderen Modulen kombiniert werden.<\/p>\n<div class=\"klb-readmore button\"><a class=\"btn link\" href=\"https:\/\/webstore4.com\/de\/product\/dahua-vto4202f-p-s2-ip-video-intercom-camera-hoofd-module\/\">Mehr lesen <i class=\"klbth-icon-right-arrow\"><\/i><\/a><\/div>","protected":false},"featured_media":9919,"comment_status":"open","ping_status":"closed","template":"","meta":[],"pwb-brand":[3376],"product_cat":[4178,4179,4227,4259],"product_tag":[],"class_list":{"0":"post-9918","1":"product","2":"type-product","3":"status-publish","4":"has-post-thumbnail","6":"pwb-brand-dahua","7":"product_cat-intercom","8":"product_cat-dahua-ip-video","9":"product_cat-series-intercom","10":"product_cat-dahua-2nd-generation","11":"product_shipping_class-pakket","12":"pa_aansluiting-2-draads","13":"pa_aansluiting-netwerk-kabel","14":"pa_audio-microfoon-speaker","15":"pa_beeldhoek-graden-horizontaal-168-6","16":"pa_draadloos-nee","17":"pa_kaartlezer-nee","18":"pa_kleur-grijs","19":"pa_materiaal-aluminium","20":"pa_materiaal-kunststof","21":"pa_megapixel-2mp","22":"pa_merk-dahua","23":"pa_mobiele-app-fabrikant-ja","24":"pa_montage-inbouw","25":"pa_montage-opbouw","26":"pa_nachtzicht-ja","27":"pa_omgeving-binnen-en-buiten","28":"pa_poe-802-3af","29":"pa_poe-poe-switch","30":"pa_product-buitenpost","31":"pa_product-status-a","32":"pa_stand-alone-nee","33":"pa_vandaalbestendig-ik07","34":"pa_voeding-poe","35":"pa_voeding-vtns2003b-2","37":"first","38":"onbackorder","39":"taxable","40":"shipping-taxable","41":"purchasable","42":"product-type-simple"},"brands":[{"id":3376,"name":"Dahua","slug":"dahua"}],"_links":{"self":[{"href":"https:\/\/webstore4.com\/de\/wp-json\/wp\/v2\/product\/9918","targetHints":{"allow":["GET"]}}],"collection":[{"href":"https:\/\/webstore4.com\/de\/wp-json\/wp\/v2\/product"}],"about":[{"href":"https:\/\/webstore4.com\/de\/wp-json\/wp\/v2\/types\/product"}],"replies":[{"embeddable":true,"href":"https:\/\/webstore4.com\/de\/wp-json\/wp\/v2\/comments?post=9918"}],"wp:featuredmedia":[{"embeddable":true,"href":"https:\/\/webstore4.com\/de\/wp-json\/wp\/v2\/media\/9919"}],"wp:attachment":[{"href":"https:\/\/webstore4.com\/de\/wp-json\/wp\/v2\/media?parent=9918"}],"wp:term":[{"taxonomy":"pwb-brand","embeddable":true,"href":"https:\/\/webstore4.com\/de\/wp-json\/wp\/v2\/pwb-brand?post=9918"},{"taxonomy":"product_cat","embeddable":true,"href":"https:\/\/webstore4.com\/de\/wp-json\/wp\/v2\/product_cat?post=9918"},{"taxonomy":"product_tag","embeddable":true,"href":"https:\/\/webstore4.com\/de\/wp-json\/wp\/v2\/product_tag?post=9918"}],"curies":[{"name":"wp","href":"https:\/\/api.w.org\/{rel}","templated":true}]}}