{"id":9913,"date":"2021-06-30T17:39:27","date_gmt":"2021-06-30T15:39:27","guid":{"rendered":"https:\/\/webstore4.com\/\/?product=dahua-ktd01s-complete-2-wire-opbouw-ip-video-deurbel-intercom-kit-met-vto2202f-p-s2-vth5422hw-en-vtns2003b-2"},"modified":"2025-02-19T05:22:08","modified_gmt":"2025-02-19T04:22:08","slug":"dahua-ktd01ls-complete-2-wire-opbouw-ip-video-deurbel-intercom-kit","status":"publish","type":"product","link":"https:\/\/webstore4.com\/de\/product\/dahua-ktd01ls-complete-2-wire-opbouw-ip-video-deurbel-intercom-kit\/","title":{"rendered":"Dahua KTD01L(S) complete 2-wire opbouw IP video deurbel intercom kit met VTO2202F-P-S2, VTH5422HW en VTNS1001B-2"},"content":{"rendered":"<p>De Dahua KTD01L(S) is een complete opbouw 2-wire IP video deurbel kit met een<span style=\"color: #ff6600;\"> <a style=\"color: #ff6600;\" href=\"https:\/\/webstore4.com\/dahua-vto2202f-p-s2-ip-video-intercom-buiten-station\/\" target=\"_blank\" rel=\"noopener\"><span style=\"color: #ff9900;\">VTO2202F-P-S2 buiten station<\/span><\/a><\/span> und ein <span style=\"color: #ff9900;\"><a style=\"color: #ff9900;\" href=\"https:\/\/webstore4.com\/dahua-vth5422hw-ip-video-intercom-binnen-monitor-2-draads-en-netwerkkabel-aansluiting-met-poe\/\" target=\"_blank\" rel=\"noopener\">VTH5422HW binnen monitor<\/a><\/span> met een witte behuizing. De kit wordt geleverd met een Dahua<span style=\"color: #ff9900;\"> <a style=\"color: #ff9900;\" href=\"https:\/\/webstore4.com\/dahua-vtns1001b-2-a-ip-video-intercom-switch-2-draads-aansluiting\/\">VTNS1001B-2 2-wire switch<\/a><\/span> (inclusief voeding adapter) en een <span style=\"color: #ff9900;\"><a style=\"color: #ff9900;\" href=\"https:\/\/webstore4.com\/dahua-vtm115-ip-video-intercom-opbouw-behuizing-voor-buiten-station-vto2202f-en-vto2202f-p\/\" target=\"_blank\" rel=\"noopener\">VTM115 Aufputzgeh\u00e4use<\/a><\/span> f\u00fcr die Au\u00dfenstation. Es gibt auch das komplette Kit <span style=\"color: #ff9900;\"><a style=\"color: #ff9900;\" href=\"https:\/\/webstore4.com\/benodigdheden\/netwerkkabels\/\">kabel <\/a><\/span>erforderlich und ein PC oder Mac f\u00fcr die einmalige Systemeinrichtung.<\/p>\n<p>De Dahua VTO2202F-P-S2 is een 2 megapixel Full HD IP video intercom buiten station met een netwerkkabel aansluiting met PoE ondersteuning en een 2-wire aansluiting. De camera heeft een zeer brede beeldhoek van 160 graden horizontaal en heeft een 2 megapixel Full HD beeldsensor. Het buiten station is voorzien van infrarood LED licht voor goed zicht in het donker. Uiteraard beschikt de VTO2202F-P-S2 over een microfoon en luidspreker voor een helder video gesprek via een binnen monitor of overal ter wereld met de app op uw smartphone. Het buiten station kan worden verbonden met een elektrische deurvergrendeling om op afstand deuren te ontgrendelen.<\/p>\n<p>Der Dahua VTH5422HB ist ein 7-Zoll-Innenmonitor mit einem Glas-Touchscreen-Farbbildschirm mit Zweidrahtanschluss oder Netzwerkkabelanschluss zur Verwendung mit der Dahua IP-Video-Gegensprechanlage. Durch den 2-Draht-Anschluss eignet sich der Monitor hervorragend zum Austausch einer alten Klingel- oder Gegensprechanlage. Die vorhandenen 2 Dr\u00e4hte\/Adern k\u00f6nnen sowohl f\u00fcr das Audio-\/Videosignal als auch f\u00fcr die Stromversorgung des Monitors wiederverwendet werden. Dadurch ist ein Upgrade von einer alten Wohnungst\u00fcrklingel-Gegensprechanlage auf eine vollst\u00e4ndig IP-Video-Gegensprechanlage einfach, g\u00fcnstig und schnell m\u00f6glich.<\/p>\n<p>Der Dahua VTNS2003B-2 ist ein IP-Video-Intercom-Switch zur Verwendung mit den Intercom-Innenmonitoren Dahua VTH5422HB\/HW, der Au\u00dfenstation VTO2202F-P-S2 oder dem Kamera-Intercom-Modul VTO4202F-P-S2. Durch den 2-Draht-Anschluss der Monitore und Au\u00dfenstationen an den Schalter eignet sich dieses System hervorragend zum Austausch einer alten Wohnungsklingel oder Gegensprechanlage. Die vorhandenen 2 Adern\/Adern k\u00f6nnen sowohl f\u00fcr das Audio-\/Videosignal als auch f\u00fcr die Stromversorgung des Monitors wiederverwendet werden. Dadurch ist ein Upgrade von einer alten Wohnungst\u00fcrklingel-Gegensprechanlage auf eine vollst\u00e4ndig IP-Video-Gegensprechanlage einfach, g\u00fcnstig und schnell m\u00f6glich.<\/p>\n<p>Das Dahua VTM115 ist ein Aufputzgeh\u00e4use f\u00fcr die Au\u00dfenstationen VTO2202F und VTO2202F-P.<\/p>\n<p>Das Netzwerkkabel ist in diesem Kit nicht enthalten, kann aber unter der Kategorie \u201e<span style=\"color: #ff9900;\"><a style=\"color: #ff9900;\" href=\"https:\/\/webstore4.com\/netwerk\/netwerkkabels\/\" target=\"_blank\" rel=\"noopener\">Netzwerkkabel<\/a><\/span>\u2018.<br \/>\nF\u00fcr eine detailliertere Beschreibung der einzelnen Produkte verweisen wir auf die Produkte selbst. Wir empfehlen au\u00dferdem, die Produktseite und das Datenblatt zu konsultieren, die unter der Registerkarte \u201eDokumentation\u201c enthalten sind.<\/p>\n<p><strong>Wichtige Funktionen<\/strong><\/p>\n<ul>\n<li>Komplettset zur Selbstmontage<\/li>\n<li>Kostenlose Software und mobile App<\/li>\n<li>SIP-Protokoll-Firmware<\/li>\n<li>Einfach zu erweitern<\/li>\n<li>Gegenseitige Audiokonversation zwischen Monitoren m\u00f6glich<\/li>\n<li>Der Anschluss einer eigenen (vorhandenen) T\u00fcrklingel ist m\u00f6glich<\/li>\n<li>Anschluss von 2 Elektroschl\u00f6ssern m\u00f6glich<\/li>\n<\/ul>\n<p><a href=\"https:\/\/webstore4.com\/Copyright\/\" target=\"_blank\" rel=\"noopener\"><span style=\"color: #ff6e03; font-size: 11px;\">\u00a9 Der Text ist urheberrechtlich gesch\u00fctzt<\/span><\/a><\/p>","protected":false},"excerpt":{"rendered":"<p>De Dahua KTD01L(S) is een complete opbouw 2-wire IP video deurbel kit met een VTO2202F-P-S2 buiten station en een VTH5422HW binnen monitor met een witte behuizing. De kit wordt geleverd met een Dahua VTNS1001B-2 2-wire switch (inclusief voeding adapter) en een VTM115 opbouwbehuizing voor het buiten station. Er is naast de complete kit nog kabel<\/p>\n<div class=\"klb-readmore button\"><a class=\"btn link\" href=\"https:\/\/webstore4.com\/de\/product\/dahua-ktd01ls-complete-2-wire-opbouw-ip-video-deurbel-intercom-kit\/\">Mehr lesen <i class=\"klbth-icon-right-arrow\"><\/i><\/a><\/div>","protected":false},"featured_media":9914,"comment_status":"open","ping_status":"closed","template":"","meta":[],"pwb-brand":[3376],"product_cat":[4178,4179],"product_tag":[],"class_list":{"0":"post-9913","1":"product","2":"type-product","3":"status-publish","4":"has-post-thumbnail","6":"pwb-brand-dahua","7":"product_cat-intercom","8":"product_cat-dahua-ip-video","9":"product_shipping_class-pakket","10":"pa_aansluiting-2-draads","11":"pa_aansluiting-netwerk-kabel","12":"pa_audio-microfoon-speaker","13":"pa_beeldhoek-graden-horizontaal-168-6","14":"pa_draadloos-nee","15":"pa_materiaal-aluminium","16":"pa_materiaal-kunststof","17":"pa_megapixel-2mp","18":"pa_merk-dahua","19":"pa_mobiele-app-fabrikant-ja","20":"pa_montage-opbouw","21":"pa_nachtzicht-ja","22":"pa_omgeving-binnen-en-buiten","23":"pa_poe-802-3af","24":"pa_product-complete-kit","25":"pa_product-status-a","26":"pa_vandaalbestendig-ik07","27":"pa_voeding-poe","28":"pa_voeding-vtns1001b-2","30":"first","31":"onbackorder","32":"taxable","33":"shipping-taxable","34":"purchasable","35":"product-type-simple"},"brands":[{"id":3376,"name":"Dahua","slug":"dahua"}],"_links":{"self":[{"href":"https:\/\/webstore4.com\/de\/wp-json\/wp\/v2\/product\/9913","targetHints":{"allow":["GET"]}}],"collection":[{"href":"https:\/\/webstore4.com\/de\/wp-json\/wp\/v2\/product"}],"about":[{"href":"https:\/\/webstore4.com\/de\/wp-json\/wp\/v2\/types\/product"}],"replies":[{"embeddable":true,"href":"https:\/\/webstore4.com\/de\/wp-json\/wp\/v2\/comments?post=9913"}],"wp:featuredmedia":[{"embeddable":true,"href":"https:\/\/webstore4.com\/de\/wp-json\/wp\/v2\/media\/9914"}],"wp:attachment":[{"href":"https:\/\/webstore4.com\/de\/wp-json\/wp\/v2\/media?parent=9913"}],"wp:term":[{"taxonomy":"pwb-brand","embeddable":true,"href":"https:\/\/webstore4.com\/de\/wp-json\/wp\/v2\/pwb-brand?post=9913"},{"taxonomy":"product_cat","embeddable":true,"href":"https:\/\/webstore4.com\/de\/wp-json\/wp\/v2\/product_cat?post=9913"},{"taxonomy":"product_tag","embeddable":true,"href":"https:\/\/webstore4.com\/de\/wp-json\/wp\/v2\/product_tag?post=9913"}],"curies":[{"name":"wp","href":"https:\/\/api.w.org\/{rel}","templated":true}]}}