{"id":9909,"date":"2021-06-30T13:17:39","date_gmt":"2021-06-30T11:17:39","guid":{"rendered":"https:\/\/webstore4.com\/\/?product=dahua-vtns2003b-2-ip-video-intercom-switch-2-draads-aansluiting"},"modified":"2025-02-19T05:22:08","modified_gmt":"2025-02-19T04:22:08","slug":"dahua-vtns2003b-2-ip-video-intercom-switch-2-draads-aansluiting","status":"publish","type":"product","link":"https:\/\/webstore4.com\/de\/product\/dahua-vtns2003b-2-ip-video-intercom-switch-2-draads-aansluiting\/","title":{"rendered":"Dahua VTNS2003B-2 IP-Video-Gegensprechschalter (2-Draht-Verbindung)"},"content":{"rendered":"<p>Der Dahua VTNS2003B-2 ist ein IP-Video-Intercom-Switch zur Verwendung mit den Intercom-Innenmonitoren Dahua VTH5422HB\/HW, der Au\u00dfenstation VTO2202F-P-S2 oder dem Kamera-Intercom-Modul VTO4202F-P-S2. Durch den 2-Draht-Anschluss der Monitore und Au\u00dfenstationen an den Schalter eignet sich dieses System hervorragend zum Austausch einer alten Wohnungsklingel oder Gegensprechanlage. Die vorhandenen 2 Adern\/Adern k\u00f6nnen sowohl f\u00fcr das Audio-\/Videosignal als auch f\u00fcr die Stromversorgung des Monitors wiederverwendet werden. Dadurch ist ein Upgrade von einer alten Wohnungst\u00fcrklingel-Gegensprechanlage auf eine vollst\u00e4ndig IP-Video-Gegensprechanlage einfach, g\u00fcnstig und schnell m\u00f6glich.<\/p>\n<p><strong>Installation<\/strong><\/p>\n<p>Der VTNS2003B-2 verf\u00fcgt \u00fcber 1 Anschluss f\u00fcr maximal 20 VTH-Monitore und 2 VTO-Au\u00dfenstationen. Die Kabelspezifikation (L\u00e4nge) finden Sie im Handbuch. Wenn mehr Anschl\u00fcsse f\u00fcr Innenmonitore erforderlich sind, k\u00f6nnen mehrere VTNS2003B-2 Intercom-Schalter mit einer Zweidrahtverbindung miteinander verbunden werden. Der Dahua VTNS2003B-2 Intercom-Schalter muss \u00fcber einen Strom versorgt werden <strong>nicht<\/strong> meegeleverde 48VDC adapter. Wij raden aan om ook een connector vrouwelijk mee te bestellen, gezien de switch geen directe DC plug input heeft.<\/p>\n<p>De Dahua VTNS2003B-2\u00a0wordt op het bestaande gebouw netwerk (access point, router of switch) aangesloten met een netwerkkabel.<\/p>\n<p><strong>Wichtigste Funktionen<\/strong><\/p>\n<ul>\n<li>Maximal 20 VTH-Monitore und 2 VTO-Au\u00dfenstationen an 1 VTNS2003B-2 (siehe Spezifikationen im Handbuch)<\/li>\n<li>Verschaltung mit Zweileiteranschluss m\u00f6glich (Kaskadierung)<\/li>\n<li>Stromversorgung und Signal \u00fcber 2 Adern in einem Kabel<\/li>\n<li>Schneller und kosteng\u00fcnstiger Austausch der vorhandenen Klingel oder der alten (analogen) Gegensprechanlage<\/li>\n<\/ul>\n<p><a href=\"https:\/\/webstore4.com\/Copyright\/\" target=\"_blank\" rel=\"noopener\"><span style=\"color: #ff6e03; font-size: 11px;\">\u00a9 Der Text ist urheberrechtlich gesch\u00fctzt<\/span><\/a><\/p>","protected":false},"excerpt":{"rendered":"<p>De Dahua VTNS2003B-2 is een IP video intercom switch voor gebruik met de Dahua VTH5422HB\/HW intercom binnen monitoren, het VTO2202F-P-S2 buiten station of de VTO4202F-P-S2 camera intercom module. Door de 2-wire aansluiting van de monitoren en buiten stations op de switch is dit systeem bijvoorbeeld zeer geschikt voor het vervangen van een oud appartement bel<\/p>\n<div class=\"klb-readmore button\"><a class=\"btn link\" href=\"https:\/\/webstore4.com\/de\/product\/dahua-vtns2003b-2-ip-video-intercom-switch-2-draads-aansluiting\/\">Mehr lesen <i class=\"klbth-icon-right-arrow\"><\/i><\/a><\/div>","protected":false},"featured_media":15558,"comment_status":"open","ping_status":"closed","template":"","meta":[],"pwb-brand":[3376],"product_cat":[4178,4179],"product_tag":[],"class_list":{"0":"post-9909","1":"product","2":"type-product","3":"status-publish","4":"has-post-thumbnail","6":"pwb-brand-dahua","7":"product_cat-intercom","8":"product_cat-dahua-ip-video","9":"product_shipping_class-pakket","10":"pa_aansluiting-2-draads","11":"pa_aantal-aansluitingen-4085","12":"pa_draadloos-nee","13":"pa_merk-dahua","14":"pa_mobiele-app-fabrikant-ja","15":"pa_montage-opbouw","16":"pa_omgeving-binnen","17":"pa_poe-nee","18":"pa_product-accessoires","19":"pa_product-status-a","20":"pa_voeding-48vdc","22":"first","23":"onbackorder","24":"taxable","25":"shipping-taxable","26":"purchasable","27":"product-type-simple"},"brands":[{"id":3376,"name":"Dahua","slug":"dahua"}],"_links":{"self":[{"href":"https:\/\/webstore4.com\/de\/wp-json\/wp\/v2\/product\/9909","targetHints":{"allow":["GET"]}}],"collection":[{"href":"https:\/\/webstore4.com\/de\/wp-json\/wp\/v2\/product"}],"about":[{"href":"https:\/\/webstore4.com\/de\/wp-json\/wp\/v2\/types\/product"}],"replies":[{"embeddable":true,"href":"https:\/\/webstore4.com\/de\/wp-json\/wp\/v2\/comments?post=9909"}],"wp:featuredmedia":[{"embeddable":true,"href":"https:\/\/webstore4.com\/de\/wp-json\/wp\/v2\/media\/15558"}],"wp:attachment":[{"href":"https:\/\/webstore4.com\/de\/wp-json\/wp\/v2\/media?parent=9909"}],"wp:term":[{"taxonomy":"pwb-brand","embeddable":true,"href":"https:\/\/webstore4.com\/de\/wp-json\/wp\/v2\/pwb-brand?post=9909"},{"taxonomy":"product_cat","embeddable":true,"href":"https:\/\/webstore4.com\/de\/wp-json\/wp\/v2\/product_cat?post=9909"},{"taxonomy":"product_tag","embeddable":true,"href":"https:\/\/webstore4.com\/de\/wp-json\/wp\/v2\/product_tag?post=9909"}],"curies":[{"name":"wp","href":"https:\/\/api.w.org\/{rel}","templated":true}]}}