{"id":9907,"date":"2021-06-30T12:18:55","date_gmt":"2021-06-30T10:18:55","guid":{"rendered":"https:\/\/webstore4.com\/\/?product=dahua-vth5422hb-ip-video-intercom-binnen-monitor-2-draads-en-netwerkkabel-aansluiting-met-poe"},"modified":"2025-02-19T05:22:08","modified_gmt":"2025-02-19T04:22:08","slug":"dahua-vth5422hb-ip-video-intercom-binnen-monitor-2-draads-en-netwerkkabel-aansluiting-met-poe","status":"publish","type":"product","link":"https:\/\/webstore4.com\/de\/product\/dahua-vth5422hb-ip-video-intercom-binnen-monitor-2-draads-en-netwerkkabel-aansluiting-met-poe\/","title":{"rendered":"Dahua VTH5422HB IP-Video-Gegensprechanlage f\u00fcr den Innenbereich, 2 Dr\u00e4hte und Netzwerkkabelverbindung mit PoE"},"content":{"rendered":"<p>Der Dahua VTH5422HB ist ein 7-Zoll-Innenmonitor mit einem Glas-Touchscreen-Farbbildschirm mit Zweidrahtanschluss oder Netzwerkkabelanschluss zur Verwendung mit der Dahua IP-Video-Gegensprechanlage. Durch den 2-Draht-Anschluss eignet sich der Monitor hervorragend zum Austausch einer alten Klingel- oder Gegensprechanlage. Die vorhandenen 2 Dr\u00e4hte\/Adern k\u00f6nnen sowohl f\u00fcr das Audio-\/Videosignal als auch f\u00fcr die Stromversorgung des Monitors wiederverwendet werden. Dadurch ist ein Upgrade von einer alten Wohnungst\u00fcrklingel-Gegensprechanlage auf eine vollst\u00e4ndig IP-Video-Gegensprechanlage einfach, g\u00fcnstig und schnell m\u00f6glich.<\/p>\n<p><strong>M\u00f6glichkeiten<\/strong><\/p>\n<p>Mit dem Innenmonitor VTH5422HB ist es m\u00f6glich, ein Audio- und Videogespr\u00e4ch mit einer Person zu f\u00fchren, die au\u00dferhalb der Wohnung oder zwischen Monitoren steht. Der Monitor verf\u00fcgt \u00fcber einen SD-Kartensteckplatz zum Aufzeichnen von Bildern und Videonachrichten auf einer microSD-Karte. Es ist m\u00f6glich, eine T\u00fcr vom Monitor aus zu entriegeln. Auch Bilder von Dahua- oder ONVIF-geeigneten IP-Kameras k\u00f6nnen auf dem Monitor betrachtet werden.<\/p>\n<p>Der Touchscreen des Monitors ist ein kapazitiver (Hartglas-)Bildschirm wie bei modernen Smartphones. Der Monitor verf\u00fcgt \u00fcber Alarmeing\u00e4nge und einen Ausgang zum Anschluss von Alarmmeldern und -systemen. Das System kann mit der kostenlosen PC- und Mac-Verwaltungssoftware Dahua SmartPSS verbunden werden. Mit der kostenlosen Dahua-Smartphone-App k\u00f6nnen Bilder der Au\u00dfenstation angesehen, ein Audio-\/Videogespr\u00e4ch gef\u00fchrt und eine T\u00fcr ge\u00f6ffnet werden.<\/p>\n<p><strong>Installation<\/strong><\/p>\n<p>De Dahua VTH5422HB wordt voor zowel het data signaal als de voeding met twee draden aangesloten op de Dahua VTNS2003B-2 intercom switch. Als u al beschikt over de juiste draden van bijvoorbeeld een oud intercom systeem dan kunnen die worden hergebruikt. Hierdoor wordt de installatie eenvoudig, goedkoop en snel. De Dahua VTNS2003B-2 wordt vervolgens op het bestaande gebouw netwerk (access point, router of switch) aangesloten met een netwerkkabel. De geschikte switch staat opgenomen onder &#8216;Opties&#8217;. De Dahua VTH5422HB kan ook worden aangesloten met een netwerkkabel en worden gevoed met standaard 802.3af PoE.<\/p>\n<p>Der Dahua VTH5422HB Innenmonitor ist ein Aufputzmodell. Eine Montagehalterung f\u00fcr den Innenmonitor ist im Lieferumfang enthalten.<\/p>\n<p><strong>Wichtigste Funktionen<\/strong><\/p>\n<ul>\n<li>F\u00fchren Sie Video-\/Audiogespr\u00e4che mit der Dahua IP-Video-Gegensprechanlage f\u00fcr die Au\u00dfenstation<\/li>\n<li>SIP-Protokoll-Firmware<\/li>\n<li>2-Draht- oder Netzwerkkabelverbindung (Daten und Strom)<\/li>\n<li>Kapazitiver (Hartglas) 7-Zoll-Touchscreen<\/li>\n<li>Gegenseitige Kommunikation zwischen Innenmonitoren<\/li>\n<li>Aufnahme auf microSD-Karte (nicht im Lieferumfang enthalten)<\/li>\n<li>Anzeige von Dahua- oder ONVIF-geeigneten IP-Kameras auf dem Monitor<\/li>\n<li>\u00d6ffnen einer T\u00fcr (elektrisches Schloss) aus der Ferne<\/li>\n<li>Schneller und kosteng\u00fcnstiger Austausch einer vorhandenen Klingel- oder Gegensprechanlage<\/li>\n<li>6-Kanal-Alarmeingang und 1-Kanal-Alarmausgang<\/li>\n<\/ul>\n<p><a href=\"https:\/\/webstore4.com\/Copyright\/\" target=\"_blank\" rel=\"noopener\"><span style=\"color: #ff6e03; font-size: 11px;\">\u00a9 Der Text ist urheberrechtlich gesch\u00fctzt<\/span><\/a><\/p>","protected":false},"excerpt":{"rendered":"<p>De Dahua VTH5422HB\u00a0is een 7 inch binnen monitor met een glazen touchscreen kleurenscherm met een tweedraadsaansluiting of een netwerkkabel aansluiting voor gebruik met het Dahua IP video intercom systeem. Door de 2-wire aansluiting is de monitor bijvoorbeeld zeer geschikt voor het vervangen van een oud bel of intercom systeem. De bestaande 2 draden\/aders kunnen namelijk<\/p>\n<div class=\"klb-readmore button\"><a class=\"btn link\" href=\"https:\/\/webstore4.com\/de\/product\/dahua-vth5422hb-ip-video-intercom-binnen-monitor-2-draads-en-netwerkkabel-aansluiting-met-poe\/\">Mehr lesen <i class=\"klbth-icon-right-arrow\"><\/i><\/a><\/div>","protected":false},"featured_media":9908,"comment_status":"open","ping_status":"closed","template":"","meta":[],"pwb-brand":[3376],"product_cat":[4178,4179],"product_tag":[],"class_list":{"0":"post-9907","1":"product","2":"type-product","3":"status-publish","4":"has-post-thumbnail","6":"pwb-brand-dahua","7":"product_cat-intercom","8":"product_cat-dahua-ip-video","9":"product_shipping_class-pakket","10":"pa_aansluiting-2-draads","11":"pa_aansluiting-netwerk-kabel","12":"pa_afmeting-monitor-7-inch","13":"pa_audio-microfoon-speaker","14":"pa_draadloos-nee","15":"pa_ip-camera-kanalen-4083","16":"pa_kleur-zwart","17":"pa_merk-dahua","18":"pa_mobiele-app-fabrikant-ja","19":"pa_montage-opbouw","20":"pa_omgeving-binnen","21":"pa_opnemen-op-sd-kaart-ja","22":"pa_poe-802-3af","23":"pa_product-monitor","24":"pa_product-status-d","25":"pa_resolutie-monitor-1024-x-600","26":"pa_voeding-poe","27":"pa_voeding-vtns2003b-2","29":"first","30":"onbackorder","31":"taxable","32":"shipping-taxable","33":"purchasable","34":"product-type-simple"},"brands":[{"id":3376,"name":"Dahua","slug":"dahua"}],"_links":{"self":[{"href":"https:\/\/webstore4.com\/de\/wp-json\/wp\/v2\/product\/9907","targetHints":{"allow":["GET"]}}],"collection":[{"href":"https:\/\/webstore4.com\/de\/wp-json\/wp\/v2\/product"}],"about":[{"href":"https:\/\/webstore4.com\/de\/wp-json\/wp\/v2\/types\/product"}],"replies":[{"embeddable":true,"href":"https:\/\/webstore4.com\/de\/wp-json\/wp\/v2\/comments?post=9907"}],"wp:featuredmedia":[{"embeddable":true,"href":"https:\/\/webstore4.com\/de\/wp-json\/wp\/v2\/media\/9908"}],"wp:attachment":[{"href":"https:\/\/webstore4.com\/de\/wp-json\/wp\/v2\/media?parent=9907"}],"wp:term":[{"taxonomy":"pwb-brand","embeddable":true,"href":"https:\/\/webstore4.com\/de\/wp-json\/wp\/v2\/pwb-brand?post=9907"},{"taxonomy":"product_cat","embeddable":true,"href":"https:\/\/webstore4.com\/de\/wp-json\/wp\/v2\/product_cat?post=9907"},{"taxonomy":"product_tag","embeddable":true,"href":"https:\/\/webstore4.com\/de\/wp-json\/wp\/v2\/product_tag?post=9907"}],"curies":[{"name":"wp","href":"https:\/\/api.w.org\/{rel}","templated":true}]}}