{"id":9901,"date":"2021-06-25T16:41:28","date_gmt":"2021-06-25T14:41:28","guid":{"rendered":"https:\/\/webstore4.com\/\/?product=wl4-solar-kit-200b50-20-complete-zonne-energie-kit-met-12v-20ah-accu-snoer-50w-zonnepaneel-en-controller"},"modified":"2025-06-17T21:37:17","modified_gmt":"2025-06-17T20:37:17","slug":"wl4-solar-kit-200b50-20-zonne-energie-kit","status":"publish","type":"product","link":"https:\/\/webstore4.com\/de\/product\/wl4-solar-kit-200b50-20-zonne-energie-kit\/","title":{"rendered":"WL4 SOLAR-KIT-200B50-20 komplettes Solarenergie-Set mit 12 V 20 Ah Batterie, Kabel, 50 W Solarpanel und Controller"},"content":{"rendered":"<p>De WL4 SOLAR-KIT-200B50-20 is een hoogwaardig complete zonne energie set bestaande uit een 12V 20Ah accu, 50W zonnepaneel, speciale kabels en connector en een 20A controller. Het systeem is geschikt voor onder meer IP camera&#8217;s, een alarmsysteem, bewegingsdetector, caravan, camper, boot etc.<br \/>\nDe WL4 SOLAR-KIT-200B50-20 is een complete zonne-energie set voor het opwekken en opslaan van stroom voor producten die worden gevoed met 12VDC. Ingeval er 230VAC nodig is kan een converter (optioneel) worden opgenomen in het zonne-energie systeem.\u00a0De WL4 SOLAR-KIT-200B50-20 is ideaal voor gebruik op locaties waar geen stroomvoorziening aanwezig is.<\/p>\n<p>Das Kit besteht aus einem 50-Watt-Solarpanel, einer 12-VDC-20-Ah-Batterie, einem 20-A-Controller mit 12 VDC, 5 Metern Kabel und einem Stecker speziell f\u00fcr Solarpanelsysteme.<\/p>\n<p>Wie lange ein Ger\u00e4t mit einer Solaranlage betrieben werden kann, h\u00e4ngt unter anderem vom Verbrauch des Ger\u00e4ts, der Umgebungstemperatur, der Anzahl der Tageslichtstunden und Lichtintensit\u00e4t, der Kapazit\u00e4t des Solarpanels und der Batterie ab. Liefert dieses Kit zu viel oder zu wenig Leistung? Wir haben in unserem Online-Shop auch weitere Sets sowie alle Einzelkomponenten, um eine komplette Solaranlage selbst zusammenzustellen.<\/p>\n<p>Op de accu wordt een garantie op product gebreken gegeven van 6 maanden en op de overige onderdelen van de kit 2 jaar.<\/p>\n<p><strong>Wichtige Funktionen<\/strong><\/p>\n<ul>\n<li>12VDC AGM-Batterie mit 20000mA Kapazit\u00e4t (180x167x76mm)<\/li>\n<li>50 Watt Solarpanel 670x540x30mm im Aluminiumrahmen<\/li>\n<li>20A MPPT-Controller<\/li>\n<li>1 x 5 Meter 4,0 mm Kabel rot<\/li>\n<li>1 x 5 Meter 4,0 mm Kabel schwarz<\/li>\n<li>1 x MC4-Kabelstecker<\/li>\n<\/ul>\n<p><a href=\"https:\/\/webstore4.com\/Copyright\/\" target=\"_blank\" rel=\"noopener\"><span style=\"color: #ff6e03; font-size: 11px;\">\u00a9 Der Text ist urheberrechtlich gesch\u00fctzt<\/span><\/a><\/p>","protected":false},"excerpt":{"rendered":"<p>De WL4 SOLAR-KIT-200B50-20 is een hoogwaardig complete zonne energie set bestaande uit een 12V 20Ah accu, 50W zonnepaneel, speciale kabels en connector en een 20A controller. Het systeem is geschikt voor onder meer IP camera&#8217;s, een alarmsysteem, bewegingsdetector, caravan, camper, boot etc. De WL4 SOLAR-KIT-200B50-20 is een complete zonne-energie set voor het opwekken en opslaan<\/p>\n<div class=\"klb-readmore button\"><a class=\"btn link\" href=\"https:\/\/webstore4.com\/de\/product\/wl4-solar-kit-200b50-20-zonne-energie-kit\/\">Mehr lesen <i class=\"klbth-icon-right-arrow\"><\/i><\/a><\/div>","protected":false},"featured_media":14364,"comment_status":"open","ping_status":"closed","template":"","meta":[],"pwb-brand":[3380],"product_cat":[4247,4248],"product_tag":[],"class_list":{"0":"post-9901","1":"product","2":"type-product","3":"status-publish","4":"has-post-thumbnail","6":"pwb-brand-wl4","7":"product_cat-duurzaamheid","8":"product_cat-zonnepanelen","9":"product_shipping_class-pakket","10":"pa_ampereuur-20a","11":"pa_capaciteit-accu-20000mah","12":"pa_garantie-2-jaar","13":"pa_garantie-6-maanden","14":"pa_merk-wl4","15":"pa_product-complete-kit","16":"pa_type-controller-mppt","17":"pa_usb-uitgang-nee","18":"pa_wattage-zonnepaneel-50-watt","20":"first","21":"onbackorder","22":"taxable","23":"shipping-taxable","24":"purchasable","25":"product-type-simple"},"brands":[{"id":3380,"name":"WL4","slug":"wl4"}],"_links":{"self":[{"href":"https:\/\/webstore4.com\/de\/wp-json\/wp\/v2\/product\/9901","targetHints":{"allow":["GET"]}}],"collection":[{"href":"https:\/\/webstore4.com\/de\/wp-json\/wp\/v2\/product"}],"about":[{"href":"https:\/\/webstore4.com\/de\/wp-json\/wp\/v2\/types\/product"}],"replies":[{"embeddable":true,"href":"https:\/\/webstore4.com\/de\/wp-json\/wp\/v2\/comments?post=9901"}],"wp:featuredmedia":[{"embeddable":true,"href":"https:\/\/webstore4.com\/de\/wp-json\/wp\/v2\/media\/14364"}],"wp:attachment":[{"href":"https:\/\/webstore4.com\/de\/wp-json\/wp\/v2\/media?parent=9901"}],"wp:term":[{"taxonomy":"pwb-brand","embeddable":true,"href":"https:\/\/webstore4.com\/de\/wp-json\/wp\/v2\/pwb-brand?post=9901"},{"taxonomy":"product_cat","embeddable":true,"href":"https:\/\/webstore4.com\/de\/wp-json\/wp\/v2\/product_cat?post=9901"},{"taxonomy":"product_tag","embeddable":true,"href":"https:\/\/webstore4.com\/de\/wp-json\/wp\/v2\/product_tag?post=9901"}],"curies":[{"name":"wp","href":"https:\/\/api.w.org\/{rel}","templated":true}]}}