{"id":9882,"date":"2021-06-10T13:38:52","date_gmt":"2021-06-10T11:38:52","guid":{"rendered":"https:\/\/webstore4.com\/\/?product=wl4-pdo-led-w-realistische-dummy-beveiligingscamera-voor-buiten-met-knipperende-led"},"modified":"2024-04-19T15:12:57","modified_gmt":"2024-04-19T14:12:57","slug":"wl4-pdo-led-w-dummy-beveiligingscamera","status":"publish","type":"product","link":"https:\/\/webstore4.com\/de\/product\/wl4-pdo-led-w-dummy-beveiligingscamera\/","title":{"rendered":"WL4 PDO-LED-W realistische Dummy-\u00dcberwachungskamera f\u00fcr den Au\u00dfenbereich mit blinkender LED"},"content":{"rendered":"<p>Die WL4 PDO-LED-W ist eine realistische Dummy-Sicherheitskamera f\u00fcr den Au\u00dfenbereich. Die Dummy-Kamera ist aus der Ferne nur schwer von einer echten Kamera zu unterscheiden. Kameraattrappen k\u00f6nnen dabei helfen, Eindringlinge abzuschrecken. Der WL4 PDO-LED-W verf\u00fcgt \u00fcber eine funktionierende rot blinkende LED-Lampe, die mit 2x AA-Batterien (nicht im Lieferumfang enthalten) betrieben wird. Dies sorgt f\u00fcr eine zus\u00e4tzliche Abschreckungswirkung.<\/p>\n<p>Die WL4 PDO-LED-W l\u00e4sst sich einfach an der Wand montieren.<\/p>\n<p><strong>Hauptmerkmale<\/strong><\/p>\n<ul>\n<li>Realistischer Look<\/li>\n<li>Plastik<\/li>\n<li>Rot blinkende LED-Lampe (2x AA nicht im Lieferumfang enthalten)<\/li>\n<li>Leicht zusammenzubauen<\/li>\n<\/ul>\n<p><a href=\"https:\/\/webstore4.com\/Copyright\/\" target=\"_blank\" rel=\"noopener\"><span style=\"color: #ff6e03; font-size: 11px;\">\u00a9 Der Text ist urheberrechtlich gesch\u00fctzt<\/span><\/a><\/p>","protected":false},"excerpt":{"rendered":"<p>Die WL4 PDO-LED-W ist eine realistische Dummy-Sicherheitskamera f\u00fcr den Au\u00dfenbereich. Die Dummy-Kamera ist aus der Ferne nur schwer von einer echten Kamera zu unterscheiden. Kameraattrappen k\u00f6nnen dabei helfen, Eindringlinge abzuschrecken. Der WL4 PDO-LED-W verf\u00fcgt \u00fcber eine funktionierende rot blinkende LED-Lampe, die mit 2x AA-Batterien (nicht im Lieferumfang enthalten) betrieben wird. Dies sorgt f\u00fcr eine zus\u00e4tzliche Abschreckungswirkung.<\/p>\n<div class=\"klb-readmore button\"><a class=\"btn link\" href=\"https:\/\/webstore4.com\/de\/product\/wl4-pdo-led-w-dummy-beveiligingscamera\/\">Mehr lesen <i class=\"klbth-icon-right-arrow\"><\/i><\/a><\/div>","protected":false},"featured_media":9883,"comment_status":"open","ping_status":"closed","template":"","meta":[],"pwb-brand":[3380],"product_cat":[3435,4184,4251],"product_tag":[],"class_list":{"0":"post-9882","1":"product","2":"type-product","3":"status-publish","4":"has-post-thumbnail","6":"pwb-brand-wl4","7":"product_cat-ip-cameras","8":"product_cat-cameras","9":"product_cat-dummy-cameras-cameras","10":"product_shipping_class-pakket","11":"pa_merk-wl4","13":"first","14":"instock","15":"taxable","16":"shipping-taxable","17":"purchasable","18":"product-type-simple"},"brands":[{"id":3380,"name":"WL4","slug":"wl4"}],"_links":{"self":[{"href":"https:\/\/webstore4.com\/de\/wp-json\/wp\/v2\/product\/9882","targetHints":{"allow":["GET"]}}],"collection":[{"href":"https:\/\/webstore4.com\/de\/wp-json\/wp\/v2\/product"}],"about":[{"href":"https:\/\/webstore4.com\/de\/wp-json\/wp\/v2\/types\/product"}],"replies":[{"embeddable":true,"href":"https:\/\/webstore4.com\/de\/wp-json\/wp\/v2\/comments?post=9882"}],"wp:featuredmedia":[{"embeddable":true,"href":"https:\/\/webstore4.com\/de\/wp-json\/wp\/v2\/media\/9883"}],"wp:attachment":[{"href":"https:\/\/webstore4.com\/de\/wp-json\/wp\/v2\/media?parent=9882"}],"wp:term":[{"taxonomy":"pwb-brand","embeddable":true,"href":"https:\/\/webstore4.com\/de\/wp-json\/wp\/v2\/pwb-brand?post=9882"},{"taxonomy":"product_cat","embeddable":true,"href":"https:\/\/webstore4.com\/de\/wp-json\/wp\/v2\/product_cat?post=9882"},{"taxonomy":"product_tag","embeddable":true,"href":"https:\/\/webstore4.com\/de\/wp-json\/wp\/v2\/product_tag?post=9882"}],"curies":[{"name":"wp","href":"https:\/\/api.w.org\/{rel}","templated":true}]}}