{"id":9875,"date":"2021-06-05T12:05:28","date_gmt":"2021-06-05T10:05:28","guid":{"rendered":"https:\/\/webstore4.com\/\/?product=anviz-m5-plus-wifi-bluetooth-rfid-biometrisch-vandaalbestendige-vingerafdruk-en-kaart-lezer-voor-buiten-of-binnen"},"modified":"2026-03-19T16:17:56","modified_gmt":"2026-03-19T15:17:56","slug":"anviz-m5-plus-bluetooth-rfid-vingerafdruk-en-kaart-lezer","status":"publish","type":"product","link":"https:\/\/webstore4.com\/de\/product\/anviz-m5-plus-bluetooth-rfid-vingerafdruk-en-kaart-lezer\/","title":{"rendered":"Anviz M5 Plus Wi-Fi Bluetooth RFID biometrischer, vandalensicherer Fingerabdruck- und Kartenleser f\u00fcr den Au\u00dfen- und Innenbereich"},"content":{"rendered":"<p>De Anviz M5 Plus Wi-Fi BT RFID is een compacte vandalismebestendige vingerafdruk en kaartlezer voor buiten of binnen met ingebouwde controller en Wi-Fi en Bluetooth.<\/p>\n<p>De toegangscontrole vindt plaats door middel van een vingerafdruk of RFID 125Khz proximity kaart of tag. Met de Bluetooth functie kan de M5 via de gratis app op maximaal 10 meter afstand worden bediend om een hek of deur te openen. De Anviz M5 Plus Wi-Fi BT RFID is ideaal voor gebruik in woningen, appartementsgebouwen, bedrijfsverzamelgebouwen en kantoren. De M5 is weerbestendig.<\/p>\n<p>Wir sind offizieller Anviz-H\u00e4ndler und bieten umfassenden Support und Garantie f\u00fcr alle Anviz-Produkte.<\/p>\n<p><strong>M\u00f6glichkeiten<\/strong><\/p>\n<p>Der M5 Plus WiFi BT RFID verf\u00fcgt \u00fcber den einzigartigen Anviz BioNANO-Algorithmus, der unterbrochene Linien in Fingerabdr\u00fccken automatisch erkennt und trockene oder nasse Fingerabdr\u00fccke schnell und pr\u00e4zise \u00fcberpr\u00fcft. Der Anviz BioNANO-Algorithmus verf\u00fcgt \u00fcber eine intelligente automatische Aktualisierung von Fingerabdr\u00fccken, um Qualit\u00e4t und Genauigkeit zu erh\u00f6hen. Der optische Fingerabdrucksensor ist kratzfest und langlebig.<\/p>\n<p>De M5 Plus Wi-Fi BT RFID beschikt over zowel Wiegand 26 als het TCP\/IP protocol uitgangen en kan worden gecombineerd met de SC011 als stand-alone access control. De SC011 is mee te bestellen onder &#8216;Opties&#8217;. De reader beschikt over een normally open (NO) en normally closed (NC) uitgang, waarop eenvoudig een elektrisch slot kan worden aangesloten.<\/p>\n<p>De reader kan worden beheerd op het apparaat zelf of via de meegeleverde Anviz CrossChex software op een PC met een mini USB kabel of een netwerkkabel met een RJ45-connector. De mini USB kabel en RJ45-connector kabel voor de reader zijn inbegrepen. Vingerafdrukken kunnen ook worden gescand met een desktop Anviz U-Bio USB vingerafdruklezer. De geschikte vingerafdruklezer is mee te bestellen onder &#8216;Opties&#8217;.<\/p>\n<p>De reader is relatief eenvoudig zelf te installeren. De M5 Plus RFID wordt gevoed door 12VDC (adapter niet meegeleverd). Een adapter is mee te bestellen onder het tabblad &#8216;Opties&#8217;. Onder het tabblad &#8216;Documentatie&#8217; staat de datasheet en de link naar de product pagina van de fabrikant.<\/p>\n<p><img decoding=\"async\" class=\"\" style=\"float: right; height: 440px; width: 351px;\" src=\"https:\/\/webstore4.com\/wp-content\/uploads\/content\/Anviz_M5_features.jpg\" alt=\"Anviz M5 features\" \/><\/p>\n<p><strong>Wichtigste Funktionen<\/strong><\/p>\n<ul>\n<li>Einfache Installation, Verwaltung und Nutzung<\/li>\n<li>Model met Wi-Fi en Bluetooth voor bediening via gratis app<\/li>\n<li>Vandalismusgesch\u00fctztes Metallgeh\u00e4use (IK10)<\/li>\n<li>Wasserdicht f\u00fcr den Au\u00dfenbereich (IP65)<\/li>\n<li>Anviz BioNANO algoritme voor het nauwkeurig en betrouwbaar scannen van vingerafdrukken zelfs met gebroken lijnen en natte vingers<\/li>\n<li>Vingerafdruk en RFID toegang garanderen flexibiliteit en veiligheid<\/li>\n<li>Eingebauter NO\/NC-Controller<\/li>\n<li>TCP\/IP und Wiegand 26<\/li>\n<li>Sabotagealarmausgang<\/li>\n<li>Maximal 3000 Benutzer<\/li>\n<li>Kostenlose Anviz CrossChex-Software<\/li>\n<\/ul>\n<p><a href=\"https:\/\/webstore4.com\/Copyright\/\" target=\"_blank\" rel=\"noopener\"><span style=\"color: #ff6e03; font-size: 11px;\">\u00a9 Der Text ist urheberrechtlich gesch\u00fctzt<\/span><\/a><\/p>\n<p>&nbsp;<\/p>\n<p>&nbsp;<\/p>\n<p><iframe title=\"M5 outdoor reader &amp; controller\" width=\"960\" height=\"540\" src=\"https:\/\/www.youtube.com\/embed\/btIWBQX5e1k?feature=oembed&#038;enablejsapi=1&#038;origin=https:\/\/webstore4.com\" frameborder=\"0\" allow=\"accelerometer; autoplay; clipboard-write; encrypted-media; gyroscope; picture-in-picture; web-share\" referrerpolicy=\"strict-origin-when-cross-origin\" allowfullscreen><\/iframe><\/p>\n<p>&nbsp;<\/p>","protected":false},"excerpt":{"rendered":"<p>De Anviz M5 Plus Wi-Fi BT RFID is een compacte vandalismebestendige vingerafdruk en kaartlezer voor buiten of binnen met ingebouwde controller en Wi-Fi en Bluetooth. De toegangscontrole vindt plaats door middel van een vingerafdruk of RFID 125Khz proximity kaart of tag. Met de Bluetooth functie kan de M5 via de gratis app op maximaal 10<\/p>\n<div class=\"klb-readmore button\"><a class=\"btn link\" href=\"https:\/\/webstore4.com\/de\/product\/anviz-m5-plus-bluetooth-rfid-vingerafdruk-en-kaart-lezer\/\">Mehr lesen <i class=\"klbth-icon-right-arrow\"><\/i><\/a><\/div>","protected":false},"featured_media":9870,"comment_status":"open","ping_status":"closed","template":"","meta":[],"pwb-brand":[3381],"product_cat":[4191,4193],"product_tag":[],"class_list":{"0":"post-9875","1":"product","2":"type-product","3":"status-publish","4":"has-post-thumbnail","6":"pwb-brand-anviz","7":"product_cat-access","8":"product_cat-toegangscontrole-access","9":"product_shipping_class-pakket","10":"pa_draadloos-ja-wi-fi-802-11","11":"pa_frequentie-tags-en-readers-rfid-125-khz","12":"pa_garantie-3-jaar","13":"pa_materiaal-metaal","14":"pa_max-aantal-gebruikers-3642","15":"pa_merk-anviz","16":"pa_omgeving-binnen-en-buiten","17":"pa_product-reader","18":"pa_toegang-met-app","19":"pa_toegang-met-kaartlezer","20":"pa_toegang-met-vingerafdruk","21":"pa_vandaalbestendig-ik10","22":"pa_voeding-12vdc","24":"first","25":"onbackorder","26":"taxable","27":"shipping-taxable","28":"purchasable","29":"product-type-simple"},"brands":[{"id":3381,"name":"Anviz","slug":"anviz"}],"_links":{"self":[{"href":"https:\/\/webstore4.com\/de\/wp-json\/wp\/v2\/product\/9875","targetHints":{"allow":["GET"]}}],"collection":[{"href":"https:\/\/webstore4.com\/de\/wp-json\/wp\/v2\/product"}],"about":[{"href":"https:\/\/webstore4.com\/de\/wp-json\/wp\/v2\/types\/product"}],"replies":[{"embeddable":true,"href":"https:\/\/webstore4.com\/de\/wp-json\/wp\/v2\/comments?post=9875"}],"wp:featuredmedia":[{"embeddable":true,"href":"https:\/\/webstore4.com\/de\/wp-json\/wp\/v2\/media\/9870"}],"wp:attachment":[{"href":"https:\/\/webstore4.com\/de\/wp-json\/wp\/v2\/media?parent=9875"}],"wp:term":[{"taxonomy":"pwb-brand","embeddable":true,"href":"https:\/\/webstore4.com\/de\/wp-json\/wp\/v2\/pwb-brand?post=9875"},{"taxonomy":"product_cat","embeddable":true,"href":"https:\/\/webstore4.com\/de\/wp-json\/wp\/v2\/product_cat?post=9875"},{"taxonomy":"product_tag","embeddable":true,"href":"https:\/\/webstore4.com\/de\/wp-json\/wp\/v2\/product_tag?post=9875"}],"curies":[{"name":"wp","href":"https:\/\/api.w.org\/{rel}","templated":true}]}}