{"id":9865,"date":"2021-05-11T12:00:30","date_gmt":"2021-05-11T10:00:30","guid":{"rendered":"https:\/\/webstore4.com\/\/?product=wl4-u-mount-ct25-w-universele-dubbele-plafond-steun-voor-2-cameras-voor-binnen-en-buiten"},"modified":"2024-04-19T15:12:55","modified_gmt":"2024-04-19T14:12:55","slug":"wl4-u-mount-ct25-w-universele-dubbele-plafond-steun","status":"publish","type":"product","link":"https:\/\/webstore4.com\/de\/product\/wl4-u-mount-ct25-w-universele-dubbele-plafond-steun\/","title":{"rendered":"WL4 U-MOUNT-CT25-W universelle Doppel-Deckenhalterung f\u00fcr 2 Kameras f\u00fcr den Innen- und Au\u00dfenbereich"},"content":{"rendered":"<p>De WL4 U-MOUNT-CT25-W is een universele plafond steun voor twee camera&#8217;s. De steun kan gebruikt worden in een binnen omgeving of een buiten omgeving. De WL4 U-MOUNT-CT25-W is geproduceerd uit kunststof en is wit van kleur. De hoogte van de steun is 25 centimeter en de diameter is 10 centimeter. Vaak wordt de U-MOUNT-CT25-W\u00a0 gebruikt voor het ophangen van dome camera&#8217;s.<\/p>\n<p><strong>Wichtige Funktionen<\/strong><\/p>\n<ul>\n<li>Lengte: 250mm<\/li>\n<li>Durchmesser: 10 mm<\/li>\n<li>Farbe Wei\u00df<\/li>\n<\/ul>\n<p><a href=\"https:\/\/www.webstore4ipcameras.nl\/Copyright\" target=\"_blank\" rel=\"noopener\"><span style=\"color: #ff6e03; font-size: 11px;\">\u00a9 Der Text ist urheberrechtlich gesch\u00fctzt<\/span><\/a><\/p>","protected":false},"excerpt":{"rendered":"<p>De WL4 U-MOUNT-CT25-W is een universele plafond steun voor twee camera&#8217;s. De steun kan gebruikt worden in een binnen omgeving of een buiten omgeving. De WL4 U-MOUNT-CT25-W is geproduceerd uit kunststof en is wit van kleur. De hoogte van de steun is 25 centimeter en de diameter is 10 centimeter. Vaak wordt de U-MOUNT-CT25-W\u00a0 gebruikt<\/p>\n<div class=\"klb-readmore button\"><a class=\"btn link\" href=\"https:\/\/webstore4.com\/de\/product\/wl4-u-mount-ct25-w-universele-dubbele-plafond-steun\/\">Mehr lesen <i class=\"klbth-icon-right-arrow\"><\/i><\/a><\/div>","protected":false},"featured_media":9866,"comment_status":"open","ping_status":"closed","template":"","meta":[],"pwb-brand":[3380],"product_cat":[4620],"product_tag":[],"class_list":{"0":"post-9865","1":"product","2":"type-product","3":"status-publish","4":"has-post-thumbnail","6":"pwb-brand-wl4","7":"product_cat-camera-toebehoren","8":"product_shipping_class-pakket","9":"pa_kleur-wit","10":"pa_materiaal-kunststof","11":"pa_merk-wl4","12":"pa_omgeving-binnen","13":"pa_product-plafondbeugel","14":"pa_universeel-ja","16":"first","17":"instock","18":"taxable","19":"shipping-taxable","20":"purchasable","21":"product-type-simple"},"brands":[{"id":3380,"name":"WL4","slug":"wl4"}],"_links":{"self":[{"href":"https:\/\/webstore4.com\/de\/wp-json\/wp\/v2\/product\/9865","targetHints":{"allow":["GET"]}}],"collection":[{"href":"https:\/\/webstore4.com\/de\/wp-json\/wp\/v2\/product"}],"about":[{"href":"https:\/\/webstore4.com\/de\/wp-json\/wp\/v2\/types\/product"}],"replies":[{"embeddable":true,"href":"https:\/\/webstore4.com\/de\/wp-json\/wp\/v2\/comments?post=9865"}],"wp:featuredmedia":[{"embeddable":true,"href":"https:\/\/webstore4.com\/de\/wp-json\/wp\/v2\/media\/9866"}],"wp:attachment":[{"href":"https:\/\/webstore4.com\/de\/wp-json\/wp\/v2\/media?parent=9865"}],"wp:term":[{"taxonomy":"pwb-brand","embeddable":true,"href":"https:\/\/webstore4.com\/de\/wp-json\/wp\/v2\/pwb-brand?post=9865"},{"taxonomy":"product_cat","embeddable":true,"href":"https:\/\/webstore4.com\/de\/wp-json\/wp\/v2\/product_cat?post=9865"},{"taxonomy":"product_tag","embeddable":true,"href":"https:\/\/webstore4.com\/de\/wp-json\/wp\/v2\/product_tag?post=9865"}],"curies":[{"name":"wp","href":"https:\/\/api.w.org\/{rel}","templated":true}]}}