{"id":9839,"date":"2021-03-31T12:06:15","date_gmt":"2021-03-31T10:06:15","guid":{"rendered":"https:\/\/webstore4.com\/\/?product=hikvision-ds-kh9510-wte1-android-ip-monitor-10-1-inch-touchscreen-wifi-binnen-monitor-met-poe"},"modified":"2025-04-18T14:24:24","modified_gmt":"2025-04-18T13:24:24","slug":"hikvision-ds-kh9510-wte1-android-ip-monitor-10-1-inch","status":"publish","type":"product","link":"https:\/\/webstore4.com\/de\/product\/hikvision-ds-kh9510-wte1-android-ip-monitor-10-1-inch\/","title":{"rendered":"Hikvision DS-KH9510-WTE1 Android IP-Monitor 10,1-Zoll-Touchscreen-WLAN-Innenmonitor mit PoE"},"content":{"rendered":"<p>Der Hikvision DS-KH9510-WTE1(B) ist ein WLAN-10,1-Zoll-Innenmonitor f\u00fcr Gegensprechanlage, AX Pro-Alarmsystemsteuerung und IP-Kamerabildanzeige. Der Monitor verf\u00fcgt \u00fcber ein Android-basiertes Betriebssystem, einen Touchscreen-Farbbildschirm und kann kabelgebunden (mit PoE) oder drahtlos angeschlossen werden.<\/p>\n<p><strong>M\u00f6glichkeiten<\/strong><\/p>\n<p>Mit dem Innenmonitor Hikvision DS-KH9510-WTE1(B) ist es m\u00f6glich, ein Audio- und Videogespr\u00e4ch mit einer Person zu f\u00fchren, die an einer Au\u00dfenstation oder zwischen Monitoren steht. Der Hikvision DS-KH9510-WTE1(B) kann als kabelgebundener oder kabelloser Monitor in einem kabelgebundenen oder kabellosen Hikvision-Gegensprechsystem verwendet werden. Der DS-KH9510-WTE1 kann an verschiedene Hikvision-Systeme angeschlossen werden. Es kann als Monitor f\u00fcr ein IP-Kamerasystem, eine Gegensprechanlage, ein Zutrittssystem und das Einbruchsystem AX Pro verwendet werden.<\/p>\n<p>Der Monitor mit einer Aufl\u00f6sung von 1024\u00d7600 Pixeln ist ein Touchscreen-Bildschirm. Der Monitor verf\u00fcgt \u00fcber einen kapazitiven (Hartglas-)Bildschirm.<\/p>\n<p>Das Hikvision DS-KH9510-WTE1(B) stammt aus der zweiten Generation der Hikvision-Intercom-Produkte und in dieser zweiten Generation k\u00f6nnen die Produkte kombiniert werden. Sowohl IP- als auch 2-Draht-Produkte k\u00f6nnen zusammen verwendet werden.<\/p>\n<p><strong>Montage<\/strong><\/p>\n<p>Der Innenmonitor ist ein Aufputzmodell und wird drahtlos mit WLAN verbunden oder mit einem Netzwerkkabel an einen Switch oder Router angeschlossen. Der Monitor kann mit einem Netzwerkkabel \u00fcber einen PoE-Switch oder PoE-Injektor oder mit einem 12VDC-Netzteil (nicht im Lieferumfang enthalten) mit Strom versorgt werden. Es kann ein passender 12DC-Adapter bestellt werden, der unter der Registerkarte \u201eVerwandt\u201c platziert ist.<\/p>\n<ul>\n<li>Android-Betriebssystem<\/li>\n<li>SIP-Unterst\u00fctzung<\/li>\n<li>Stellen Sie eine drahtlose Verbindung zu WLAN her<\/li>\n<li>Stromversorgung und Signal \u00fcber 1 Netzwerkkabel mit 802.3af PoE m\u00f6glich<\/li>\n<li>Kombinierbar mit Hikivision-Einbruch-, Gegensprech-, Kamera- und Zutrittskontrollsystemen<\/li>\n<li>Gegenseitige Kommunikation zwischen Monitoren<\/li>\n<\/ul>\n<p><a href=\"https:\/\/webstore4.com\/Copyright\/\" target=\"_blank\" rel=\"noopener\"><span style=\"color: #ff6e03; font-size: 11px;\">\u00a9 Der Text ist urheberrechtlich gesch\u00fctzt<\/span><\/a><\/p>","protected":false},"excerpt":{"rendered":"<p>Der Hikvision DS-KH9510-WTE1(B) ist ein 10,1-Zoll-WLAN-Innenmonitor.<\/p>","protected":false},"featured_media":9840,"comment_status":"open","ping_status":"closed","template":"","meta":[],"pwb-brand":[3367],"product_cat":[4178,4182],"product_tag":[],"class_list":{"0":"post-9839","1":"product","2":"type-product","3":"status-publish","4":"has-post-thumbnail","6":"pwb-brand-hikvision","7":"product_cat-intercom","8":"product_cat-hikvision-ip-video","9":"product_shipping_class-pakket","10":"pa_aansluiting-netwerk-kabel","11":"pa_aansluiting-wi-fi","12":"pa_afmeting-monitor-7-inch","13":"pa_audio-microfoon","14":"pa_audio-speaker","15":"pa_draadloos-ja-wi-fi-802-11","16":"pa_geheugenkaart-type-micro-sdsdhcsdxc-32gb","17":"pa_ip-camera-kanalen-3617","18":"pa_kleur-wit","19":"pa_merk-hikvision","20":"pa_mobiele-app-fabrikant-ja","21":"pa_montage-opbouw","22":"pa_omgeving-binnen","23":"pa_opnemen-op-sd-kaart-ja","24":"pa_poe-802-3af","25":"pa_product-monitor","26":"pa_product-status-a","27":"pa_resolutie-monitor-1024-x-600","28":"pa_voeding-12vdc","29":"pa_voeding-poe","31":"first","32":"onbackorder","33":"taxable","34":"shipping-taxable","35":"purchasable","36":"product-type-simple"},"brands":[{"id":3367,"name":"Hikvision","slug":"hikvision"}],"_links":{"self":[{"href":"https:\/\/webstore4.com\/de\/wp-json\/wp\/v2\/product\/9839","targetHints":{"allow":["GET"]}}],"collection":[{"href":"https:\/\/webstore4.com\/de\/wp-json\/wp\/v2\/product"}],"about":[{"href":"https:\/\/webstore4.com\/de\/wp-json\/wp\/v2\/types\/product"}],"replies":[{"embeddable":true,"href":"https:\/\/webstore4.com\/de\/wp-json\/wp\/v2\/comments?post=9839"}],"wp:featuredmedia":[{"embeddable":true,"href":"https:\/\/webstore4.com\/de\/wp-json\/wp\/v2\/media\/9840"}],"wp:attachment":[{"href":"https:\/\/webstore4.com\/de\/wp-json\/wp\/v2\/media?parent=9839"}],"wp:term":[{"taxonomy":"pwb-brand","embeddable":true,"href":"https:\/\/webstore4.com\/de\/wp-json\/wp\/v2\/pwb-brand?post=9839"},{"taxonomy":"product_cat","embeddable":true,"href":"https:\/\/webstore4.com\/de\/wp-json\/wp\/v2\/product_cat?post=9839"},{"taxonomy":"product_tag","embeddable":true,"href":"https:\/\/webstore4.com\/de\/wp-json\/wp\/v2\/product_tag?post=9839"}],"curies":[{"name":"wp","href":"https:\/\/api.w.org\/{rel}","templated":true}]}}