{"id":9812,"date":"2021-02-27T17:52:47","date_gmt":"2021-02-27T15:52:47","guid":{"rendered":"https:\/\/webstore4.com\/\/?product=dahua-ktw01-complete-ip-video-deurbel-intercom-kit-met-vto2211g-wp-en-vth5221dw-s2-inclusief-12vdc-voedingen"},"modified":"2026-01-04T13:56:07","modified_gmt":"2026-01-04T12:56:07","slug":"dahua-ktw01-complete-ip-video-deurbel-intercom-kit","status":"publish","type":"product","link":"https:\/\/webstore4.com\/de\/product\/dahua-ktw01-complete-ip-video-deurbel-intercom-kit\/","title":{"rendered":"Dahua KTW01 komplettes IP-Video-T\u00fcrklingel-Gegensprech-Set mit VTO2211G-WP und VTH5221DW-S2 inklusive 12-V-Gleichstrom-Netzteilen"},"content":{"rendered":"<p>Das Dahua KTW01 ist ein komplettes IP-Video-T\u00fcrklingel-Set mit einem <a href=\"https:\/\/webstore4.com\/dahua-vto2211g-wp-ip-video-intercom-wifi-deurbel-met-mifare-kaartlezer-en-poe\/\" target=\"_blank\" rel=\"noopener\"><span style=\"color: #ff6e03;\">VTO2211G-WP Au\u00dfenstation<\/span><\/a> und ein <a href=\"https:\/\/webstore4.com\/dahua-vth5221dw-s2-ip-video-intercom-7-inch-touchscreen-wifi-binnen-monitor-met-poe-witte-omlijsting\/\" target=\"_blank\" rel=\"noopener\"><span style=\"color: #ff6e03;\">VTH5221DW-S2 Innenmonitor<\/span><\/a> mit wei\u00dfem Geh\u00e4use. Das Kit wird mit zwei 12-V-Gleichstrom-Netzteilen geliefert. Sowohl die T\u00fcrklingel als auch der Monitor k\u00f6nnen auch \u00fcber ein Netzwerkkabel mit dem Netzwerk verbunden und \u00fcber das Netzwerkkabel mit PoE mit Strom versorgt werden. Ein PoE-Netzteil ist nicht im Lieferumfang enthalten, kann aber unter \u201eOptionen\u201c bestellt werden.<\/p>\n<p>Die Dahua VTO2211G-WP ist eine kabellose Wi-Fi-Gegensprechanlage f\u00fcr Au\u00dfenstationen mit einem Mifare-Kartenleser zur Bedienung eines elektrischen T\u00fcrschlosses. Die Au\u00dfenstation kann mit der kostenlosen mobilen Dahua DMSS-App genutzt werden, sodass \u00fcberall auf der Welt ein Audio-\/Videoanruf get\u00e4tigt werden kann. Es kann ein Dahua-Intercom-Monitor f\u00fcr den Innenbereich verwendet werden. Der Dahua VTO2211G-WP verf\u00fcgt \u00fcber SIP-Firmware.<\/p>\n<p>Die Au\u00dfenstation verf\u00fcgt \u00fcber eine 2-Megapixel-Full-HD-Kamera mit einem horizontalen Blickwinkel von 125 Grad und ist mit Infrarotbeleuchtung und einem ICR-Infrarotfilter f\u00fcr gute Sichtbarkeit im Dunkeln ausgestattet. Der VTO2211G-P verf\u00fcgt \u00fcber einen 120dB Wide Dynamic Range, sodass ein brauchbares Bild, beispielsweise bei Gegenlicht, entsteht<a href=\"https:\/\/www.webstore4ipcameras.nl\/\" target=\"_blank\" rel=\"noopener\">.<\/a>\u00a0Der Dahua VTO2211G-P besteht aus robustem Kunststoff und verf\u00fcgt \u00fcber die Schutzart IP65 f\u00fcr den Au\u00dfenbereich. Selbstverst\u00e4ndlich verf\u00fcgt der VTO2211G-P \u00fcber ein empfindliches omnidirektionales Mikrofon und einen Lautsprecher f\u00fcr klare Gespr\u00e4che. Zus\u00e4tzlich zur Verwendung mit der mobilen App kann der VTO2211G-P mit einem oder mehreren Dahua Intercom-Innenmonitoren verwendet werden. Sobald die Ruftaste gedr\u00fcckt wird, sendet die Au\u00dfenstation eine direkte Push-Benachrichtigung an das Smartphone und l\u00e4sst einen Innenmonitor klingeln. Live-Bilder k\u00f6nnen jederzeit mit der App oder einem Innenmonitor betrachtet werden.<\/p>\n<p>Der Dahua VTH5221DW-S2 ist ein kabelloser 7-Zoll-Wi-Fi-Innenmonitor mit einem Glas-Touchscreen-Farbbildschirm zur Verwendung in einem kabelgebundenen oder kabellosen Dahua IP-Gegensprechsystem. Der Dahua VTH5221DW-S2 hat einen wei\u00dfen Rahmen. Mit dem Innenmonitor VTH5221DW-S2 von Dahua ist es m\u00f6glich, ein Audio- und Videogespr\u00e4ch mit einer Person zu f\u00fchren, die an einer Au\u00dfenstation oder zwischen Monitoren steht.<\/p>\n<p>Der Dahua VTH5221DW-S2 kann als kabelgebundener oder kabelloser Monitor in einem kabelgebundenen oder kabellosen Dahua IP-Gegensprechsystem verwendet werden. Der VTH5221DW-S2 kann als einziger Monitor in einem Dahua-Intercom-System verwendet werden, kann aber auch drahtlos als zus\u00e4tzlicher Monitor zu einem vorhandenen kabelgebundenen Dahua-IP-Video-Intercom-System hinzugef\u00fcgt werden.<\/p>\n<p>F\u00fcr eine detailliertere Beschreibung pro Produkt verweisen wir auf die Produkte selbst. Wir empfehlen au\u00dferdem, die Produktseite und das Datenblatt des KTW01 zu konsultieren, die unter der Registerkarte \u201eDokumentation\u201c enthalten sind.<\/p>\n<p><strong>Wichtige Funktionen<\/strong><\/p>\n<ul>\n<li>Komplettset zur Selbstmontage<\/li>\n<li>Kostenlose Software und mobile App<\/li>\n<li>Scannen Sie den QR-Code mit dem Smartphone, ohne eine Portweiterleitung einzurichten<\/li>\n<li>SIP-Protokoll-Firmware<\/li>\n<li>Einfach zu erweitern<\/li>\n<li>Gegenseitige Audiokonversation zwischen Monitoren m\u00f6glich<\/li>\n<li>Der Anschluss einer eigenen (vorhandenen) T\u00fcrklingel ist m\u00f6glich<\/li>\n<li>Anschluss von 2 Elektroschl\u00f6ssern m\u00f6glich<\/li>\n<li>Integrierte Kleinalarmanlage f\u00fcr kabelgebundene Universalmelder (nicht im Lieferumfang enthalten)<\/li>\n<li>Bilder von IP-Kameras auf dem Monitor<\/li>\n<li>WLAN und 12VDC-Stromversorgung oder kabelgebunden und Stromversorgung \u00fcber 1 Netzwerkkabel \u00fcber PoE<\/li>\n<\/ul>\n<p><a href=\"https:\/\/webstore4.com\/Copyright\/\" target=\"_blank\" rel=\"noopener\"><span style=\"color: #ff6e03; font-size: 11px;\">\u00a9 Der Text ist urheberrechtlich gesch\u00fctzt<\/span><\/a><\/p>","protected":false},"excerpt":{"rendered":"<p>De Dahua KTW01 is een complete IP video deurbel kit met een VTO2211G-WP buiten station en een VTH5221DW-S2 binnen monitor met een witte behuizing. De kit wordt geleverd met twee 12VDC voedingen. Zowel de deurbel als de monitor kunnen ook bedraad via een netwerkkabel worden aangesloten op het netwerk en met PoE via de netwerkkabel<\/p>\n<div class=\"klb-readmore button\"><a class=\"btn link\" href=\"https:\/\/webstore4.com\/de\/product\/dahua-ktw01-complete-ip-video-deurbel-intercom-kit\/\">Mehr lesen <i class=\"klbth-icon-right-arrow\"><\/i><\/a><\/div>","protected":false},"featured_media":9813,"comment_status":"open","ping_status":"closed","template":"","meta":[],"pwb-brand":[3376],"product_cat":[4178,4179],"product_tag":[],"class_list":{"0":"post-9812","1":"product","2":"type-product","3":"status-publish","4":"has-post-thumbnail","6":"pwb-brand-dahua","7":"product_cat-intercom","8":"product_cat-dahua-ip-video","9":"product_shipping_class-pakket","10":"pa_aansluiting-netwerk-kabel","11":"pa_aansluiting-wi-fi","12":"pa_audio-microfoon-speaker","13":"pa_beeldhoek-graden-horizontaal-3994","14":"pa_draadloos-ja-wi-fi-802-11","15":"pa_materiaal-kunststof","16":"pa_megapixel-2mp","17":"pa_merk-dahua","18":"pa_mobiele-app-fabrikant-ja","19":"pa_montage-opbouw","20":"pa_nachtzicht-ja","21":"pa_omgeving-binnen-en-buiten","22":"pa_poe-802-3af","23":"pa_product-complete-kit","24":"pa_product-status-a","25":"pa_vandaalbestendig-nee","26":"pa_voeding-12vdc","27":"pa_voeding-inclusief-adapter","29":"first","30":"onbackorder","31":"taxable","32":"shipping-taxable","33":"purchasable","34":"product-type-simple"},"brands":[{"id":3376,"name":"Dahua","slug":"dahua"}],"_links":{"self":[{"href":"https:\/\/webstore4.com\/de\/wp-json\/wp\/v2\/product\/9812","targetHints":{"allow":["GET"]}}],"collection":[{"href":"https:\/\/webstore4.com\/de\/wp-json\/wp\/v2\/product"}],"about":[{"href":"https:\/\/webstore4.com\/de\/wp-json\/wp\/v2\/types\/product"}],"replies":[{"embeddable":true,"href":"https:\/\/webstore4.com\/de\/wp-json\/wp\/v2\/comments?post=9812"}],"wp:featuredmedia":[{"embeddable":true,"href":"https:\/\/webstore4.com\/de\/wp-json\/wp\/v2\/media\/9813"}],"wp:attachment":[{"href":"https:\/\/webstore4.com\/de\/wp-json\/wp\/v2\/media?parent=9812"}],"wp:term":[{"taxonomy":"pwb-brand","embeddable":true,"href":"https:\/\/webstore4.com\/de\/wp-json\/wp\/v2\/pwb-brand?post=9812"},{"taxonomy":"product_cat","embeddable":true,"href":"https:\/\/webstore4.com\/de\/wp-json\/wp\/v2\/product_cat?post=9812"},{"taxonomy":"product_tag","embeddable":true,"href":"https:\/\/webstore4.com\/de\/wp-json\/wp\/v2\/product_tag?post=9812"}],"curies":[{"name":"wp","href":"https:\/\/api.w.org\/{rel}","templated":true}]}}