{"id":9805,"date":"2021-02-20T16:31:21","date_gmt":"2021-02-20T14:31:21","guid":{"rendered":"https:\/\/webstore4.com\/\/?product=uniview-ipc6415sr-x5upw-vg-5mp-starlight-mini-ptz-wifi-camera-voor-binnen-met-ir-nachtzicht-audio-alarm-poe-en-sd-kaart-slot"},"modified":"2026-02-11T16:53:19","modified_gmt":"2026-02-11T15:53:19","slug":"uniview-ipc6415sr-x5upw-vg-5mp-ptz-wifi-camera","status":"publish","type":"product","link":"https:\/\/webstore4.com\/de\/product\/uniview-ipc6415sr-x5upw-vg-5mp-ptz-wifi-camera\/","title":{"rendered":"Uniview IPC6415SR-X5UPW-VG 5MP Starlight Mini-PTZ-WLAN-Kamera f\u00fcr den Innenbereich mit IR-Nachtsicht, Audio, Alarm, PoE und SD-Kartensteckplatz"},"content":{"rendered":"<p>Die Uniview IPC6415SR-X5UPW-VG ist eine Full HD 5MP Starlight Mini-PTZ-WLAN-Kamera f\u00fcr den Innenbereich mit intelligenter Infrarot-Nachtsicht, integriertem Mikrofon und Lautsprecher, Alarmeingang und -ausgang, M\u00f6glichkeit zur Stromversorgung \u00fcber PoE und der Option zur Aufzeichnung auf einer microSD Karte. Die Kamera funktioniert mit der kostenlosen App und Software von Uniview EZView, EZLive und EZStation.<\/p>\n<p><strong>Gestochen scharfes Full-HD-Bild<\/strong><\/p>\n<p>Die Kamera zeigt Bilder in Full-HD-Aufl\u00f6sung von 2880x1620 Pixeln an. Dar\u00fcber hinaus verf\u00fcgt die Kamera \u00fcber einen eingebauten IR-Sperrfilter (ICR), was sie zu einer echten Tag-\/Nachtkamera macht. Die Kamera verf\u00fcgt \u00fcber einen lichtempfindlichen Starlight-Bildsensor f\u00fcr Farbbilder mit einem minimalen Luxwert von 0,003 Lux. Die Kamera kann au\u00dferdem die eingebaute IR-Beleuchtung zuschalten, sodass auch bei v\u00f6lliger Dunkelheit (0 Lux) scharfe (Schwarz\/Wei\u00df-)Bilder verf\u00fcgbar sind. Die IR-Beleuchtung hat eine Reichweite von nicht weniger als 30 Metern. Die Kamera verf\u00fcgt \u00fcber ein Varifokalobjektiv von 2,7 \u2013 13,5 mm und einen horizontalen Bildwinkel von 30,6 \u2013 106,9 Grad. Neben dem motorischen Zoom l\u00e4sst sich die Kamera auch drehen und neigen.<\/p>\n<p><strong>Zur\u00fcckziehen<\/strong><\/p>\n<p>Der IPC6415SR-X5UPW-VG verf\u00fcgt \u00fcber einen Micro-SD-Steckplatz f\u00fcr eine SD-Karte mit bis zu 256 GB (nicht im Lieferumfang enthalten).<\/p>\n<p><strong>Kostenlose App<\/strong><\/p>\n<p>Die Kamera unterst\u00fctzt die Uniview EZView- und EZLive-App sowie die EZStation PC\/Mac-Software. Der IPC6415SR-X5UPW-VG muss mit 12 VDC oder einem PoE-Netzteil betrieben werden <strong><u>nicht<\/u><\/strong> ist enthalten. F\u00fcr jede Situation kann ein passender Adapter gew\u00e4hlt werden. Unter dem Reiter \u201eOptionen\u201c werden verschiedene passende Adapter angezeigt.<\/p>\n<p>Unter dem Reiter \u201eDokumentation\u201c gibt es einen Link zur Produktseite des Herstellers und zum Datenblatt.<\/p>\n<p><strong>Hauptmerkmale<\/strong><\/p>\n<ul>\n<li>5-Megapixel-Progressive-Scan-CMOS<\/li>\n<li>Starlight-Bildsensor<\/li>\n<li>802.11b\/g\/n WLAN- oder Netzwerkkabelverbindung<\/li>\n<li>H.265-Kodierung<\/li>\n<li>120 dB optischer WDR<\/li>\n<li>Maximale IR-LED-Reichweite von 30 Metern<\/li>\n<li>Eingebautes Mikrofon und Lautsprecher<\/li>\n<li>Alarmeingang und -ausgang<\/li>\n<li>Aufnahme auf microSD-Karte mit bis zu 256 GB<\/li>\n<\/ul>\n<p><a href=\"https:\/\/webstore4.com\/Copyright\/\" target=\"_blank\" rel=\"noopener\"><span style=\"color: #ff6e03; font-size: 11px;\">\u00a9 Der Text ist urheberrechtlich gesch\u00fctzt<\/span><\/a><\/p>","protected":false},"excerpt":{"rendered":"<p>Die Uniview IPC6415SR-X5UPW-VG ist eine Full HD 5MP Starlight Mini-PTZ-WLAN-Kamera f\u00fcr den Innenbereich mit intelligenter Infrarot-Nachtsicht, integriertem Mikrofon und Lautsprecher, Alarmeingang und -ausgang, M\u00f6glichkeit zur Stromversorgung \u00fcber PoE und der Option zur Aufzeichnung auf einer microSD Karte. Die Kamera funktioniert mit der kostenlosen App und Software von Uniview EZView, EZLive und EZStation.<\/p>\n<div class=\"klb-readmore button\"><a class=\"btn link\" href=\"https:\/\/webstore4.com\/de\/product\/uniview-ipc6415sr-x5upw-vg-5mp-ptz-wifi-camera\/\">Mehr lesen <i class=\"klbth-icon-right-arrow\"><\/i><\/a><\/div>","protected":false},"featured_media":9806,"comment_status":"open","ping_status":"closed","template":"","meta":[],"pwb-brand":[3419],"product_cat":[3435,4184,4185],"product_tag":[],"class_list":{"0":"post-9805","1":"product","2":"type-product","3":"status-publish","4":"has-post-thumbnail","6":"pwb-brand-uniview","7":"product_cat-ip-cameras","8":"product_cat-cameras","9":"product_cat-180-360-ptz-cameras","10":"product_shipping_class-pakket","11":"pa_audio-microfoon-speaker","12":"pa_beeldhoek-graden-horizontaal-30-6-106-9","13":"pa_beeldsensor-1-2-7-cmos","14":"pa_dag-nacht-ir-cut-filter-ja","15":"pa_draadloos-ja-wi-fi-802-11","16":"pa_geheugenkaart-type-micro-sdsdhcsdxc-256gb","17":"pa_ingebouwd-type-nachtzicht-infrared-ir-led","18":"pa_lens-mm-2-7-13-5","19":"pa_megapixel-5mp","20":"pa_merk-uniview","21":"pa_minimale-verlichting-0-003-lux-0-lux-met-ir","22":"pa_mobiele-app-fabrikant-ja","23":"pa_nachtzicht-ja","24":"pa_omgeving-binnen","25":"pa_opnemen-op-sd-kaart-ja","26":"pa_poe-802-3af","27":"pa_resolutie-max-pixels-full-hd-2880x1620","28":"pa_voeding-12vdc","29":"pa_voeding-poe","30":"pa_wdr-ja","32":"first","33":"onbackorder","34":"taxable","35":"shipping-taxable","36":"purchasable","37":"product-type-simple"},"brands":[{"id":3419,"name":"Uniview","slug":"uniview"}],"_links":{"self":[{"href":"https:\/\/webstore4.com\/de\/wp-json\/wp\/v2\/product\/9805","targetHints":{"allow":["GET"]}}],"collection":[{"href":"https:\/\/webstore4.com\/de\/wp-json\/wp\/v2\/product"}],"about":[{"href":"https:\/\/webstore4.com\/de\/wp-json\/wp\/v2\/types\/product"}],"replies":[{"embeddable":true,"href":"https:\/\/webstore4.com\/de\/wp-json\/wp\/v2\/comments?post=9805"}],"wp:featuredmedia":[{"embeddable":true,"href":"https:\/\/webstore4.com\/de\/wp-json\/wp\/v2\/media\/9806"}],"wp:attachment":[{"href":"https:\/\/webstore4.com\/de\/wp-json\/wp\/v2\/media?parent=9805"}],"wp:term":[{"taxonomy":"pwb-brand","embeddable":true,"href":"https:\/\/webstore4.com\/de\/wp-json\/wp\/v2\/pwb-brand?post=9805"},{"taxonomy":"product_cat","embeddable":true,"href":"https:\/\/webstore4.com\/de\/wp-json\/wp\/v2\/product_cat?post=9805"},{"taxonomy":"product_tag","embeddable":true,"href":"https:\/\/webstore4.com\/de\/wp-json\/wp\/v2\/product_tag?post=9805"}],"curies":[{"name":"wp","href":"https:\/\/api.w.org\/{rel}","templated":true}]}}