{"id":9795,"date":"2021-02-13T12:58:42","date_gmt":"2021-02-13T10:58:42","guid":{"rendered":"https:\/\/webstore4.com\/\/?product=dahua-dh-ipc-k42p-4mp-wifi-cube-camera-met-pir-bewegingsdetectie-2-weg-audio-alarm-ingang-en-uitgang-rj45-poort"},"modified":"2025-02-19T05:22:07","modified_gmt":"2025-02-19T04:22:07","slug":"dahua-dh-ipc-k42p-4mp-wifi-cube-camera","status":"publish","type":"product","link":"https:\/\/webstore4.com\/de\/product\/dahua-dh-ipc-k42p-4mp-wifi-cube-camera\/","title":{"rendered":"Dahua DH-IPC-K42P 4MP WiFi-W\u00fcrfelkamera mit PIR-Bewegungserkennung, 2-Wege-Audio, Alarmeingang und -ausgang, RJ45-Anschluss"},"content":{"rendered":"<p>Die Dahua DH-IPC-K42P 4MP ist eine WLAN-W\u00fcrfelkamera mit Mikrofon und Lautsprecher f\u00fcr Zwei-Wege-Audio, PIR-Erkennung f\u00fcr zuverl\u00e4ssige Bewegungserkennung, IR-Nachtsicht und der M\u00f6glichkeit, in der Kamera auf einer microSD-Karte (nicht im Lieferumfang enthalten) aufzunehmen. Die Kamera verf\u00fcgt \u00fcber einen Ein- und Ausgang f\u00fcr kabelgebundene Alarme. Die W\u00fcrfelkamera wird h\u00e4ufig als Minikamera f\u00fcr den Innenbereich im Wohnzimmer oder B\u00fcro verwendet. Der Dahua DH-IPC-K42P kann auch als Babyphone verwendet werden.<\/p>\n<p><strong>Gestochen scharfes Full-HD-Bild<\/strong><\/p>\n<p>Die Kamera zeigt Bilder in einer Full-HD-Aufl\u00f6sung von 2560 x 1440 Pixeln an. Dar\u00fcber hinaus verf\u00fcgt die Kamera \u00fcber einen eingebauten IR-Sperrfilter (ICR), was sie zu einer echten Tag-\/Nachtkamera macht. Bei Dunkelheit kann die Kamera auch die integrierte IR-Beleuchtung einschalten, sodass Bilder auch bei v\u00f6lliger Dunkelheit (0 Lux) betrachtet werden k\u00f6nnen. Die IR-Beleuchtung hat eine Reichweite von 10 Metern. Die Kamera verf\u00fcgt \u00fcber ein festes 2,8-mm-Objektiv und einen horizontalen Betrachtungswinkel von 97 Grad.<\/p>\n<p><strong>Zur\u00fcckziehen<\/strong><\/p>\n<p>Die Kamera verf\u00fcgt \u00fcber einen Micro-SD-Slot f\u00fcr eine SD-Karte mit bis zu 256 GB, der unter \u201eOptionen\u201c bestellt werden kann. Bilder k\u00f6nnen auch mit Cloud Recording aufgezeichnet werden.<\/p>\n<p><strong>Kostenlose App<\/strong><\/p>\n<p>Der Dahua DH-IPC-K42P unterst\u00fctzt die DMSS-App f\u00fcr iOS und Android. Somit ist es m\u00f6glich, Livebilder direkt auf Ihrem Smartphone oder PC anzusehen. Die Kamera muss mit 12 VDC betrieben werden. Ein Steckeradapter ist im Lieferumfang enthalten. Die Kamera kann auch kabelgebunden an den RJ45-Port f\u00fcr ein Netzwerkkabel angeschlossen werden, kann jedoch nicht \u00fcber PoE mit Strom versorgt werden.<\/p>\n<p><strong>Hauptmerkmale<\/strong><\/p>\n<ul>\n<li>4-Megapixel-Progressive-Scan-CMOS<\/li>\n<li>802.11b\/g\/n WLAN- oder Netzwerkkabelverbindung<\/li>\n<li>2,8 mm festes Objektiv<\/li>\n<li>Maximale IR-LED-Reichweite von 10 Metern<\/li>\n<li>PIR-Detektor<\/li>\n<li>Alarmeingang und -ausgang<\/li>\n<li>Aufnahme auf microSD-Karte mit bis zu 256 GB<\/li>\n<\/ul>\n<p><a href=\"https:\/\/www.webstore4ipcameras.nl\/Copyright\" target=\"_blank\" rel=\"noopener\"><span style=\"color: #ff6e03; font-size: 11px;\">\u00a9 Der Text ist urheberrechtlich gesch\u00fctzt<\/span><\/a><\/p>","protected":false},"excerpt":{"rendered":"<p>De Dahua DH-IPC-K42P 4MP is een WiFi cube camera met microfoon en luidspreker voor tweeweg audio, PIR detectie voor betrouwbare bewegingsdetectie, IR nachtzicht en de mogelijkheid om op te nemen in de camera op een microSD kaart (niet meegeleverd). De camera beschikt over een ingang en uitgang voor bedraad alarm. De cube camera wordt veelal<\/p>\n<div class=\"klb-readmore button\"><a class=\"btn link\" href=\"https:\/\/webstore4.com\/de\/product\/dahua-dh-ipc-k42p-4mp-wifi-cube-camera\/\">Mehr lesen <i class=\"klbth-icon-right-arrow\"><\/i><\/a><\/div>","protected":false},"featured_media":9796,"comment_status":"open","ping_status":"closed","template":"","meta":[],"pwb-brand":[3376],"product_cat":[4184,4242],"product_tag":[],"class_list":{"0":"post-9795","1":"product","2":"type-product","3":"status-publish","4":"has-post-thumbnail","6":"pwb-brand-dahua","7":"product_cat-cameras","8":"product_cat-cube-cameras-cameras","9":"product_shipping_class-pakket","10":"pa_audio-microfoon-speaker","11":"pa_beeldhoek-graden-horizontaal-3868","12":"pa_beeldsensor-1-3-cmos","13":"pa_dag-nacht-ir-cut-filter-ja","14":"pa_draadloos-ja-wi-fi-802-11","15":"pa_geheugenkaart-type-micro-sdsdhcsdxc-256gb","16":"pa_ingebouwd-type-nachtzicht-infrared-ir-led","17":"pa_lens-mm-2-8","18":"pa_megapixel-4mp","19":"pa_merk-dahua","20":"pa_mobiele-app-fabrikant-ja","21":"pa_nachtzicht-ja","22":"pa_omgeving-binnen","23":"pa_opnemen-op-sd-kaart-ja","24":"pa_poe-nee","25":"pa_product-status-a","26":"pa_resolutie-max-pixels-full-hd-2560x1440","27":"pa_voeding-12vdc","28":"pa_wdr-ja","30":"first","31":"onbackorder","32":"sold-individually","33":"taxable","34":"shipping-taxable","35":"purchasable","36":"product-type-simple"},"brands":[{"id":3376,"name":"Dahua","slug":"dahua"}],"_links":{"self":[{"href":"https:\/\/webstore4.com\/de\/wp-json\/wp\/v2\/product\/9795","targetHints":{"allow":["GET"]}}],"collection":[{"href":"https:\/\/webstore4.com\/de\/wp-json\/wp\/v2\/product"}],"about":[{"href":"https:\/\/webstore4.com\/de\/wp-json\/wp\/v2\/types\/product"}],"replies":[{"embeddable":true,"href":"https:\/\/webstore4.com\/de\/wp-json\/wp\/v2\/comments?post=9795"}],"wp:featuredmedia":[{"embeddable":true,"href":"https:\/\/webstore4.com\/de\/wp-json\/wp\/v2\/media\/9796"}],"wp:attachment":[{"href":"https:\/\/webstore4.com\/de\/wp-json\/wp\/v2\/media?parent=9795"}],"wp:term":[{"taxonomy":"pwb-brand","embeddable":true,"href":"https:\/\/webstore4.com\/de\/wp-json\/wp\/v2\/pwb-brand?post=9795"},{"taxonomy":"product_cat","embeddable":true,"href":"https:\/\/webstore4.com\/de\/wp-json\/wp\/v2\/product_cat?post=9795"},{"taxonomy":"product_tag","embeddable":true,"href":"https:\/\/webstore4.com\/de\/wp-json\/wp\/v2\/product_tag?post=9795"}],"curies":[{"name":"wp","href":"https:\/\/api.w.org\/{rel}","templated":true}]}}