{"id":9781,"date":"2021-01-31T00:17:12","date_gmt":"2021-01-30T22:17:12","guid":{"rendered":"https:\/\/webstore4.com\/\/?product=wl4-mlba-voet-kantelbaar-voor-aluminium-wl4-truss-roostermast-element-wl4-ml15"},"modified":"2024-04-19T15:12:35","modified_gmt":"2024-04-19T14:12:35","slug":"wl4-mlba-voet-kantelbaar-wl4-truss-roostermast","status":"publish","type":"product","link":"https:\/\/webstore4.com\/de\/product\/wl4-mlba-voet-kantelbaar-wl4-truss-roostermast\/","title":{"rendered":"WL4 MLBA Sockel neigbar f\u00fcr Aluminium WL4 Fachwerk-Gittermastelement WL4 ML15"},"content":{"rendered":"<p>Der WL4 MLBA ist eine neigbare Basis f\u00fcr einen Aluminium-Element-Fachwerkmast ML15. Passende Fachwerkmasten finden Sie unter \u201eOptionen\u201c. Die Basis kann den Mast um 115 Grad neigen und besteht aus Aluminium und verzinktem Stahl.<br \/>\nBeim Truss-Mast-Bausatz ist ein solcher Fu\u00df im Bausatz enthalten. Dar\u00fcber hinaus ist der Kippfu\u00df auch separat bei uns erh\u00e4ltlich.<\/p>\n<p><strong>Wichtigste Funktionen<\/strong><\/p>\n<ul>\n<li>Geeignet f\u00fcr WL4-Fachwerkmasten<\/li>\n<li>Hergestellt aus Aluminium und verzinktem Stahl<\/li>\n<li>Vertikale Neigung von 115 Grad<\/li>\n<li>345x345x127mm<\/li>\n<\/ul>\n<p><a href=\"https:\/\/webstore4.com\/Copyright\/\" target=\"_blank\" rel=\"noopener\"><span style=\"color: #ff6e03; font-size: 11px;\">\u00a9 Der Text ist urheberrechtlich gesch\u00fctzt<\/span><\/a><\/p>","protected":false},"excerpt":{"rendered":"<p>De WL4 MLBA is een kantelbare voet voor een aluminium element truss mast ML15. Geschikte truss masten zijn opgenomen onder &#8216;Opties&#8217;. De voet kan de mast 115 graden kantelen en is gemaakt van aluminium en gegalvaniseerd staal. Bij de Truss masten kit zit een dergelijke voet in de kit. Daarnaast is de kantelbare voet ook<\/p>\n<div class=\"klb-readmore button\"><a class=\"btn link\" href=\"https:\/\/webstore4.com\/de\/product\/wl4-mlba-voet-kantelbaar-wl4-truss-roostermast\/\">Mehr lesen <i class=\"klbth-icon-right-arrow\"><\/i><\/a><\/div>","protected":false},"featured_media":9782,"comment_status":"open","ping_status":"closed","template":"","meta":[],"pwb-brand":[3380],"product_cat":[4464,4469,4465],"product_tag":[],"class_list":{"0":"post-9781","1":"product","2":"type-product","3":"status-publish","4":"has-post-thumbnail","6":"pwb-brand-wl4","7":"product_cat-palen-en-masten","8":"product_cat-toebehoren","9":"product_cat-truss-masten","10":"product_shipping_class-pakket","11":"pa_merk-wl4","12":"pa_omgeving-binnen-en-buiten","14":"first","15":"instock","16":"taxable","17":"shipping-taxable","18":"purchasable","19":"product-type-simple"},"brands":[{"id":3380,"name":"WL4","slug":"wl4"}],"_links":{"self":[{"href":"https:\/\/webstore4.com\/de\/wp-json\/wp\/v2\/product\/9781","targetHints":{"allow":["GET"]}}],"collection":[{"href":"https:\/\/webstore4.com\/de\/wp-json\/wp\/v2\/product"}],"about":[{"href":"https:\/\/webstore4.com\/de\/wp-json\/wp\/v2\/types\/product"}],"replies":[{"embeddable":true,"href":"https:\/\/webstore4.com\/de\/wp-json\/wp\/v2\/comments?post=9781"}],"wp:featuredmedia":[{"embeddable":true,"href":"https:\/\/webstore4.com\/de\/wp-json\/wp\/v2\/media\/9782"}],"wp:attachment":[{"href":"https:\/\/webstore4.com\/de\/wp-json\/wp\/v2\/media?parent=9781"}],"wp:term":[{"taxonomy":"pwb-brand","embeddable":true,"href":"https:\/\/webstore4.com\/de\/wp-json\/wp\/v2\/pwb-brand?post=9781"},{"taxonomy":"product_cat","embeddable":true,"href":"https:\/\/webstore4.com\/de\/wp-json\/wp\/v2\/product_cat?post=9781"},{"taxonomy":"product_tag","embeddable":true,"href":"https:\/\/webstore4.com\/de\/wp-json\/wp\/v2\/product_tag?post=9781"}],"curies":[{"name":"wp","href":"https:\/\/api.w.org\/{rel}","templated":true}]}}