{"id":9717,"date":"2020-12-12T18:28:09","date_gmt":"2020-12-12T16:28:09","guid":{"rendered":"https:\/\/webstore4.com\/\/?product=hikvision-ds-pm1-o1l-we-ax-pro-smarthome-draadloos-inbouw-relais"},"modified":"2024-04-19T15:12:24","modified_gmt":"2024-04-19T14:12:24","slug":"hikvision-ds-pm1-o1l-we-smarthome-inbouw-relais","status":"publish","type":"product","link":"https:\/\/webstore4.com\/de\/product\/hikvision-ds-pm1-o1l-we-smarthome-inbouw-relais\/","title":{"rendered":"Hikvision DS-PM1-O1L-WE Relaismodul AX PRO Smart Home, kabelloses integriertes Relais f\u00fcr die Fernstromversorgung"},"content":{"rendered":"<div class=\"video-frame-box\" style=\"width: 100%; max-width: 480px; max-height: 270px; float: right; padding: 0px 10px 10px 10px;\">\n<div class=\"video-frame\"><iframe src=\"\/\/www.youtube.com\/embed\/AEH_-ssPE90?rel=0&amp;modestbranding=1&amp;showinfo=0&amp;autohide=1\" width=\"480\" height=\"270\" frameborder=\"0\"><\/iframe><\/div>\n<\/div>\n<p>Das Hikvision DS-PM1-O1L-WE-Relaismodul ist Teil des Hikvision AX PRO-Sicherheitssystems. Hikvision AX PRO ist ein drahtloses Einbruch-, Smart-Home- und Videoverifizierungssystem von Hikvision, das sowohl f\u00fcr Privath\u00e4user als auch f\u00fcr Gewerbegeb\u00e4ude geeignet ist. Das AX PRO-Alarmsystem besteht aus einem zentralen Alarm-Hub mit einer gro\u00dfen Auswahl an Detektoren und anderem Zubeh\u00f6r wie Smart Plugs, Repeatern, Bedienfeldern, Kartenlesern, Sirene und einem Strommodul.<\/p>\n<p>Das AX PRO-System funktioniert sehr einfach mit der Hik-Connect-App f\u00fcr Endbenutzer, die auch f\u00fcr andere Hikvision-Produkte wie IP-Kameras verwendet wird. Auf diese Weise k\u00f6nnen Sie als Kunde alle Hikvision-Produkte in einer Anwendung verwalten.<\/p>\n<p><strong>M\u00f6glichkeiten<\/strong><\/p>\n<p>Das Hikvision DS-PM1-O1L-WE ist ein sehr kompaktes, kabelloses Smart-Home-Einbaurelais. Der Funkschalter ist f\u00fcr den Einsatz im Hikvision AX PRO-Alarmsystem vorgesehen und arbeitet mit der Zentraleinheit des Hikvision AX PRO-Alarmsystems in einer maximalen Entfernung von 1800 Metern im offenen Raum zusammen.<\/p>\n<p>Der DS-PM1-O1L-WE dient zur Fernsteuerung der Stromversorgung innerhalb des Hikvision AX PRO-Alarmsystems. Das Hikvision DS-PM1-O1L-WE ist ein universelles Tool zur Fernverwaltung der 7-V- bis 24-V-Stromversorgung.<\/p>\n<p>Das Relais verf\u00fcgt \u00fcber bidirektionale drahtlose 433-MHz-Kommunikation, LED-Anzeige, Ger\u00e4testatusanzeige und Wiedergabe-Ein\/Aus-Anzeige. Durch das kleine Geh\u00e4use l\u00e4sst sich der Schalter leicht verbergen. Die Bedienung erfolgt automatisch oder per App, Schl\u00fcsselanh\u00e4nger oder Tastatur. F\u00fcr unterschiedliche Ereignisse sind unterschiedliche Szenarien m\u00f6glich. Der Schalter verf\u00fcgt \u00fcber einen Sabotageeingang, der als Zoneneingang f\u00fcr Alarme verwendet werden kann.<\/p>\n<p>Der Hikvision DS-PM1-O1L-WE erm\u00f6glicht den Anschluss weiterer Zutrittskontroll- oder Smart-Home-Ger\u00e4te. Denken Sie zum Beispiel an elektrische Schl\u00f6sser, Balken, Licht, Klimaanlagen und Elektroger\u00e4te. Unter \u201eOptionen\u201c sind einige Beispiele aufgef\u00fchrt.<\/p>\n<p>Das Ger\u00e4t wird mit einer 7-24-V-Gleichstromversorgung betrieben. Unter der Registerkarte \u201eDokumentation\u201c gibt es einen Link zum Datenblatt und zur Produktseite des Herstellers mit Informationen zum Produkt, einschlie\u00dflich des ausf\u00fchrlichen Handbuchs.<\/p>\n<p>WebStore4 ist offizieller H\u00e4ndler von Hikvision AX PRO. Wir liefern Hikvision AX PRO auf Selbstkonfigurationsbasis. F\u00fcr gr\u00f6\u00dfere Mengen k\u00f6nnen wir auf Anfrage einen wettbewerbsf\u00e4higeren Preis anbieten und auf Anfrage auch die Installation anbieten.<\/p>\n<p><strong>Wichtigste Funktionen<\/strong><\/p>\n<ul>\n<li>Verwaltung mit der Hik-Connect-Anwendung<\/li>\n<li>Erm\u00f6glicht den Anschluss externer Ger\u00e4te an das Hikvision-Alarmsystem<\/li>\n<li>Sehr kompakt<\/li>\n<li>Optionen zum Festlegen verschiedener Szenarien<\/li>\n<li>Kann in einer offenen Fl\u00e4che von 1800 Metern an die AX PRO-Zentraleinheit angeschlossen werden<\/li>\n<li>Fernspeisung f\u00fcr DC 7V bis 24V<\/li>\n<li>1x Alarmeingang NO\/NC (0 bis 36V DC, max. 5A)<\/li>\n<li>Gr\u00fcn-roter LED-Status, registriertes Signal<\/li>\n<li>Gr\u00fcner LED-Status, Power<\/li>\n<li>Blauer LED-Status, Status<\/li>\n<li>Bidirektionale drahtlose 433-MHz-Kommunikation<\/li>\n<li>Wei\u00df<\/li>\n<\/ul>\n<p><a href=\"https:\/\/www.webstore4ipcameras.nl\/Copyright\" target=\"_blank\" rel=\"noopener\"><span style=\"color: #ff6e03; font-size: 11px;\">\u00a9 Der Text ist urheberrechtlich gesch\u00fctzt<\/span><\/a><\/p>","protected":false},"excerpt":{"rendered":"<p>De Hikvision DS-PM1-O1L-WE Relay module is onderdeel van het Hikvision AX PRO beveiligingssysteem. Hikvision AX PRO is een draadloos inbraak-, smart home en videoverificatiesysteem van Hikvision geschikt voor zowel woningen als bedrijfsgebouwen. Het AX PRO alarmsysteem bestaat uit een centrale alarm hub met en een brede keuze aan detectoren en andere accessoires, zoals slimme stekkers,<\/p>\n<div class=\"klb-readmore button\"><a class=\"btn link\" href=\"https:\/\/webstore4.com\/de\/product\/hikvision-ds-pm1-o1l-we-smarthome-inbouw-relais\/\">Mehr lesen <i class=\"klbth-icon-right-arrow\"><\/i><\/a><\/div>","protected":false},"featured_media":9718,"comment_status":"open","ping_status":"closed","template":"","meta":[],"pwb-brand":[3367],"product_cat":[3466,4224,3483],"product_tag":[],"class_list":{"0":"post-9717","1":"product","2":"type-product","3":"status-publish","4":"has-post-thumbnail","6":"pwb-brand-hikvision","7":"product_cat-alarm","8":"product_cat-alarmsystemen","9":"product_cat-hikvision-ax-pro","10":"product_shipping_class-pakket","11":"pa_kleur-wit","12":"pa_merk-hikvision","13":"pa_product-accessoires","14":"pa_product-signaalversterker","16":"first","17":"onbackorder","18":"taxable","19":"shipping-taxable","20":"purchasable","21":"product-type-simple"},"brands":[{"id":3367,"name":"Hikvision","slug":"hikvision"}],"_links":{"self":[{"href":"https:\/\/webstore4.com\/de\/wp-json\/wp\/v2\/product\/9717","targetHints":{"allow":["GET"]}}],"collection":[{"href":"https:\/\/webstore4.com\/de\/wp-json\/wp\/v2\/product"}],"about":[{"href":"https:\/\/webstore4.com\/de\/wp-json\/wp\/v2\/types\/product"}],"replies":[{"embeddable":true,"href":"https:\/\/webstore4.com\/de\/wp-json\/wp\/v2\/comments?post=9717"}],"wp:featuredmedia":[{"embeddable":true,"href":"https:\/\/webstore4.com\/de\/wp-json\/wp\/v2\/media\/9718"}],"wp:attachment":[{"href":"https:\/\/webstore4.com\/de\/wp-json\/wp\/v2\/media?parent=9717"}],"wp:term":[{"taxonomy":"pwb-brand","embeddable":true,"href":"https:\/\/webstore4.com\/de\/wp-json\/wp\/v2\/pwb-brand?post=9717"},{"taxonomy":"product_cat","embeddable":true,"href":"https:\/\/webstore4.com\/de\/wp-json\/wp\/v2\/product_cat?post=9717"},{"taxonomy":"product_tag","embeddable":true,"href":"https:\/\/webstore4.com\/de\/wp-json\/wp\/v2\/product_tag?post=9717"}],"curies":[{"name":"wp","href":"https:\/\/api.w.org\/{rel}","templated":true}]}}