{"id":9663,"date":"2020-11-13T13:53:34","date_gmt":"2020-11-13T11:53:34","guid":{"rendered":"https:\/\/webstore4.com\/\/?product=yli-yad-102is-infrarood-pir-sensor-voor-gebruik-met-automatische-deuropeners"},"modified":"2024-04-19T15:12:07","modified_gmt":"2024-04-19T14:12:07","slug":"yli-yad-102is-infrarood-pir-sensor","status":"publish","type":"product","link":"https:\/\/webstore4.com\/de\/product\/yli-yad-102is-infrarood-pir-sensor\/","title":{"rendered":"YLI YAD-102IS Infrarot-PIR-Sensor zur Verwendung mit automatischen T\u00fcr\u00f6ffnern"},"content":{"rendered":"<p>Der YLI YAD-102IS ist ein Passiv-Infrarot-Sensor (PIR) zur Verwendung mit T\u00fcr\u00f6ffnern. Der YLI YAD-102IS eignet sich beispielsweise f\u00fcr die Verwendung mit dem YLI YAD-200SW(PULL) und YLI YAD-200SW(PUSH).<br \/>\nDie YLI YAD-200SW(PULL) und YLI YAD-200SW(PUSH) k\u00f6nnen unter \u201eOptionen\u201c eingesehen werden.<\/p>\n<p>Wir empfehlen Ihnen, f\u00fcr die richtige Anwendung das Datenblatt\/Handbuch zu konsultieren, das unter der Registerkarte \u201eDokumentation\u201c enthalten ist.<\/p>\n<p><strong>Wichtigste Funktionen<\/strong><\/p>\n<ul>\n<li>\u00d6ffnen Sie eine motorisierte T\u00fcr mit einem Sensor<\/li>\n<li>Universeller Sensor f\u00fcr automatische T\u00fcr\u00f6ffner<\/li>\n<li>12 bis 24 VAC oder 12 bis 30 VDC Netzteil (nicht im Lieferumfang enthalten)<\/li>\n<\/ul>\n<p><a href=\"https:\/\/www.webstore4ipcameras.nl\/Copyright\" target=\"_blank\" rel=\"noopener\"><span style=\"color: #ff6e03; font-size: 11px;\">\u00a9 Der Text ist urheberrechtlich gesch\u00fctzt<\/span><\/a><\/p>","protected":false},"excerpt":{"rendered":"<p>De YLI YAD-102IS is een passief infrarood (PIR) sensor voor gebruik met deuropeners. De YLI YAD-102IS\u00a0is geschikt voor gebruik met bijvoorbeeld de YLI YAD-200SW(PULL) en\u00a0YLI YAD-200SW(PUSH). De YLI YAD-200SW(PULL) en YLI YAD-200SW(PUSH) kunnen worden bekeken onder &#8216;Opties&#8217;. Wij adviseren de datasheet\/handleiding, die is opgenomen onder het tabblad &#8216;Documentatie&#8217;, te raadplegen voor de juiste toepassing. Belangrijkste<\/p>\n<div class=\"klb-readmore button\"><a class=\"btn link\" href=\"https:\/\/webstore4.com\/de\/product\/yli-yad-102is-infrarood-pir-sensor\/\">Mehr lesen <i class=\"klbth-icon-right-arrow\"><\/i><\/a><\/div>","protected":false},"featured_media":9664,"comment_status":"closed","ping_status":"closed","template":"","meta":[],"pwb-brand":[3382],"product_cat":[4191,4197],"product_tag":[],"class_list":{"0":"post-9663","1":"product","2":"type-product","3":"status-publish","4":"has-post-thumbnail","6":"pwb-brand-yli","7":"product_cat-access","8":"product_cat-elektrische-sloten","9":"pa_garantie-2-jaar","10":"pa_merk-yli","11":"pa_montage-opbouw","12":"pa_omgeving-binnen","13":"pa_product-sensor","14":"pa_voeding-12vdc","15":"pa_voeding-24vdc","16":"pa_voeding-24vac","18":"first","19":"instock","20":"taxable","21":"shipping-taxable","22":"purchasable","23":"product-type-simple"},"brands":[{"id":3382,"name":"YLI","slug":"yli"}],"_links":{"self":[{"href":"https:\/\/webstore4.com\/de\/wp-json\/wp\/v2\/product\/9663","targetHints":{"allow":["GET"]}}],"collection":[{"href":"https:\/\/webstore4.com\/de\/wp-json\/wp\/v2\/product"}],"about":[{"href":"https:\/\/webstore4.com\/de\/wp-json\/wp\/v2\/types\/product"}],"replies":[{"embeddable":true,"href":"https:\/\/webstore4.com\/de\/wp-json\/wp\/v2\/comments?post=9663"}],"wp:featuredmedia":[{"embeddable":true,"href":"https:\/\/webstore4.com\/de\/wp-json\/wp\/v2\/media\/9664"}],"wp:attachment":[{"href":"https:\/\/webstore4.com\/de\/wp-json\/wp\/v2\/media?parent=9663"}],"wp:term":[{"taxonomy":"pwb-brand","embeddable":true,"href":"https:\/\/webstore4.com\/de\/wp-json\/wp\/v2\/pwb-brand?post=9663"},{"taxonomy":"product_cat","embeddable":true,"href":"https:\/\/webstore4.com\/de\/wp-json\/wp\/v2\/product_cat?post=9663"},{"taxonomy":"product_tag","embeddable":true,"href":"https:\/\/webstore4.com\/de\/wp-json\/wp\/v2\/product_tag?post=9663"}],"curies":[{"name":"wp","href":"https:\/\/api.w.org\/{rel}","templated":true}]}}