{"id":9653,"date":"2020-11-12T17:31:35","date_gmt":"2020-11-12T15:31:35","guid":{"rendered":"https:\/\/webstore4.com\/\/?product=dahua-vtm121-ip-video-intercom-inbouw-behuizing-voor-buiten-station"},"modified":"2025-05-07T14:38:18","modified_gmt":"2025-05-07T13:38:18","slug":"dahua-vtm121-ip-video-intercom-inbouw-behuizing-voor-buiten-station","status":"publish","type":"product","link":"https:\/\/webstore4.com\/de\/product\/dahua-vtm121-ip-video-intercom-inbouw-behuizing-voor-buiten-station\/","title":{"rendered":"Dahua VTM121 IP-Video-Gegensprechanlage, Einbaugeh\u00e4use f\u00fcr Au\u00dfenstation"},"content":{"rendered":"<p>De Dahua VTM121 is een IP video intercom inbouw behuizing voor onder meer de VTO6521H(-D). De geschikte VTO is opgenomen onder &#8216;Opties&#8217;.<\/p>\n<p>Onder het tabblad &#8216;Documentatie&#8217; is de datasheet van de fabrikant opgenomen met alle overige details.<\/p>\n<p><strong>Wichtigste Funktionen<\/strong><\/p>\n<ul>\n<li>Geschikt voor VTO6521H(-D)<\/li>\n<li>373x 143x 67,5 MM<\/li>\n<li>Schwarz<\/li>\n<\/ul>\n<p><a href=\"https:\/\/webstore4.com\/Copyright\/\" target=\"_blank\" rel=\"noopener\"><span style=\"color: #ff6e03; font-size: 11px;\">\u00a9 Der Text ist urheberrechtlich gesch\u00fctzt<\/span><\/a><\/p>","protected":false},"excerpt":{"rendered":"<p>De Dahua VTM121 is een IP video intercom inbouw behuizing voor onder meer de VTO6521H(-D). De geschikte VTO is opgenomen onder &#8216;Opties&#8217;. Onder het tabblad &#8216;Documentatie&#8217; is de datasheet van de fabrikant opgenomen met alle overige details. Belangrijkste kenmerken Geschikt voor VTO6521H(-D) 373x 143x 67,5 MM Zwart \u00a9 Tekst is auteursrechtelijk beschermd<\/p>","protected":false},"featured_media":9654,"comment_status":"open","ping_status":"closed","template":"","meta":[],"pwb-brand":[3376],"product_cat":[4178,4179],"product_tag":[],"class_list":{"0":"post-9653","1":"product","2":"type-product","3":"status-publish","4":"has-post-thumbnail","6":"pwb-brand-dahua","7":"product_cat-intercom","8":"product_cat-dahua-ip-video","9":"product_shipping_class-pakket","10":"pa_kleur-zwart","11":"pa_materiaal-metaal","12":"pa_merk-dahua","13":"pa_montage-inbouw","14":"pa_omgeving-binnen-en-buiten","15":"pa_product-modulair","16":"pa_product-status-k","18":"first","19":"onbackorder","20":"taxable","21":"shipping-taxable","22":"purchasable","23":"product-type-simple"},"brands":[{"id":3376,"name":"Dahua","slug":"dahua"}],"_links":{"self":[{"href":"https:\/\/webstore4.com\/de\/wp-json\/wp\/v2\/product\/9653","targetHints":{"allow":["GET"]}}],"collection":[{"href":"https:\/\/webstore4.com\/de\/wp-json\/wp\/v2\/product"}],"about":[{"href":"https:\/\/webstore4.com\/de\/wp-json\/wp\/v2\/types\/product"}],"replies":[{"embeddable":true,"href":"https:\/\/webstore4.com\/de\/wp-json\/wp\/v2\/comments?post=9653"}],"wp:featuredmedia":[{"embeddable":true,"href":"https:\/\/webstore4.com\/de\/wp-json\/wp\/v2\/media\/9654"}],"wp:attachment":[{"href":"https:\/\/webstore4.com\/de\/wp-json\/wp\/v2\/media?parent=9653"}],"wp:term":[{"taxonomy":"pwb-brand","embeddable":true,"href":"https:\/\/webstore4.com\/de\/wp-json\/wp\/v2\/pwb-brand?post=9653"},{"taxonomy":"product_cat","embeddable":true,"href":"https:\/\/webstore4.com\/de\/wp-json\/wp\/v2\/product_cat?post=9653"},{"taxonomy":"product_tag","embeddable":true,"href":"https:\/\/webstore4.com\/de\/wp-json\/wp\/v2\/product_tag?post=9653"}],"curies":[{"name":"wp","href":"https:\/\/api.w.org\/{rel}","templated":true}]}}