{"id":9645,"date":"2020-11-11T00:27:14","date_gmt":"2020-11-10T22:27:14","guid":{"rendered":"https:\/\/webstore4.com\/\/?product=dahua-ktp02-camera-intercom-kit-met-vto2111d-p-s2-deurbel-vth2421fb-p-monitor-en-pfs3005-4et-36-poe-switch"},"modified":"2024-04-19T15:12:04","modified_gmt":"2024-04-19T14:12:04","slug":"dahua-ktp03-camera-intercom-kit","status":"publish","type":"product","link":"https:\/\/webstore4.com\/de\/product\/dahua-ktp03-camera-intercom-kit\/","title":{"rendered":"Dahua KTP03 Kamera-Gegensprechanlage-Set mit VTO2111D-P-S2 T\u00fcrklingel, VTH2621G-P Monitor und PFS3005-4ET-36E PoE-Schalter"},"content":{"rendered":"<p>Das Dahua KTP03 ist ein komplettes Kamera-Gegensprech-Set mit einem <span style=\"color: #ff9900;\"><a style=\"color: #ff9900;\" href=\"https:\/\/webstore4.com\/dahua-vto2111d-p-s2-ip-video-intercom-buiten-station-met-mifare-kaartlezer\/\" target=\"_blank\" rel=\"noopener\">VTO2111D-P-S2 T\u00fcrklingel<\/a><\/span>, <span style=\"color: #ff9900;\"><a style=\"color: #ff9900;\" href=\"https:\/\/webstore4.com\/dahua-vth2421fb-p-ip-video-intercom-binnen-monitor-netwerkkabel-aansluiting-met-poe\/\" target=\"_blank\" rel=\"noopener\">VTH2421FB-P<\/a><\/span> Monitor und a <span style=\"color: #ff9900;\"><a style=\"color: #ff9900;\" href=\"https:\/\/webstore4.com\/dahua-pfs3005-4et-36-4-poort-802-3afat-poe-switch\/\" target=\"_blank\" rel=\"noopener\">PFS3005-4ET-36<\/a><\/span>.<\/p>\n<p>Die Dahua VTO2111D-P-S2 ist eine kabelgebundene Au\u00dfensprechanlage mit Mifare-Kartenleser zur Bedienung eines elektrischen T\u00fcrschlosses. Die Au\u00dfenstation kann mit der kostenlosen mobilen Dahua DMSS-App genutzt werden, sodass \u00fcberall auf der Welt ein Audio-\/Videoanruf get\u00e4tigt werden kann. Die Au\u00dfenstation verf\u00fcgt \u00fcber eine 1 Megapixel HD-Kamera mit einem horizontalen Blickwinkel von 108 Grad und ist mit einem ICR-Infrarotfilter f\u00fcr gute Sichtbarkeit im Dunkeln ausgestattet. Der Dahua VTO2111D-P-S2 besteht aus robustem Kunststoff und verf\u00fcgt \u00fcber die Schutzart IP65 f\u00fcr den Au\u00dfenbereich.<\/p>\n<p>Selbstverst\u00e4ndlich verf\u00fcgt das VTO2111D-P-S1 \u00fcber ein empfindliches omnidirektionales Mikrofon und einen Lautsprecher f\u00fcr klare Gespr\u00e4che. Zus\u00e4tzlich zur Verwendung mit der mobilen App kann der VTO2111D-P-S2 mit einem oder mehreren Dahua Intercom-Innenmonitoren verwendet werden. Sobald die Ruftaste gedr\u00fcckt wird, sendet die Au\u00dfenstation eine direkte Push-Benachrichtigung auf das Smartphone und l\u00e4sst jeden Innenmonitor klingeln. Live-Bilder k\u00f6nnen jederzeit mit der App oder im Monitor betrachtet werden.<\/p>\n<p>Der Dahua VTH2421FB-P ist ein 7-Zoll-Innenmonitor mit einem Glas-Touchscreen-Farbbildschirm zur Verwendung in der Dahua IP-Video-Gegensprechanlage. Der Monitor hat eine Aufl\u00f6sung von 1024 x 600 Pixel. Mit dem Innenmonitor VTH2421FB-P ist es m\u00f6glich, ein Audio- und Videogespr\u00e4ch mit einer Person zu f\u00fchren, die an einer Au\u00dfenstation oder zwischen Monitoren steht. Es ist m\u00f6glich, zwei T\u00fcren vom Monitor aus zu entriegeln. Auch Bilder von Dahua- oder ONVIF-geeigneten IP-Kameras k\u00f6nnen auf dem Monitor betrachtet werden.<\/p>\n<p>Der Dahua PFS3005-4ET-36 ist ein nicht verwalteter Layer-2-Ethernet-Switch mit 4 Ports und 4 PoE-Ports (802.3af\/at). Im Lieferumfang des Schalters ist ein Steckeradapter enthalten.<\/p>\n<p>Das Netzwerkkabel ist nicht im Dahua KTP03-Kit enthalten, kann aber unter der Kategorie \u201e<span style=\"color: #ff9900;\"><a style=\"color: #ff9900;\" href=\"https:\/\/webstore4.com\/netwerk\/netwerkkabels\/\" target=\"_blank\" rel=\"noopener\">Netzwerkkabel<\/a><\/span>&#8216;.<br \/>\nF\u00fcr eine detailliertere Beschreibung der einzelnen Produkte verweisen wir auf die Produkte selbst. Wir empfehlen Ihnen au\u00dferdem, sich die Produktseite und das Datenblatt des Dahua KTP03 anzusehen. Das Datenblatt und die Produktseite sind unter der Registerkarte \u201eDokumentation\u201c enthalten.<\/p>\n<p><strong>Wichtige Funktionen<\/strong><\/p>\n<ul>\n<li>Komplettset zur Selbstmontage<\/li>\n<li>Kostenlose Software und mobile App<\/li>\n<li>SIP-Protokoll-Firmware<\/li>\n<li>Einfach zu erweitern<\/li>\n<li>Gegenseitige Audiokonversation zwischen Monitoren m\u00f6glich<\/li>\n<li>Der Anschluss einer eigenen (vorhandenen) T\u00fcrklingel ist m\u00f6glich<\/li>\n<li>Anschluss von 2 Elektroschl\u00f6ssern m\u00f6glich<\/li>\n<li>Integrierte Kleinalarmanlage f\u00fcr kabelgebundene Universalmelder (nicht im Lieferumfang enthalten)<\/li>\n<li>Bilder von IP-Kameras auf dem Monitor<\/li>\n<li>12VDC-Stromversorgung oder kabelgebunden und Stromversorgung \u00fcber 1 Netzwerkkabel \u00fcber PoE<\/li>\n<\/ul>\n<p><a href=\"https:\/\/webstore4.com\/Copyright\/\" target=\"_blank\" rel=\"noopener\"><span style=\"color: #ff6e03; font-size: 11px;\">\u00a9 Der Text ist urheberrechtlich gesch\u00fctzt<\/span><\/a><\/p>","protected":false},"excerpt":{"rendered":"<p>De Dahua KTP03 is een complete camera intercom kit met een VTO2111D-P-S2 deurbel, VTH2421FB-P monitor en een PFS3005-4ET-36. De Dahua VTO2111D-P-S2 is een bedrade intercom buiten station met een Mifare kaartlezer voor bediening van een elektrisch deurslot. Het buiten station kan worden gebruikt met de gratis Dahua DMSS mobile app zodat een audio\/video gesprek overal<\/p>\n<div class=\"klb-readmore button\"><a class=\"btn link\" href=\"https:\/\/webstore4.com\/de\/product\/dahua-ktp03-camera-intercom-kit\/\">Mehr lesen <i class=\"klbth-icon-right-arrow\"><\/i><\/a><\/div>","protected":false},"featured_media":12148,"comment_status":"open","ping_status":"closed","template":"","meta":[],"pwb-brand":[3376],"product_cat":[4178,4179],"product_tag":[],"class_list":{"0":"post-9645","1":"product","2":"type-product","3":"status-publish","4":"has-post-thumbnail","6":"pwb-brand-dahua","7":"product_cat-intercom","8":"product_cat-dahua-ip-video","9":"product_shipping_class-pakket","10":"pa_aansluiting-netwerk-kabel","11":"pa_afmeting-monitor-7-inch","12":"pa_audio-microfoon-speaker","13":"pa_beeldhoek-graden-horizontaal-4004","14":"pa_extra-bel-mogelijk-ja","15":"pa_frequentie-tags-en-readers-mifare-13-56-mhz","16":"pa_geheugenkaart-type-micro-sdsdhcsdxc-32gb","17":"pa_kaartlezer-ja","18":"pa_materiaal-kunststof","19":"pa_megapixel-1mp","20":"pa_merk-dahua","21":"pa_mobiele-app-fabrikant-ja","22":"pa_montage-opbouw","23":"pa_nachtzicht-ja","24":"pa_omgeving-binnen-en-buiten","25":"pa_poe-802-3af","26":"pa_product-complete-kit","27":"pa_product-status-a","28":"pa_resolutie-monitor-1024-x-600","29":"pa_stand-alone-ja","30":"pa_vandaalbestendig-nee","31":"pa_voeding-poe","32":"pa_wdr-ja","34":"first","35":"onbackorder","36":"taxable","37":"shipping-taxable","38":"purchasable","39":"product-type-simple"},"brands":[{"id":3376,"name":"Dahua","slug":"dahua"}],"_links":{"self":[{"href":"https:\/\/webstore4.com\/de\/wp-json\/wp\/v2\/product\/9645","targetHints":{"allow":["GET"]}}],"collection":[{"href":"https:\/\/webstore4.com\/de\/wp-json\/wp\/v2\/product"}],"about":[{"href":"https:\/\/webstore4.com\/de\/wp-json\/wp\/v2\/types\/product"}],"replies":[{"embeddable":true,"href":"https:\/\/webstore4.com\/de\/wp-json\/wp\/v2\/comments?post=9645"}],"wp:featuredmedia":[{"embeddable":true,"href":"https:\/\/webstore4.com\/de\/wp-json\/wp\/v2\/media\/12148"}],"wp:attachment":[{"href":"https:\/\/webstore4.com\/de\/wp-json\/wp\/v2\/media?parent=9645"}],"wp:term":[{"taxonomy":"pwb-brand","embeddable":true,"href":"https:\/\/webstore4.com\/de\/wp-json\/wp\/v2\/pwb-brand?post=9645"},{"taxonomy":"product_cat","embeddable":true,"href":"https:\/\/webstore4.com\/de\/wp-json\/wp\/v2\/product_cat?post=9645"},{"taxonomy":"product_tag","embeddable":true,"href":"https:\/\/webstore4.com\/de\/wp-json\/wp\/v2\/product_tag?post=9645"}],"curies":[{"name":"wp","href":"https:\/\/api.w.org\/{rel}","templated":true}]}}