{"id":9641,"date":"2020-11-08T19:52:55","date_gmt":"2020-11-08T17:52:55","guid":{"rendered":"https:\/\/webstore4.com\/\/?product=wl4-rfid-tags-blauw-met-key-ring-100-stuks-met-serienummer"},"modified":"2026-01-07T11:24:36","modified_gmt":"2026-01-07T10:24:36","slug":"wl4-rfid-tags-blauw-met-key-ring-100-stuks-met-serienummer","status":"publish","type":"product","link":"https:\/\/webstore4.com\/de\/product\/wl4-rfid-tags-blauw-met-key-ring-100-stuks-met-serienummer\/","title":{"rendered":"WL4 RFID-Tags blau mit Schl\u00fcsselanh\u00e4nger (100 St\u00fcck) mit Seriennummer"},"content":{"rendered":"<p>De WL4 RFID tags zijn 100 tags die gebruikt worden als toegangsdruppel van bijvoorbeeld RFID toegangscontrole systeem. De tags hebben een keyring, waardoor ze eenvoudig aan een sleutelbos verbonden kunnen worden. De tags werken op frequentie 125 KHz en zijn niet kopieerbaar. Doordat de tags een uniek serienummer opdruk hebben, kunnen gebruikers eenvoudig gematched worden aan een nummer. Dit vereenvoudigd de toegangscontrole en tijdregistratie.<\/p>\n<p><strong>Wichtigste Funktionen<\/strong><\/p>\n<ul>\n<li>Frequentie 125 KHz RFID<\/li>\n<li>Blau<\/li>\n<li>Met uniek serienummer<\/li>\n<li>100 stuks<\/li>\n<\/ul>\n<p><a href=\"https:\/\/webstore4.com\/Copyright\/\" target=\"_blank\" rel=\"noopener\"><span style=\"color: #ff6e03; font-size: 11px;\">\u00a9 Der Text ist urheberrechtlich gesch\u00fctzt<\/span><\/a><\/p>","protected":false},"excerpt":{"rendered":"<p>De WL4 RFID tags zijn 100 tags die gebruikt worden als toegangsdruppel van bijvoorbeeld RFID toegangscontrole systeem. De tags hebben een keyring, waardoor ze eenvoudig aan een sleutelbos verbonden kunnen worden. De tags werken op frequentie 125 KHz en zijn niet kopieerbaar. Doordat de tags een uniek serienummer opdruk hebben, kunnen gebruikers eenvoudig gematched worden<\/p>\n<div class=\"klb-readmore button\"><a class=\"btn link\" href=\"https:\/\/webstore4.com\/de\/product\/wl4-rfid-tags-blauw-met-key-ring-100-stuks-met-serienummer\/\">Mehr lesen <i class=\"klbth-icon-right-arrow\"><\/i><\/a><\/div>","protected":false},"featured_media":9642,"comment_status":"open","ping_status":"closed","template":"","meta":[],"pwb-brand":[3380],"product_cat":[4191,4196],"product_tag":[],"class_list":{"0":"post-9641","1":"product","2":"type-product","3":"status-publish","4":"has-post-thumbnail","6":"pwb-brand-wl4","7":"product_cat-access","8":"product_cat-tags","9":"product_shipping_class-pakket","10":"pa_frequentie-tags-en-readers-rfid-125-khz","11":"pa_kleur-blauw","12":"pa_materiaal-kunststof","13":"pa_merk-wl4","14":"pa_product-tag","16":"first","17":"onbackorder","18":"taxable","19":"shipping-taxable","20":"purchasable","21":"product-type-simple"},"brands":[{"id":3380,"name":"WL4","slug":"wl4"}],"_links":{"self":[{"href":"https:\/\/webstore4.com\/de\/wp-json\/wp\/v2\/product\/9641","targetHints":{"allow":["GET"]}}],"collection":[{"href":"https:\/\/webstore4.com\/de\/wp-json\/wp\/v2\/product"}],"about":[{"href":"https:\/\/webstore4.com\/de\/wp-json\/wp\/v2\/types\/product"}],"replies":[{"embeddable":true,"href":"https:\/\/webstore4.com\/de\/wp-json\/wp\/v2\/comments?post=9641"}],"wp:featuredmedia":[{"embeddable":true,"href":"https:\/\/webstore4.com\/de\/wp-json\/wp\/v2\/media\/9642"}],"wp:attachment":[{"href":"https:\/\/webstore4.com\/de\/wp-json\/wp\/v2\/media?parent=9641"}],"wp:term":[{"taxonomy":"pwb-brand","embeddable":true,"href":"https:\/\/webstore4.com\/de\/wp-json\/wp\/v2\/pwb-brand?post=9641"},{"taxonomy":"product_cat","embeddable":true,"href":"https:\/\/webstore4.com\/de\/wp-json\/wp\/v2\/product_cat?post=9641"},{"taxonomy":"product_tag","embeddable":true,"href":"https:\/\/webstore4.com\/de\/wp-json\/wp\/v2\/product_tag?post=9641"}],"curies":[{"name":"wp","href":"https:\/\/api.w.org\/{rel}","templated":true}]}}