{"id":9624,"date":"2020-10-25T17:09:35","date_gmt":"2020-10-25T15:09:35","guid":{"rendered":"https:\/\/webstore4.com\/\/?product=dahua-ipc-hdbw2431rp-zs-s2-dg-donker-grijs-full-hd-4mp-starlight-buiten-dome-ir-nachtzicht-varifocale-lens-120db-wdr-en-sd-slot"},"modified":"2025-02-19T05:22:06","modified_gmt":"2025-02-19T04:22:06","slug":"dahua-ipc-hdbw2431r-zs-s2-dg-4mp-dome","status":"publish","type":"product","link":"https:\/\/webstore4.com\/de\/product\/dahua-ipc-hdbw2431r-zs-s2-dg-4mp-dome\/","title":{"rendered":"Dahua IPC-HDBW2431RP-ZS-S2-DG Dunkelgraues Full HD 4MP Starlight-Au\u00dfenkuppel-IR-Nachtsichtger\u00e4t, Varifokalobjektiv, 120 dB WDR und SD-Steckplatz"},"content":{"rendered":"<p>Die Dahua IPC-HDBW2431R-ZS-S2-DG ist eine dunkelgraue Full HD 4MP Starlight-Au\u00dfenkuppel mit Infrarot-Nachtsicht und einem motorisierten Varifokalobjektiv f\u00fcr den Innen- und Au\u00dfenbereich. Die Kamera ist von Dahua mit einem dunkelgrauen Geh\u00e4use ausgestattet. Unter dem Reiter \u201eOptionen\u201c kann eine passende dunkelgraue Wandhalterung oder Montagedose bestellt werden. Die Kamera eignet sich sehr gut f\u00fcr den Einsatz in Privathaushalten, B\u00fcros, Restaurants, Hotels und Gesch\u00e4ftsr\u00e4umen.<\/p>\n<p><strong>M\u00f6glichkeiten<\/strong><\/p>\n<p>De\u00a0Dahua IPC-HDBW2431R-ZS-S2-DG geeft beelden weer in een Full HD 2688&#215;1520 resolutie. De camera beschikt over\u00a0120 dB Wide Dynamic Range (WDR) waardoor de camera zeer goed kan omgaan met complexe lichtomstandigheden als gevolg van bijvoorbeeld tegenlicht van de zon of auto koplampen.\u00a0De camerasensor heeft Dahua Starlight Technologie waardoor deze ideaal is voor toepassingen met uitdagende licht condities. Door de zeer lichtgevoelige beeldsensor levert de camera met een minimum aan omgevingslicht nog\u00a0bruikbaar kleurenbeeld, zelfs bij bijna volledige duisternis (0.008 lux).<\/p>\n<p>De camera heeft een ingebouwd automatisch IR-cut filter en is daarmee een echte dag\/nacht camera.\u00a0In donkere omstandigheden kan de camera de ingebouwde IR verlichting inschakelen waardoor er zelfs in volledige duisternis (0 Lux) een haarscherp beeld is.\u00a0De IR verlichting heeft een bereik van maar liefst 40 meter.\u00a0De camera beschikt over een gemotoriseerde varifocale lens.<\/p>\n<p>Bilder k\u00f6nnen unter anderem auf einem Netzwerk-Videorecorder (NVR) gespeichert werden. Die Kamera verf\u00fcgt au\u00dferdem \u00fcber die M\u00f6glichkeit, in der Kamera auf einer microSD-Speicherkarte mit bis zu maximal 256 GB aufzuzeichnen.<\/p>\n<p>Dahua bietet eine kostenlose niederl\u00e4ndische App f\u00fcr Apple iOS und Android an. Die Kamera verf\u00fcgt \u00fcber einen internen Webserver, der \u00fcber einen Webbrowser angezeigt und verwaltet werden kann. Video Management Software (VMS) f\u00fcr einen Computer kann kostenlos von der Dahua-Website heruntergeladen werden. Der Reiter \u201eDokumentation\u201c enth\u00e4lt einen Link zur Produktseite des Herstellers.<\/p>\n<p>Die Dahua IPC-HDBW2431R-ZS-S2-DG verf\u00fcgt \u00fcber die Schutzart IP67, wodurch sich die Kamera ideal f\u00fcr den Au\u00dfenbereich eignet. Zur einfacheren Installation kann die Kamera \u00fcber das Netzwerkkabel mit Power over Ethernet (Standard 802.3af POE) mit Strom versorgt werden. PoE kann \u00fcber einen PoE-NVR, einen PoE-Switch oder mit einem PoE-Injektor bezogen werden. Die Kamera kann auch mit einem optionalen 12-V-Gleichstrom-Netzteil mit Strom versorgt werden. Die Kamera ist \u00fcber 3 Achsen verstellbar und eignet sich daher sehr gut f\u00fcr die vertikale Aufstellung an einer Wand. Die Kamera ist vandalensicher nach IK10.<\/p>\n<p><strong>Wichtigste Funktionen<\/strong><\/p>\n<ul>\n<li>4-Megapixel-Full-HD-Starlight-Kamera mit motorisiertem Varioobjektiv f\u00fcr gestochen scharfe Bilder<\/li>\n<li>Tag-\/Nachtkamera mit automatischem mechanischem IR-Sperrfilter<\/li>\n<li>IR-Nachtsichtbeleuchtung bis zu 40 Meter<\/li>\n<li>Aufnahme in der Kamera auf SD-Karte (nicht im Lieferumfang enthalten)<\/li>\n<li>Auf 3 Achsen verstellbar<\/li>\n<li>120 dB breiter Dynamikbereich (WDR)<\/li>\n<li>Zonen-optionale Hintergrundbeleuchtungskompensation (BLC)<\/li>\n<li>3D-Digital-Rauschunterdr\u00fcckung (3D-DNR)<\/li>\n<li>Bewegungserkennung, Manipulationsalarm, Privatzonenmaske<\/li>\n<li>ONVIF-Protokoll<\/li>\n<li>Stromversorgung \u00fcber 12VDC-Adapter oder \u00fcber PoE (802.3af)<\/li>\n<li>Vandalensicher (IK10)<\/li>\n<\/ul>\n<p><a href=\"https:\/\/webstore4.com\/Copyright\/\" target=\"_blank\" rel=\"noopener\"><span style=\"color: #ff6e03; font-size: 11px;\">\u00a9 Der Text ist urheberrechtlich gesch\u00fctzt<\/span><\/a><\/p>","protected":false},"excerpt":{"rendered":"<p>De Dahua IPC-HDBW2431R-ZS-S2-DG is een Dark Grey Full HD 4MP Starlight buiten dome met infrarood nachtzicht en een gemotoriseerde varifocale lens voor binnen of buiten. De camera is door Dahua uitgevoerd met een donkergrijze behuizing. Er is een bijpassende donkergrijze muurbeugel of montagebox bij te bestellen onder het tabblad &#8220;Opties&#8221;.\u00a0De camera is zeer geschikt voor\u00a0gebruik<\/p>\n<div class=\"klb-readmore button\"><a class=\"btn link\" href=\"https:\/\/webstore4.com\/de\/product\/dahua-ipc-hdbw2431r-zs-s2-dg-4mp-dome\/\">Mehr lesen <i class=\"klbth-icon-right-arrow\"><\/i><\/a><\/div>","protected":false},"featured_media":9625,"comment_status":"open","ping_status":"closed","template":"","meta":[],"pwb-brand":[3376],"product_cat":[3435,4184,4200,4198,4199],"product_tag":[],"class_list":{"0":"post-9624","1":"product","2":"type-product","3":"status-publish","4":"has-post-thumbnail","6":"pwb-brand-dahua","7":"product_cat-ip-cameras","8":"product_cat-cameras","9":"product_cat-dome-eyeball-cameras-cameras","10":"product_cat-series","11":"product_cat-dahua-starlight-series","12":"product_shipping_class-pakket","13":"pa_audio-nee","14":"pa_beeldhoek-graden-horizontaal-104-27","15":"pa_beeldsensor-1-3-cmos","16":"pa_dag-nacht-ir-cut-filter-ja","17":"pa_geheugenkaart-type-micro-sdsdhcsdxc-256gb","18":"pa_ingebouwd-type-nachtzicht-infrared-ir-led","19":"pa_lens-mm-2-7-13-5","20":"pa_megapixel-4mp","21":"pa_merk-dahua","22":"pa_minimale-verlichting-0-008-lux-0-lux-met-ir","23":"pa_mobiele-app-fabrikant-ja","24":"pa_nachtzicht-ja","25":"pa_omgeving-binnen-en-buiten","26":"pa_opnemen-op-sd-kaart-ja","27":"pa_poe-802-3af","28":"pa_product-status-a","29":"pa_resolutie-max-pixels-full-hd-2688x1520","30":"pa_vandaalbestendig-ik10","31":"pa_verstelbare-assen-3631","32":"pa_voeding-12vdc","33":"pa_voeding-poe","34":"pa_wdr-ja","36":"first","37":"onbackorder","38":"taxable","39":"shipping-taxable","40":"purchasable","41":"product-type-simple"},"brands":[{"id":3376,"name":"Dahua","slug":"dahua"}],"_links":{"self":[{"href":"https:\/\/webstore4.com\/de\/wp-json\/wp\/v2\/product\/9624","targetHints":{"allow":["GET"]}}],"collection":[{"href":"https:\/\/webstore4.com\/de\/wp-json\/wp\/v2\/product"}],"about":[{"href":"https:\/\/webstore4.com\/de\/wp-json\/wp\/v2\/types\/product"}],"replies":[{"embeddable":true,"href":"https:\/\/webstore4.com\/de\/wp-json\/wp\/v2\/comments?post=9624"}],"wp:featuredmedia":[{"embeddable":true,"href":"https:\/\/webstore4.com\/de\/wp-json\/wp\/v2\/media\/9625"}],"wp:attachment":[{"href":"https:\/\/webstore4.com\/de\/wp-json\/wp\/v2\/media?parent=9624"}],"wp:term":[{"taxonomy":"pwb-brand","embeddable":true,"href":"https:\/\/webstore4.com\/de\/wp-json\/wp\/v2\/pwb-brand?post=9624"},{"taxonomy":"product_cat","embeddable":true,"href":"https:\/\/webstore4.com\/de\/wp-json\/wp\/v2\/product_cat?post=9624"},{"taxonomy":"product_tag","embeddable":true,"href":"https:\/\/webstore4.com\/de\/wp-json\/wp\/v2\/product_tag?post=9624"}],"curies":[{"name":"wp","href":"https:\/\/api.w.org\/{rel}","templated":true}]}}