{"id":9619,"date":"2020-10-24T19:51:19","date_gmt":"2020-10-24T17:51:19","guid":{"rendered":"https:\/\/webstore4.com\/\/?product=wl4-hdw2831tm-as-s2-ultra-4k-hd-8mp-starlight-buiten-eyeball-camera-met-poe-microfoon-ir-nachtzicht-vaste-lens-en-120db-wdr"},"modified":"2025-10-31T22:25:44","modified_gmt":"2025-10-31T21:25:44","slug":"wl4-hdw2831tm-as-s2-8mp-eyeball-camera","status":"publish","type":"product","link":"https:\/\/webstore4.com\/de\/product\/wl4-hdw2831tm-as-s2-8mp-eyeball-camera\/","title":{"rendered":"WL4 HDW2831TM-AS-S2 Ultra 4K HD 8MP Starlight Outdoor-Augapfelkamera mit POE, Mikrofon, IR-Nachtsicht, festem Objektiv und 120 dB WDR"},"content":{"rendered":"<p>Die WL4 HDW2831TM-AS-S2 ist eine 8-Megapixel-Ultra-4K-HD-Augapfelkamera mit POE, einem festen 2,8-mm-Objektiv, Mikrofon, Infrarot-Nachtsicht, SD-Kartensteckplatz und 120 dB WDR f\u00fcr den Innen- und Au\u00dfenbereich. Die Kamera verf\u00fcgt \u00fcber das neueste SMART H.265-Codierungsprotokoll f\u00fcr eine sehr effiziente Nutzung der Netzwerkbandbreite und des Bildspeicherplatzes. Der WL4 HDW2831TM-AS-S2 nutzt die Dahua-Software, die mobile App und Montagehalterungen.<\/p>\n<p><strong>M\u00f6glichkeiten<\/strong><\/p>\n<p>De WL4 HDW2831TM-AS-S2\u00a0geeft beelden weer in een 4K UltraHD 3840&#215;2160 resolutie. De camera heeft een ingebouwd automatisch IR-cut filter en is daarmee een echte dag\/nacht camera. Door de zeer lichtgevoelige beeldsensor levert de camera met een minimum aan omgevingslicht nog bruikbaar kleurenbeeld, zelfs bij bijna volledige duisternis (0.009 lux).\u00a0In zeer donkere omstandigheden kan de camera de ingebouwde IR verlichting inschakelen waardoor er zelfs in volledige duisternis (0 Lux) een haarscherp beeld is.<br \/>\nDe IR verlichting heeft een bereik van maar liefst 30 meter. De camera beschikt over\u00a0120 dB Wide Dynamic Range (WDR) waardoor de camera zeer goed kan omgaan met complexe lichtomstandigheden als gevolg van bijvoorbeeld tegenlicht van de zon of auto koplampen. De vaste lens heeft een horizontale beeldhoek van 105 graden.<\/p>\n<p>Bilder k\u00f6nnen unter anderem auf einem Netzwerk-Videorecorder (NVR) gespeichert werden. Die Kamera verf\u00fcgt au\u00dferdem \u00fcber die M\u00f6glichkeit, in der Kamera auf einer microSD-Speicherkarte mit bis zu maximal 256 GB aufzuzeichnen.<\/p>\n<p>De WL4 HDW2831TM-AS-S2 maakt gebruik van de gratis Nederlandstalige Dahua app voor Apple iOS en Android en PC\/Mac Video Management Software (VMS). De camera heeft een interne webserver (ook Nederlandstalig) die met een webbrowser kan worden bekeken en beheerd. Onder het tabblad &#8216;Documentatie&#8217; staat een datasheet van een Dahua model met dezelfde specificatie.<\/p>\n<p>De WL4 HDW2831TM-AS-S2\u00a0heeft een IP67 rating waardoor de camera uitermate geschikt is voor gebruik buiten. Voor installatiegemak kan de camera via de netwerkkabel worden gevoed met Power over Ethernet (standaard 802.3af POE). PoE kan worden verkregen door een PoE NVR, een PoE switch of met een PoE injector. De camera kan ook worden gevoed met een optionele 12V voeding adapter.<br \/>\nOnder het tabblad &#8216;Opties&#8217; kan worden aangegeven of een adapter moet worden meegeleverd. Onder het tabblad &#8216;Opties&#8217; staan geschikte Dahua montagebeugels. De camera is verstelbaar over 3 assen en daardoor ook zeer geschikt om verticaal tegen een wand te plaatsen.<\/p>\n<p><strong>Wichtigste Funktionen<\/strong><\/p>\n<ul>\n<li>8 megapixel 4K UltraHD\u00a0camera met vaste lens\u00a0voor haarscherpe beelden<\/li>\n<li>Tag-\/Nachtkamera mit automatischem mechanischem IR-Sperrfilter<\/li>\n<li>IR-Nachtsichtbeleuchtung bis zu 30 Meter<\/li>\n<li>Aufnahme in der Kamera auf SD-Karte (nicht im Lieferumfang enthalten)<\/li>\n<li>Auf 3 Achsen verstellbar<\/li>\n<li>120 dB breiter Dynamikbereich (WDR)<\/li>\n<li>Zonen-optionale Hintergrundbeleuchtungskompensation (BLC)<\/li>\n<li>3D-Digital-Rauschunterdr\u00fcckung (3D-DNR)<\/li>\n<li>Bewegungserkennung, Manipulationsalarm, Privatzonenmaske, Intelligentes Videosystem (IVS)<\/li>\n<li>ONVIF-Protokoll<\/li>\n<li>H.265+, H.265, H.264+ und H.264 Codec<\/li>\n<li>Stromversorgung \u00fcber 12VDC-Adapter oder \u00fcber PoE (802.3af)<\/li>\n<\/ul>\n<p><a href=\"https:\/\/webstore4.com\/Copyright\/\" target=\"_blank\" rel=\"noopener\"><span style=\"color: #ff6e03; font-size: 11px;\">\u00a9 Der Text ist urheberrechtlich gesch\u00fctzt<\/span><\/a><\/p>","protected":false},"excerpt":{"rendered":"<p>De WL4 HDW2831TM-AS-S2 is een 8 megapixel Ultra 4K HD eyeball camera met POE, een vaste 2.8mm lens, microfoon, infrarood nachtzicht, SD kaart sleuf en 120dB WDR voor binnen of buiten. De camera beschikt over over het nieuwste SMART H.265 codering protocol voor zeer effici\u00ebnt gebruik van netwerk bandbreedte en opslagruimte voor beelden. De WL4<\/p>\n<div class=\"klb-readmore button\"><a class=\"btn link\" href=\"https:\/\/webstore4.com\/de\/product\/wl4-hdw2831tm-as-s2-8mp-eyeball-camera\/\">Mehr lesen <i class=\"klbth-icon-right-arrow\"><\/i><\/a><\/div>","protected":false},"featured_media":15067,"comment_status":"open","ping_status":"closed","template":"","meta":[],"pwb-brand":[3380],"product_cat":[4184,4200],"product_tag":[370],"class_list":{"0":"post-9619","1":"product","2":"type-product","3":"status-publish","4":"has-post-thumbnail","6":"pwb-brand-wl4","7":"product_cat-cameras","8":"product_cat-dome-eyeball-cameras-cameras","9":"product_tag-ipc-hdw2831tm-as-s2","10":"product_shipping_class-pakket","11":"pa_audio-microfoon","12":"pa_beeldhoek-graden-horizontaal-3780","13":"pa_beeldsensor-1-2-7-cmos","14":"pa_dag-nacht-ir-cut-filter-ja","15":"pa_geheugenkaart-type-micro-sdsdhcsdxc-256gb","16":"pa_ingebouwd-type-nachtzicht-infrared-ir-led","17":"pa_lens-mm-2-8","18":"pa_megapixel-8mp","19":"pa_merk-wl4","20":"pa_minimale-verlichting-0-009-lux-0-lux-met-ir","21":"pa_mobiele-app-fabrikant-ja","22":"pa_nachtzicht-ja","23":"pa_omgeving-binnen-en-buiten","24":"pa_opnemen-op-sd-kaart-ja","25":"pa_poe-802-3af","26":"pa_resolutie-max-pixels-ultra-4k-hd-3840x2160","27":"pa_vandaalbestendig-nee","28":"pa_verstelbare-assen-3631","29":"pa_voeding-12vdc","30":"pa_voeding-poe","31":"pa_wdr-ja","33":"first","34":"onbackorder","35":"taxable","36":"shipping-taxable","37":"purchasable","38":"product-type-simple"},"brands":[{"id":3380,"name":"WL4","slug":"wl4"}],"_links":{"self":[{"href":"https:\/\/webstore4.com\/de\/wp-json\/wp\/v2\/product\/9619","targetHints":{"allow":["GET"]}}],"collection":[{"href":"https:\/\/webstore4.com\/de\/wp-json\/wp\/v2\/product"}],"about":[{"href":"https:\/\/webstore4.com\/de\/wp-json\/wp\/v2\/types\/product"}],"replies":[{"embeddable":true,"href":"https:\/\/webstore4.com\/de\/wp-json\/wp\/v2\/comments?post=9619"}],"wp:featuredmedia":[{"embeddable":true,"href":"https:\/\/webstore4.com\/de\/wp-json\/wp\/v2\/media\/15067"}],"wp:attachment":[{"href":"https:\/\/webstore4.com\/de\/wp-json\/wp\/v2\/media?parent=9619"}],"wp:term":[{"taxonomy":"pwb-brand","embeddable":true,"href":"https:\/\/webstore4.com\/de\/wp-json\/wp\/v2\/pwb-brand?post=9619"},{"taxonomy":"product_cat","embeddable":true,"href":"https:\/\/webstore4.com\/de\/wp-json\/wp\/v2\/product_cat?post=9619"},{"taxonomy":"product_tag","embeddable":true,"href":"https:\/\/webstore4.com\/de\/wp-json\/wp\/v2\/product_tag?post=9619"}],"curies":[{"name":"wp","href":"https:\/\/api.w.org\/{rel}","templated":true}]}}