{"id":9613,"date":"2020-10-24T18:46:14","date_gmt":"2020-10-24T16:46:14","guid":{"rendered":"https:\/\/webstore4.com\/\/?product=wl4-hfw2831s-s-s2-ultra-4k-hd-8mp-starlight-buiten-bullet-camera-met-poe-ir-nachtzicht-vaste-lens-en-120db-wdr"},"modified":"2024-04-19T15:11:54","modified_gmt":"2024-04-19T14:11:54","slug":"dahua-ipc-hfw2831sp-s-s2-8mp-bullet-camera","status":"publish","type":"product","link":"https:\/\/webstore4.com\/de\/product\/dahua-ipc-hfw2831sp-s-s2-8mp-bullet-camera\/","title":{"rendered":"Dahua IPC-HFW2831SP-S-S2 Ultra 4K HD 8MP Starlight buiten bullet camera met POE, IR nachtzicht, vaste lens en 120dB WDR"},"content":{"rendered":"<p>Die Dahua IPC-HFW2831SP-S-0280B-S2 ist eine 8-Megapixel-Ultra-4K-HD-Bullet-Kamera mit POE, einem festen 2,8-mm-Objektiv, Infrarot-Nachtsicht, SD-Kartensteckplatz und 120 dB WDR f\u00fcr den Innen- und Au\u00dfenbereich. Die Kamera verf\u00fcgt \u00fcber das neueste SMART H.265-Codierungsprotokoll f\u00fcr eine sehr effiziente Nutzung der Netzwerkbandbreite und des Bildspeicherplatzes. Der Dahua IPC-HFW2831SP-S-0280B-S2 nutzt die Dahua-Software, die mobile App und Montagehalterungen.<\/p>\n<p><strong>M\u00f6glichkeiten<\/strong><\/p>\n<p>De Dahua IPC-HFW2831SP-S-S2 geeft beelden weer in een Full HD 3840&#215;2160 resolutie. De camera heeft een ingebouwd automatisch IR-cut filter en is daarmee een echte dag\/nacht camera. Door de zeer lichtgevoelige beeldsensor levert de camera met een minimum aan omgevingslicht nog bruikbaar kleurenbeeld, zelfs bij bijna volledige duisternis (0.009 lux). In zeer donkere omstandigheden kan de camera de ingebouwde IR verlichting inschakelen waardoor er zelfs in volledige duisternis (0 Lux) een haarscherp beeld is.<br \/>\nDie IR-Beleuchtung hat eine Reichweite von nicht weniger als 30 Metern. Die Kamera verf\u00fcgt \u00fcber einen 120 dB Wide Dynamic Range (WDR), wodurch die Kamera auch mit komplexen Lichtverh\u00e4ltnissen, beispielsweise durch Gegenlicht der Sonne oder Autoscheinwerfer, sehr gut zurechtkommt. Das feste Objektiv hat ein horizontales Sichtfeld von 105 Grad.<\/p>\n<p>Bilder k\u00f6nnen unter anderem auf einem Netzwerk-Videorecorder (NVR) gespeichert werden. Die Kamera verf\u00fcgt au\u00dferdem \u00fcber die M\u00f6glichkeit, in der Kamera auf einer microSD-Speicherkarte mit bis zu maximal 256 GB aufzuzeichnen.<\/p>\n<p>De Dahua IPC-HFW2831SP-S-S2 maakt gebruik van de gratis Nederlandstalige Dahua app voor Apple iOS en Android en PC\/Mac Video Management Software (VMS). De camera heeft een interne webserver (ook Nederlandstalig) die met een webbrowser kan worden bekeken en beheerd.<\/p>\n<p>Die Dahua IPC-HFW2831SP-S-0280B-S2 verf\u00fcgt \u00fcber die Schutzart IP67, wodurch sich die Kamera ideal f\u00fcr den Au\u00dfenbereich eignet. Zur einfacheren Installation kann die Kamera \u00fcber das Netzwerkkabel mit Power over Ethernet (Standard 802.3af POE) mit Strom versorgt werden. PoE kann \u00fcber einen PoE-NVR, einen PoE-Switch oder mit einem PoE-Injektor bezogen werden. Die Kamera kann auch mit einem optionalen 12-V-Netzteil mit Strom versorgt werden. Unter dem Reiter \u201eOptionen\u201c k\u00f6nnen Sie angeben, ob ein Adapter enthalten sein soll. Passende Dahua-Montagehalterungen sind unter der Registerkarte \u201eOptionen\u201c erh\u00e4ltlich. Die Kamera ist \u00fcber 3 Achsen verstellbar und eignet sich daher sehr gut f\u00fcr die vertikale Aufstellung an einer Wand.<\/p>\n<p><strong>Wichtigste Funktionen<\/strong><\/p>\n<ul>\n<li>8-Megapixel-UltraHD-4K-Kamera mit festem Objektiv f\u00fcr gestochen scharfe Bilder<\/li>\n<li>Tag-\/Nachtkamera mit automatischem mechanischem IR-Sperrfilter<\/li>\n<li>IR-Nachtsichtbeleuchtung bis zu 30 Meter<\/li>\n<li>Aufnahme in der Kamera auf SD-Karte (nicht im Lieferumfang enthalten)<\/li>\n<li>Auf 3 Achsen verstellbar<\/li>\n<li>120 dB breiter Dynamikbereich (WDR)<\/li>\n<li>Zonen-optionale Hintergrundbeleuchtungskompensation (BLC)<\/li>\n<li>3D-Digital-Rauschunterdr\u00fcckung (3D-DNR)<\/li>\n<li>Bewegungserkennung, Manipulationsalarm, Privatzonenmaske, Intelligentes Videosystem (IVS)<\/li>\n<li>ONVIF-Protokoll<\/li>\n<li>H.265+, H.265, H.264+ und H.264 Codec<\/li>\n<li>Stromversorgung \u00fcber 12VDC-Adapter oder \u00fcber PoE (802.3af)<\/li>\n<\/ul>\n<p><a href=\"https:\/\/webstore4.com\/Copyright\/\" target=\"_blank\" rel=\"noopener\"><span style=\"color: #ff6e03; font-size: 11px;\">\u00a9 Der Text ist urheberrechtlich gesch\u00fctzt<\/span><\/a><\/p>","protected":false},"excerpt":{"rendered":"<p>De Dahua IPC-HFW2831SP-S-S2 is een 8 megapixel Ultra 4K HD bullet camera met POE, een vaste 2.8mm lens, infrarood nachtzicht, SD kaart sleuf en 120dB WDR voor binnen of buiten. De camera beschikt over over het nieuwste SMART H.265 coderings protocol voor zeer effici\u00ebnt gebruik van netwerk bandbreedte en opslagruimte voor beelden. De Dahua IPC-HFW2831SP-S-0280B-S2<\/p>\n<div class=\"klb-readmore button\"><a class=\"btn link\" href=\"https:\/\/webstore4.com\/de\/product\/dahua-ipc-hfw2831sp-s-s2-8mp-bullet-camera\/\">Mehr lesen <i class=\"klbth-icon-right-arrow\"><\/i><\/a><\/div>","protected":false},"featured_media":15043,"comment_status":"open","ping_status":"closed","template":"","meta":[],"pwb-brand":[3376],"product_cat":[4184,4219,4199],"product_tag":[853],"class_list":{"0":"post-9613","1":"product","2":"type-product","3":"status-publish","4":"has-post-thumbnail","6":"pwb-brand-dahua","7":"product_cat-cameras","8":"product_cat-bullet-box-cameras-cameras","9":"product_cat-dahua-starlight-series","10":"product_tag-ipc-hfw2831s-s-s2","11":"product_shipping_class-pakket","12":"pa_beeldhoek-graden-horizontaal-3780","13":"pa_beeldsensor-1-2-7-cmos","14":"pa_dag-nacht-ir-cut-filter-ja","15":"pa_geheugenkaart-type-micro-sdsdhcsdxc-256gb","16":"pa_ingebouwd-type-nachtzicht-infrared-ir-led","17":"pa_lens-mm-2-8","18":"pa_megapixel-8mp","19":"pa_merk-dahua","20":"pa_minimale-verlichting-0-009-lux-0-lux-met-ir","21":"pa_mobiele-app-fabrikant-ja","22":"pa_nachtzicht-ja","23":"pa_omgeving-binnen-en-buiten","24":"pa_opnemen-op-sd-kaart-ja","25":"pa_poe-802-3af","26":"pa_product-status-b","27":"pa_resolutie-max-pixels-ultra-4k-hd-3840x2160","28":"pa_vandaalbestendig-nee","29":"pa_verstelbare-assen-3631","30":"pa_voeding-12vdc","31":"pa_voeding-poe","32":"pa_wdr-ja","34":"first","35":"onbackorder","36":"taxable","37":"shipping-taxable","38":"purchasable","39":"product-type-simple"},"brands":[{"id":3376,"name":"Dahua","slug":"dahua"}],"_links":{"self":[{"href":"https:\/\/webstore4.com\/de\/wp-json\/wp\/v2\/product\/9613","targetHints":{"allow":["GET"]}}],"collection":[{"href":"https:\/\/webstore4.com\/de\/wp-json\/wp\/v2\/product"}],"about":[{"href":"https:\/\/webstore4.com\/de\/wp-json\/wp\/v2\/types\/product"}],"replies":[{"embeddable":true,"href":"https:\/\/webstore4.com\/de\/wp-json\/wp\/v2\/comments?post=9613"}],"wp:featuredmedia":[{"embeddable":true,"href":"https:\/\/webstore4.com\/de\/wp-json\/wp\/v2\/media\/15043"}],"wp:attachment":[{"href":"https:\/\/webstore4.com\/de\/wp-json\/wp\/v2\/media?parent=9613"}],"wp:term":[{"taxonomy":"pwb-brand","embeddable":true,"href":"https:\/\/webstore4.com\/de\/wp-json\/wp\/v2\/pwb-brand?post=9613"},{"taxonomy":"product_cat","embeddable":true,"href":"https:\/\/webstore4.com\/de\/wp-json\/wp\/v2\/product_cat?post=9613"},{"taxonomy":"product_tag","embeddable":true,"href":"https:\/\/webstore4.com\/de\/wp-json\/wp\/v2\/product_tag?post=9613"}],"curies":[{"name":"wp","href":"https:\/\/api.w.org\/{rel}","templated":true}]}}