{"id":9605,"date":"2020-10-21T18:34:59","date_gmt":"2020-10-21T16:34:59","guid":{"rendered":"https:\/\/webstore4.com\/\/?product=wl4-cp40-camera-paal-4-meter-universeel-in-onderdelen-kit-voor-zelfbouw-met-grondanker-en-camerasteunen"},"modified":"2026-03-25T18:12:52","modified_gmt":"2026-03-25T17:12:52","slug":"wl4-cp40-camera-paal-4-meter","status":"publish","type":"product","link":"https:\/\/webstore4.com\/de\/product\/wl4-cp40-camera-paal-4-meter\/","title":{"rendered":"WL4 CP40 Kameramast 4 Meter universal im Teilesatz zur Selbstmontage mit Erdanker und Kamerast\u00fctzen"},"content":{"rendered":"<p>Der WL4 CP60 ist ein universeller Stahlmast in Teilen mit einer Gesamth\u00f6he von 6 Metern, der mit einem Erdanker geliefert wird und f\u00fcr die Montage von einer oder zwei Kameras geeignet ist. Der Kameramast ist leicht zu transportieren. Ein Beton-Bodenanker ist erforderlich.<\/p>\n<p>Der Kameramast besteht aus zwei Teilen von 1,5 Metern, einem Teil von 1 Meter, einem Blitzableiter von 30 Zentimetern und zwei universellen Kamerahalterungen, von denen eine f\u00fcr eine Kuppel ist. Inklusive Bodenverankerung.<\/p>\n<p>Die Abmessungen pro Teil und die Bedienungsanleitung finden Sie unter der Registerkarte \u201eDokumentation\u201c.<\/p>\n<p><strong>Wichtigste Funktionen<\/strong><\/p>\n<ul>\n<li>Kompletter 4-Meter-Kameramast aus Stahl als Bausatz<\/li>\n<li>Inklusive Erdanker<\/li>\n<li>Standardversandkosten bei Verpackung als Bausatz<\/li>\n<\/ul>\n<p><a href=\"https:\/\/webstore4.com\/Copyright\/\" target=\"_blank\" rel=\"noopener\"><span style=\"color: #ff6e03; font-size: 11px;\">\u00a9 Der Text ist urheberrechtlich gesch\u00fctzt<\/span><\/a><\/p>","protected":false},"excerpt":{"rendered":"<p>Der WL4 CP40 ist ein universeller Stahlballastmast mit einer Gesamth\u00f6he von 4 Metern.<\/p>","protected":false},"featured_media":13568,"comment_status":"closed","ping_status":"closed","template":"","meta":[],"pwb-brand":[3380],"product_cat":[4464,4467],"product_tag":[],"class_list":{"0":"post-9605","1":"product","2":"type-product","3":"status-publish","4":"has-post-thumbnail","6":"pwb-brand-wl4","7":"product_cat-palen-en-masten","8":"product_cat-camera-palen","9":"product_shipping_class-pakket","10":"pa_hoogte-4-meter","11":"pa_kleur-wit","12":"pa_merk-wl4","13":"pa_omgeving-binnen-en-buiten","15":"first","16":"instock","17":"taxable","18":"shipping-taxable","19":"purchasable","20":"product-type-simple"},"brands":[{"id":3380,"name":"WL4","slug":"wl4"}],"_links":{"self":[{"href":"https:\/\/webstore4.com\/de\/wp-json\/wp\/v2\/product\/9605","targetHints":{"allow":["GET"]}}],"collection":[{"href":"https:\/\/webstore4.com\/de\/wp-json\/wp\/v2\/product"}],"about":[{"href":"https:\/\/webstore4.com\/de\/wp-json\/wp\/v2\/types\/product"}],"replies":[{"embeddable":true,"href":"https:\/\/webstore4.com\/de\/wp-json\/wp\/v2\/comments?post=9605"}],"wp:featuredmedia":[{"embeddable":true,"href":"https:\/\/webstore4.com\/de\/wp-json\/wp\/v2\/media\/13568"}],"wp:attachment":[{"href":"https:\/\/webstore4.com\/de\/wp-json\/wp\/v2\/media?parent=9605"}],"wp:term":[{"taxonomy":"pwb-brand","embeddable":true,"href":"https:\/\/webstore4.com\/de\/wp-json\/wp\/v2\/pwb-brand?post=9605"},{"taxonomy":"product_cat","embeddable":true,"href":"https:\/\/webstore4.com\/de\/wp-json\/wp\/v2\/product_cat?post=9605"},{"taxonomy":"product_tag","embeddable":true,"href":"https:\/\/webstore4.com\/de\/wp-json\/wp\/v2\/product_tag?post=9605"}],"curies":[{"name":"wp","href":"https:\/\/api.w.org\/{rel}","templated":true}]}}