{"id":9601,"date":"2020-10-20T00:23:44","date_gmt":"2020-10-19T22:23:44","guid":{"rendered":"https:\/\/webstore4.com\/\/?product=hikvision-ds-1ln5e-ee-netwerkkabel-cat5e-gigabit-utp-met-100-koper-24awg-stugge-kern-op-rol-305m"},"modified":"2025-10-31T15:01:24","modified_gmt":"2025-10-31T14:01:24","slug":"hikvision-ds-1ln5e-ee-netwerkkabel-cat5e","status":"publish","type":"product","link":"https:\/\/webstore4.com\/de\/product\/hikvision-ds-1ln5e-ee-netwerkkabel-cat5e\/","title":{"rendered":"Hikvision DS-1LN5E-E\/E Netzwerkkabel Cat5e Gigabit UTP mit 100% Kupfer 24AWG starrem Kern auf Rolle 305 m"},"content":{"rendered":"<p>Hikvision DS-1LN5E-E\/E auf einer Rolle von 305 Metern ist mit starren 100%-Kupferleitern und einem langlebigen PVC-Mantel ausgestattet. Das Kabel hat die Farbe Grau, eine L\u00e4nge von ca. 305 Metern und wird in einer praktischen Spenderbox geliefert.<\/p>\n<p><strong>Eigenschaften<\/strong><\/p>\n<p>Das Netzwerkkabel verf\u00fcgt \u00fcber Leiter aus hochwertigem 100%-Kupfer f\u00fcr maximale Qualit\u00e4t, Haltbarkeit und Zuverl\u00e4ssigkeit. Das Netzwerkkabel ist mit hochwertigem 24AWG-Kupferdraht ausgestattet und ist daher sehr gut geeignet, die erforderliche Leistung bei der Verwendung von Power over Ethernet zu liefern. <u>Dieses Hikvision-Kabel verf\u00fcgt daher \u00fcber keine Leiter aus verkupfertem Aluminium (CCA: Copper Clad Aluminium) oder verkupfertem Stahl (CCS: Copper Clad Steel).<\/u> Diese werden h\u00e4ufig in g\u00fcnstigeren Netzwerkkabeln verwendet, die daher eine wesentlich geringere Qualit\u00e4t, Zuverl\u00e4ssigkeit und Haltbarkeit aufweisen und beispielsweise bei Power-over-Ethernet-Anwendungen Probleme verursachen k\u00f6nnen.<\/p>\n<p>Dieses StarTech-Netzwerkkabel ist nicht durch Folie abgeschirmt (UTP: Unshielded Twisted Pair). Abgeschirmte Kabel (z. B. FTP und STP) werden nur in Situationen empfohlen, in denen mit starken elektromagnetischen St\u00f6rungen, z. B. durch schwere Industrieelektromotoren, zu rechnen ist. Aufgrund stark verbesserter elektrischer Produkte ist die Verwendung teurerer abgeschirmter Kabel in fast jeder anderen Umgebung \u00fcberfl\u00fcssig und abgeschirmte Netzwerkkabel k\u00f6nnen sich sogar bei falsch aufgebauten Netzwerkinstallationen nachteilig auswirken.<\/p>\n<p>Das Datenblatt ist im Reiter \u201eDokumentation\u201c eingebunden.<\/p>\n<p><strong>Einige Spezifikationen <\/strong><\/p>\n<ul>\n<li>Cat5e UTP<\/li>\n<li>100% Kupferkern<\/li>\n<li>Grauer Umhang<\/li>\n<li>HDPE-Isolierung<\/li>\n<li>PVC\/CMX<\/li>\n<\/ul>\n<p><a href=\"https:\/\/webstore4.com\/Copyright\/\" target=\"_blank\" rel=\"noopener\"><span style=\"color: #ff6e03; font-size: 11px;\">\u00a9 Der Text ist urheberrechtlich gesch\u00fctzt<\/span><\/a><\/p>","protected":false},"excerpt":{"rendered":"<p>Hikvision DS-1LN5E-E\/E\u00a0op rol van 305 meter is voorzien van 100% koper stugge geleiders en een duurzame PVC-omhulling. De kabel is grijs van kleur en heeft een lengte van circa 305 meter en wordt geleverd in handige dispenser doos. Eigenschappen De netwerkkabel heeft geleiders van 100% kwalitatief hoogwaardig koper voor maximale kwaliteit, duurzaamheid en betrouwbaarheid. De<\/p>\n<div class=\"klb-readmore button\"><a class=\"btn link\" href=\"https:\/\/webstore4.com\/de\/product\/hikvision-ds-1ln5e-ee-netwerkkabel-cat5e\/\">Mehr lesen <i class=\"klbth-icon-right-arrow\"><\/i><\/a><\/div>","protected":false},"featured_media":15355,"comment_status":"open","ping_status":"closed","template":"","meta":[],"pwb-brand":[3367],"product_cat":[3445],"product_tag":[],"class_list":{"0":"post-9601","1":"product","2":"type-product","3":"status-publish","4":"has-post-thumbnail","6":"pwb-brand-hikvision","7":"product_cat-netwerkkabels","8":"product_shipping_class-pakket","9":"pa_aantal-geleiders-4-paar-utp-8","10":"pa_draaddikte-24-awg","11":"pa_kabelkleur-grijs","12":"pa_kabellengte-305-meter","13":"pa_kabelspecificatie-cat5e","14":"pa_kabelstandaard-tia-568-c","15":"pa_merk-hikvision","16":"pa_product-netwerkkabel-op-rol","17":"pa_type-kabelmantel-pvc","19":"first","20":"onbackorder","21":"taxable","22":"shipping-taxable","23":"purchasable","24":"product-type-simple"},"brands":[{"id":3367,"name":"Hikvision","slug":"hikvision"}],"_links":{"self":[{"href":"https:\/\/webstore4.com\/de\/wp-json\/wp\/v2\/product\/9601","targetHints":{"allow":["GET"]}}],"collection":[{"href":"https:\/\/webstore4.com\/de\/wp-json\/wp\/v2\/product"}],"about":[{"href":"https:\/\/webstore4.com\/de\/wp-json\/wp\/v2\/types\/product"}],"replies":[{"embeddable":true,"href":"https:\/\/webstore4.com\/de\/wp-json\/wp\/v2\/comments?post=9601"}],"wp:featuredmedia":[{"embeddable":true,"href":"https:\/\/webstore4.com\/de\/wp-json\/wp\/v2\/media\/15355"}],"wp:attachment":[{"href":"https:\/\/webstore4.com\/de\/wp-json\/wp\/v2\/media?parent=9601"}],"wp:term":[{"taxonomy":"pwb-brand","embeddable":true,"href":"https:\/\/webstore4.com\/de\/wp-json\/wp\/v2\/pwb-brand?post=9601"},{"taxonomy":"product_cat","embeddable":true,"href":"https:\/\/webstore4.com\/de\/wp-json\/wp\/v2\/product_cat?post=9601"},{"taxonomy":"product_tag","embeddable":true,"href":"https:\/\/webstore4.com\/de\/wp-json\/wp\/v2\/product_tag?post=9601"}],"curies":[{"name":"wp","href":"https:\/\/api.w.org\/{rel}","templated":true}]}}