{"id":9587,"date":"2020-10-16T00:56:15","date_gmt":"2020-10-15T22:56:15","guid":{"rendered":"https:\/\/webstore4.com\/\/?product=dahua-pfs3010-8et-65-8-poort-802-3afat-poe-switch-met-2-uplink-poorten-en-250m-poe-bereik"},"modified":"2024-05-21T07:51:46","modified_gmt":"2024-05-21T06:51:46","slug":"dahua-pfs3010-8et-65-8-poort-poe-switch","status":"publish","type":"product","link":"https:\/\/webstore4.com\/de\/product\/dahua-pfs3010-8et-65-8-poort-poe-switch\/","title":{"rendered":"Dahua PFS3010-8ET-65 8-Port 802.3af\/at PoE-Switch mit 2 Uplink-Ports und 250 m PoE-Reichweite"},"content":{"rendered":"<p>Der Dahua PFS3010-8ET-96 ist ein professioneller Switch mit 8 Anschl\u00fcssen, wobei alle 8 Ports Power over Ethernet (PoE) unterst\u00fctzen. Durch die Nutzung der PoE-Funktionalit\u00e4t kann beispielsweise eine IP-Kamera mit nur 1 Netzwerkkabel an das Netzwerk angeschlossen und mit der richtigen Spannung versorgt werden.<\/p>\n<p>Netzwerkger\u00e4te wie PTZ-IP-Kameras, Access Points, VOIP-Telefone und IR-Lampen, die dem 802.3af\/at POE-Standard entsprechen, k\u00f6nnen an einen der 8 PoE-Ports angeschlossen werden. Das Gesamtleistungsbudget des Dahua PFS3010-8ET-65 betr\u00e4gt 65 Watt.<\/p>\n<p><strong>Hauptmerkmale<\/strong><\/p>\n<ul>\n<li>8 Ports 10\/100 802.3af\/at PoE<\/li>\n<li>2 Ports 10\/100 RJ45-Uplink<\/li>\n<li>PoE f\u00fcr Netzwerkger\u00e4te bis maximal 30 Watt pro PoE-Port<\/li>\n<li>Die gesamte PoE-Leistung, die der Switch liefern kann (das Budget), betr\u00e4gt 65 Watt<\/li>\n<li>PoE-Watchdog<\/li>\n<li>250 Meter PoE<\/li>\n<\/ul>\n<p><a href=\"https:\/\/webstore4.com\/Copyright\/\" target=\"_blank\" rel=\"noopener\"><span style=\"color: #ff6e03; font-size: 11px;\">\u00a9 Der Text ist urheberrechtlich gesch\u00fctzt<\/span><\/a><\/p>","protected":false},"excerpt":{"rendered":"<p>De Dahua\u00a0PFS3010-8ET-65\u00a0is een professionele switch met 8 aansluitingen waarvan alle 8 poorten Power over Ethernet (PoE) ondersteunen. Door gebruik te maken van de PoE functionaliteit kan bijvoorbeeld een IP camera met slechts 1 netwerkkabel worden aangesloten op het netwerk en van de juiste stroom worden voorzien. Netwerkapparatuur zoals PTZ IP camera&#8217;s, access points, VOIP telefoons<\/p>\n<div class=\"klb-readmore button\"><a class=\"btn link\" href=\"https:\/\/webstore4.com\/de\/product\/dahua-pfs3010-8et-65-8-poort-poe-switch\/\">Mehr lesen <i class=\"klbth-icon-right-arrow\"><\/i><\/a><\/div>","protected":false},"featured_media":15504,"comment_status":"open","ping_status":"closed","template":"","meta":[],"pwb-brand":[3376],"product_cat":[3440,3446],"product_tag":[],"class_list":{"0":"post-9587","1":"product","2":"type-product","3":"status-publish","4":"has-post-thumbnail","6":"pwb-brand-dahua","7":"product_cat-netwerk","8":"product_cat-switches","9":"product_shipping_class-pakket","10":"pa_aantal-poe-poorten-3936","11":"pa_gigabit-poorten-3935","12":"pa_managed-unmanaged","13":"pa_merk-dahua","14":"pa_omgeving-binnen","15":"pa_poe-802-3af-at","16":"pa_product-status-a","17":"pa_totaal-poe-vermogen-watt-4011","19":"first","20":"onbackorder","21":"taxable","22":"shipping-taxable","23":"purchasable","24":"product-type-simple"},"brands":[{"id":3376,"name":"Dahua","slug":"dahua"}],"_links":{"self":[{"href":"https:\/\/webstore4.com\/de\/wp-json\/wp\/v2\/product\/9587","targetHints":{"allow":["GET"]}}],"collection":[{"href":"https:\/\/webstore4.com\/de\/wp-json\/wp\/v2\/product"}],"about":[{"href":"https:\/\/webstore4.com\/de\/wp-json\/wp\/v2\/types\/product"}],"replies":[{"embeddable":true,"href":"https:\/\/webstore4.com\/de\/wp-json\/wp\/v2\/comments?post=9587"}],"wp:featuredmedia":[{"embeddable":true,"href":"https:\/\/webstore4.com\/de\/wp-json\/wp\/v2\/media\/15504"}],"wp:attachment":[{"href":"https:\/\/webstore4.com\/de\/wp-json\/wp\/v2\/media?parent=9587"}],"wp:term":[{"taxonomy":"pwb-brand","embeddable":true,"href":"https:\/\/webstore4.com\/de\/wp-json\/wp\/v2\/pwb-brand?post=9587"},{"taxonomy":"product_cat","embeddable":true,"href":"https:\/\/webstore4.com\/de\/wp-json\/wp\/v2\/product_cat?post=9587"},{"taxonomy":"product_tag","embeddable":true,"href":"https:\/\/webstore4.com\/de\/wp-json\/wp\/v2\/product_tag?post=9587"}],"curies":[{"name":"wp","href":"https:\/\/api.w.org\/{rel}","templated":true}]}}