{"id":9579,"date":"2020-10-15T01:09:41","date_gmt":"2020-10-14T23:09:41","guid":{"rendered":"https:\/\/webstore4.com\/\/?product=wl4-rlk3-rack-sleutel-slot-met-2-sleutels-voor-rack-zijpanelen"},"modified":"2024-04-19T15:11:44","modified_gmt":"2024-04-19T14:11:44","slug":"wl4-rlk3-rack-sleutel-slot-met-2-sleutels-voor-rack-zijpanelen","status":"publish","type":"product","link":"https:\/\/webstore4.com\/de\/product\/wl4-rlk3-rack-sleutel-slot-met-2-sleutels-voor-rack-zijpanelen\/","title":{"rendered":"WL4 RLK3 Rack-Schl\u00fcsselschloss mit 2 Schl\u00fcsseln f\u00fcr Rack-Seitenw\u00e4nde"},"content":{"rendered":"<p>Das WL4 RLK3 ist ein Schl\u00fcsselschloss mit 2 Schl\u00fcsseln f\u00fcr die Seitenwand des Rackschranks.<\/p>","protected":false},"excerpt":{"rendered":"<p>Das WL4 RLK3 ist ein Schl\u00fcsselschloss mit 2 Schl\u00fcsseln f\u00fcr die Seitenwand des Rackschranks.<\/p>","protected":false},"featured_media":9580,"comment_status":"open","ping_status":"closed","template":"","meta":[],"pwb-brand":[3380],"product_cat":[4204,4206,4213],"product_tag":[],"class_list":{"0":"post-9579","1":"product","2":"type-product","3":"status-publish","4":"has-post-thumbnail","6":"pwb-brand-wl4","7":"product_cat-kasten-kluizen","8":"product_cat-recorder-kasten","9":"product_cat-serverkasten-kasten-kluizen","10":"product_shipping_class-brievenbuspakket","11":"pa_merk-wl4","12":"pa_product-accessoires","14":"first","15":"instock","16":"taxable","17":"shipping-taxable","18":"purchasable","19":"product-type-simple"},"brands":[{"id":3380,"name":"WL4","slug":"wl4"}],"_links":{"self":[{"href":"https:\/\/webstore4.com\/de\/wp-json\/wp\/v2\/product\/9579","targetHints":{"allow":["GET"]}}],"collection":[{"href":"https:\/\/webstore4.com\/de\/wp-json\/wp\/v2\/product"}],"about":[{"href":"https:\/\/webstore4.com\/de\/wp-json\/wp\/v2\/types\/product"}],"replies":[{"embeddable":true,"href":"https:\/\/webstore4.com\/de\/wp-json\/wp\/v2\/comments?post=9579"}],"wp:featuredmedia":[{"embeddable":true,"href":"https:\/\/webstore4.com\/de\/wp-json\/wp\/v2\/media\/9580"}],"wp:attachment":[{"href":"https:\/\/webstore4.com\/de\/wp-json\/wp\/v2\/media?parent=9579"}],"wp:term":[{"taxonomy":"pwb-brand","embeddable":true,"href":"https:\/\/webstore4.com\/de\/wp-json\/wp\/v2\/pwb-brand?post=9579"},{"taxonomy":"product_cat","embeddable":true,"href":"https:\/\/webstore4.com\/de\/wp-json\/wp\/v2\/product_cat?post=9579"},{"taxonomy":"product_tag","embeddable":true,"href":"https:\/\/webstore4.com\/de\/wp-json\/wp\/v2\/product_tag?post=9579"}],"curies":[{"name":"wp","href":"https:\/\/api.w.org\/{rel}","templated":true}]}}