{"id":9565,"date":"2020-10-11T18:16:46","date_gmt":"2020-10-11T16:16:46","guid":{"rendered":"https:\/\/webstore4.com\/\/?product=dahua-ipc-ew5541-as-5mp-wizmind-fisheye-ip-camera-met-infrarood-nachtzicht"},"modified":"2024-04-19T15:11:42","modified_gmt":"2024-04-19T14:11:42","slug":"dahua-ipc-ew5541-as-5mp-fisheye-dome-camera","status":"publish","type":"product","link":"https:\/\/webstore4.com\/de\/product\/dahua-ipc-ew5541-as-5mp-fisheye-dome-camera\/","title":{"rendered":"Dahua IPC-EW5541-AS 5MP WizMind Fisheye Dome-Kamera mit IR-Nachtsicht bis zu 20 Metern, 120 dB WDR, integriertem Mikrofon und SD-Steckplatz"},"content":{"rendered":"<p>Die Dahua IPC-EW5541-AS ist eine Full HD 5MP WizMind Fisheye IP-Kamera mit Infrarot-Nachtsicht, einem eingebauten Mikrofon und der M\u00f6glichkeit, in der Kamera auf einer microSD-Karte aufzunehmen. Die Kamera verf\u00fcgt \u00fcber die WizMind-Technologie, mit der unter anderem eine Heatmap zur Personenz\u00e4hlung erstellt werden kann.<\/p>\n<p><strong>M\u00f6glichkeiten<\/strong><\/p>\n<p>Der Dahua IPC-EW5541-AS zeigt Bilder in einer Full-HD-Aufl\u00f6sung von 2592\u00d71944 an. Die Kamera verf\u00fcgt \u00fcber einen eingebauten automatischen IR-Sperrfilter, was sie zu einer echten Tag-\/Nachtkamera macht. Die Kamera verf\u00fcgt \u00fcber eine integrierte Infrarot-Nachtsichtbeleuchtung mit einer maximalen Reichweite von 20 Metern. Die Kamera verf\u00fcgt \u00fcber einen 120 dB Wide Dynamic Range (WDR), wodurch die Kamera auch komplexe Lichtverh\u00e4ltnisse sehr gut bew\u00e4ltigen kann. Die Kamera verf\u00fcgt \u00fcber ein eingebautes Mikrofon sowie Ein- und Ausg\u00e4nge f\u00fcr Audio und Alarm.<\/p>\n<p>Bilder k\u00f6nnen unter anderem auf einem Netzwerk-Videorecorder (NVR) gespeichert werden. Die Kamera verf\u00fcgt au\u00dferdem \u00fcber die M\u00f6glichkeit, in der Kamera auf einer microSD-Speicherkarte mit bis zu maximal 256 GB aufzuzeichnen.<\/p>\n<p>Dahua bietet eine kostenlose niederl\u00e4ndische App f\u00fcr Apple iOS und Android an. Die Kamera verf\u00fcgt \u00fcber einen internen Webserver, der \u00fcber einen Webbrowser angezeigt und verwaltet werden kann. Video Management Software (VMS) f\u00fcr einen Computer kann kostenlos von der Dahua-Website heruntergeladen werden. Die Registerkarte \u201eDokumentation\u201c enth\u00e4lt einen Link zur Produktseite des Herstellers.<\/p>\n<p>Der Dahua IPC-EW5541-AS ist f\u00fcr den Innenbereich geeignet. Zur einfacheren Installation kann die Kamera \u00fcber das Netzwerkkabel mit Power over Ethernet (Standard 802.3af POE) mit Strom versorgt werden. PoE kann \u00fcber einen PoE-NVR, einen PoE-Switch oder mit einem PoE-Injektor bezogen werden. Die Kamera kann auch mit einem optionalen 12-V-Netzteil mit Strom versorgt werden. Die passenden Montagehalterungen finden Sie im Reiter \u201eOptionen\u201c.<\/p>\n<p><strong>Wichtigste Funktionen<\/strong><\/p>\n<ul>\n<li>5-Megapixel-FullHD-Fisheye-360-Grad-Panoramakamera<\/li>\n<li>WizMind-Serie mit Heatmap und Personenz\u00e4hlung in einem bestimmten Bereich<\/li>\n<li>Tag-\/Nachtkamera mit automatischem mechanischem IR-Sperrfilter<\/li>\n<li>Eingebautes Mikrophon<\/li>\n<li>Aufnahme in der Kamera auf SD-Karte (nicht im Lieferumfang enthalten)<\/li>\n<li>120 dB breiter Dynamikbereich (WDR)<\/li>\n<li>Zonen-optionale Hintergrundbeleuchtungskompensation (BLC)<\/li>\n<li>3D-Digital-Rauschunterdr\u00fcckung (3D-DNR)<\/li>\n<li>Bewegungserkennung, Manipulationsalarm, Privatzonenmaske<\/li>\n<li>ONVIF-Protokoll<\/li>\n<li>Stromversorgung \u00fcber 12VDC-Adapter oder \u00fcber PoE (802.3af)<\/li>\n<\/ul>\n<p><a href=\"https:\/\/webstore4.com\/Copyright\/\" target=\"_blank\" rel=\"noopener\"><span style=\"color: #ff6e03; font-size: 11px;\">\u00a9 Der Text ist urheberrechtlich gesch\u00fctzt<\/span><\/a><\/p>","protected":false},"excerpt":{"rendered":"<p>De Dahua IPC-EW5541-AS is een Full HD 5MP WizMind Fisheye IP camera met infrarood nachtzicht,\u00a0een ingebouwde microfoon en de mogelijkheid om in de camera op te nemen op een microSD kaart.\u00a0De camera beschikt over WizMind technolgie waarmee onder meer een heatmap voor people counting kan worden aangemaakt. Mogelijkheden De Dahua IPC-EW5541-AS geeft beelden weer in<\/p>\n<div class=\"klb-readmore button\"><a class=\"btn link\" href=\"https:\/\/webstore4.com\/de\/product\/dahua-ipc-ew5541-as-5mp-fisheye-dome-camera\/\">Mehr lesen <i class=\"klbth-icon-right-arrow\"><\/i><\/a><\/div>","protected":false},"featured_media":9566,"comment_status":"open","ping_status":"closed","template":"","meta":[],"pwb-brand":[3376],"product_cat":[4184,4185,4200],"product_tag":[],"class_list":{"0":"post-9565","1":"product","2":"type-product","3":"status-publish","4":"has-post-thumbnail","6":"pwb-brand-dahua","7":"product_cat-cameras","8":"product_cat-180-360-ptz-cameras","9":"product_cat-dome-eyeball-cameras-cameras","10":"product_shipping_class-pakket","11":"pa_alarm-ingang-uitgang-ja","12":"pa_audio-microfoon","13":"pa_beeldhoek-graden-horizontaal-3674","14":"pa_beeldsensor-1-2-7-cmos","15":"pa_dag-nacht-ir-cut-filter-ja","16":"pa_geheugenkaart-type-micro-sdsdhcsdxc-256gb","17":"pa_lens-mm-1-4","18":"pa_megapixel-5mp","19":"pa_merk-dahua","20":"pa_minimale-verlichting-0-006-lux","21":"pa_mobiele-app-fabrikant-ja","22":"pa_nachtzicht-nee","23":"pa_omgeving-binnen","24":"pa_opnemen-op-sd-kaart-ja","25":"pa_poe-802-3af","26":"pa_product-status-a","27":"pa_resolutie-max-pixels-full-hd-2592x1944","28":"pa_vandaalbestendig-nee","29":"pa_voeding-12vdc","30":"pa_voeding-poe","31":"pa_wdr-ja","33":"first","34":"onbackorder","35":"taxable","36":"shipping-taxable","37":"purchasable","38":"product-type-simple"},"brands":[{"id":3376,"name":"Dahua","slug":"dahua"}],"_links":{"self":[{"href":"https:\/\/webstore4.com\/de\/wp-json\/wp\/v2\/product\/9565","targetHints":{"allow":["GET"]}}],"collection":[{"href":"https:\/\/webstore4.com\/de\/wp-json\/wp\/v2\/product"}],"about":[{"href":"https:\/\/webstore4.com\/de\/wp-json\/wp\/v2\/types\/product"}],"replies":[{"embeddable":true,"href":"https:\/\/webstore4.com\/de\/wp-json\/wp\/v2\/comments?post=9565"}],"wp:featuredmedia":[{"embeddable":true,"href":"https:\/\/webstore4.com\/de\/wp-json\/wp\/v2\/media\/9566"}],"wp:attachment":[{"href":"https:\/\/webstore4.com\/de\/wp-json\/wp\/v2\/media?parent=9565"}],"wp:term":[{"taxonomy":"pwb-brand","embeddable":true,"href":"https:\/\/webstore4.com\/de\/wp-json\/wp\/v2\/pwb-brand?post=9565"},{"taxonomy":"product_cat","embeddable":true,"href":"https:\/\/webstore4.com\/de\/wp-json\/wp\/v2\/product_cat?post=9565"},{"taxonomy":"product_tag","embeddable":true,"href":"https:\/\/webstore4.com\/de\/wp-json\/wp\/v2\/product_tag?post=9565"}],"curies":[{"name":"wp","href":"https:\/\/api.w.org\/{rel}","templated":true}]}}