{"id":9559,"date":"2020-10-11T00:21:46","date_gmt":"2020-10-10T22:21:46","guid":{"rendered":"https:\/\/webstore4.com\/\/?product=dahua-ptz1a225-hnr-xa-full-hd-2mp-wizsense-25x-zoom-starlight-ir-network-positioning-system-met-auto-tracking-120db-wdr-poe-en-sd-slot"},"modified":"2024-04-19T15:11:41","modified_gmt":"2024-04-19T14:11:41","slug":"dahua-ptz1a225-hnr-gb-2mp-camera","status":"publish","type":"product","link":"https:\/\/webstore4.com\/de\/product\/dahua-ptz1a225-hnr-gb-2mp-camera\/","title":{"rendered":"Dahua PTZ1A225-HNR-GB Full HD 2MP WizSense-Kamera mit 25-fachem Zoom, Starlight IR PFA-Technologie mit automatischer Verfolgung, 120 dB WDR, PoE und SD-Steckplatz"},"content":{"rendered":"<p>Die Dahua PTZ1A225-HNR-GB ist eine WizSense Starlight IP-Kamera mit Netzwerkpositionierungssystem mit 150 Metern IR-Nachtsicht, automatischer Verfolgung, 120 dB WDR, PoE und SD-Steckplatz f\u00fcr den Innen- und Au\u00dfenbereich. Da diese PTZ-Kamera auch nach oben gerichtet werden kann, eignet sie sich sehr gut f\u00fcr Anwendungen, bei denen ein Bild \u00fcber dem Horizont erforderlich ist.<\/p>\n<p>Die Kamera geh\u00f6rt zur Dahua WizSense AI-Serie mit einem Chip f\u00fcr k\u00fcnstliche Intelligenz zur Unterst\u00fctzung intelligenter Funktionen wie Perimetersicherheit und Smart Motion Detection Plus (SMD Plus). SMD gew\u00e4hrleistet eine zuverl\u00e4ssige Bewegungserkennung durch Filterung von Objekten. Fehlalarme durch Haustiere, Bl\u00e4tter, Licht und andere st\u00f6rende Gegenst\u00e4nde werden so minimiert. Das fortschrittliche Al unterst\u00fctzt auch die schnelle Suche anhand aufgezeichneter Videos, da es in der Lage ist, Personen und Fahrzeuge aus gro\u00dfen Mengen an Videodaten zu extrahieren und zu klassifizieren.<\/p>\n<p><strong>M\u00f6glichkeiten<\/strong><\/p>\n<p>Der Dahua PTZ1A225-HNR-GB zeigt Bilder in einer Full-HD-Aufl\u00f6sung von 1920\u00d71080 an. Die Kamera verf\u00fcgt \u00fcber ein Vario-Motorzoomobjektiv mit 25-fach optischem Zoom. Die Kamera verf\u00fcgt \u00fcber die Dahua Starlight-Technologie und eignet sich daher ideal f\u00fcr Anwendungen mit schwierigen Lichtverh\u00e4ltnissen. Dank des hochlichtempfindlichen Bildsensors liefert die Kamera auch bei nahezu v\u00f6lliger Dunkelheit (0,005 Lux) noch ein brauchbares Farbbild mit einem Minimum an Umgebungslicht.<\/p>\n<p>Die Kamera verf\u00fcgt \u00fcber einen integrierten automatischen Tag-\/Nacht-IR-Sperrfilter und kann bei Dunkelheit auch die integrierte IR-Beleuchtung einschalten, sodass auch bei v\u00f6lliger Dunkelheit (0 Lux) ein gestochen scharfes Bild entsteht. Die IR-Beleuchtung hat eine sehr gro\u00dfe Reichweite von nicht weniger als 150 Metern. Die Kamera verf\u00fcgt \u00fcber einen Wide Dynamic Range (WDR) von 120 dB, wodurch die Kamera auch mit komplexen Lichtverh\u00e4ltnissen wie Gegenlicht durch die Sonne oder Autoscheinwerfern sehr gut zurechtkommt.<\/p>\n<p>Bilder k\u00f6nnen unter anderem auf einem Netzwerk-Videorecorder (NVR) gespeichert werden. Die Kamera verf\u00fcgt au\u00dferdem \u00fcber die M\u00f6glichkeit, in der Kamera auf einer microSD-Speicherkarte mit bis zu maximal 256 GB (nicht im Lieferumfang enthalten) aufzuzeichnen.<\/p>\n<p>Dahua bietet eine kostenlose niederl\u00e4ndische App f\u00fcr Apple iOS und Android an. Die Kamera verf\u00fcgt \u00fcber einen internen Webserver, der \u00fcber einen Webbrowser angezeigt und verwaltet werden kann. Video Management Software (VMS) f\u00fcr einen Computer kann kostenlos von der Dahua-Website heruntergeladen werden. Die Registerkarte \u201eDokumentation\u201c enth\u00e4lt einen Link zur Produktseite des Herstellers.<\/p>\n<p>Die Dahua PTZ1A225-HNR-GB verf\u00fcgt \u00fcber die Schutzart IP67, wodurch sich die Kamera ideal f\u00fcr den Au\u00dfenbereich eignet. Zur einfacheren Installation kann die Kamera \u00fcber das Netzwerkkabel mit Power over Ethernet (Standard 802.3at P0E) mit Strom versorgt werden. PoE kann \u00fcber einen PoE-NVR, einen PoE-Switch oder mit einem PoE-Injektor bezogen werden. Die Kamera kann auch mit dem mitgelieferten 12V\/4A-Netzteil mit Strom versorgt werden. Unter der Registerkarte Optionen k\u00f6nnen Sie angeben, ob eine Dahua-Montagehalterung enthalten sein soll.<\/p>\n<p><strong>Wichtigste Funktionen<\/strong><\/p>\n<ul>\n<li>2-Megapixel-Full-HD-Starlight-Lite-WizSense-Kamera<\/li>\n<li>Autoverfolgung<\/li>\n<li>Alarmeingang und -ausgang<\/li>\n<li>Audioeingang und -ausgang<\/li>\n<li>Aufnahme auf microSD-Karte (nicht im Lieferumfang enthalten)<\/li>\n<li>Tag-\/Nachtkamera mit automatischem mechanischem IR-Sperrfilter<\/li>\n<li>IR-Nachtsichtbeleuchtung bis zu 150 Meter<\/li>\n<li>120 dB breiter Dynamikbereich (WDR)<\/li>\n<li>Zonen-optionale Hintergrundbeleuchtungskompensation (BLC)<\/li>\n<li>3D-Digital-Rauschunterdr\u00fcckung (3D-DNR)<\/li>\n<li>Bewegungserkennung, Stolperdraht, Manipulationsalarm, Privatzonenmaske<\/li>\n<li>ONVIF-Protokoll<\/li>\n<li>Stromversorgung \u00fcber 12VDC-Adapter oder \u00fcber PoE (802.3at)<\/li>\n<\/ul>\n<p><a href=\"https:\/\/webstore4.com\/Copyright\/\" target=\"_blank\" rel=\"noopener\"><span style=\"color: #ff6e03; font-size: 11px;\">\u00a9 Der Text ist urheberrechtlich gesch\u00fctzt<\/span><\/a><\/p>","protected":false},"excerpt":{"rendered":"<p>Die Dahua PTZ1A225-HNR-GB ist eine WizSense Starlight IP-Kamera mit Netzwerkpositionierungssystem mit 150 Metern IR-Nachtsicht, automatischer Verfolgung, 120 dB WDR, PoE und SD-Steckplatz f\u00fcr den Innen- und Au\u00dfenbereich. Da diese PTZ-Kamera auch nach oben gerichtet werden kann, eignet sie sich sehr gut f\u00fcr Anwendungen, bei denen ein Bild \u00fcber dem Horizont erforderlich ist.<\/p>\n<div class=\"klb-readmore button\"><a class=\"btn link\" href=\"https:\/\/webstore4.com\/de\/product\/dahua-ptz1a225-hnr-gb-2mp-camera\/\">Mehr lesen <i class=\"klbth-icon-right-arrow\"><\/i><\/a><\/div>","protected":false},"featured_media":14217,"comment_status":"open","ping_status":"closed","template":"","meta":[],"pwb-brand":[3376],"product_cat":[3435,4184,4185],"product_tag":[],"class_list":{"0":"post-9559","1":"product","2":"type-product","3":"status-publish","4":"has-post-thumbnail","6":"pwb-brand-dahua","7":"product_cat-ip-cameras","8":"product_cat-cameras","9":"product_cat-180-360-ptz-cameras","10":"product_shipping_class-pakket","11":"pa_alarm-ingang-uitgang-ja","12":"pa_audio-ingang-uitgang","13":"pa_beeldhoek-graden-horizontaal-58-5-2-8","14":"pa_beeldsensor-1-2-8-cmos","15":"pa_dag-nacht-ir-cut-filter-ja","16":"pa_geheugenkaart-type-micro-sd-sdhc-sdxc-512gb","17":"pa_ingebouwd-type-nachtzicht-infrared-ir-led","18":"pa_lens-mm-4-8-120","19":"pa_megapixel-2mp","20":"pa_merk-dahua","21":"pa_minimale-verlichting-0-005-lux-0-lux-met-ir","22":"pa_mobiele-app-fabrikant-ja","23":"pa_nachtzicht-ja","24":"pa_omgeving-binnen-en-buiten","25":"pa_opnemen-op-sd-kaart-ja","26":"pa_poe-802-3at","27":"pa_product-status-b","28":"pa_resolutie-max-pixels-full-hd-1920x1080","29":"pa_vandaalbestendig-nee","30":"pa_verstelbare-assen-3631","31":"pa_voeding-12vdc","32":"pa_voeding-inclusief-adapter","33":"pa_voeding-poe","34":"pa_wdr-ja","36":"first","37":"onbackorder","38":"taxable","39":"shipping-taxable","40":"purchasable","41":"product-type-simple"},"brands":[{"id":3376,"name":"Dahua","slug":"dahua"}],"_links":{"self":[{"href":"https:\/\/webstore4.com\/de\/wp-json\/wp\/v2\/product\/9559","targetHints":{"allow":["GET"]}}],"collection":[{"href":"https:\/\/webstore4.com\/de\/wp-json\/wp\/v2\/product"}],"about":[{"href":"https:\/\/webstore4.com\/de\/wp-json\/wp\/v2\/types\/product"}],"replies":[{"embeddable":true,"href":"https:\/\/webstore4.com\/de\/wp-json\/wp\/v2\/comments?post=9559"}],"wp:featuredmedia":[{"embeddable":true,"href":"https:\/\/webstore4.com\/de\/wp-json\/wp\/v2\/media\/14217"}],"wp:attachment":[{"href":"https:\/\/webstore4.com\/de\/wp-json\/wp\/v2\/media?parent=9559"}],"wp:term":[{"taxonomy":"pwb-brand","embeddable":true,"href":"https:\/\/webstore4.com\/de\/wp-json\/wp\/v2\/pwb-brand?post=9559"},{"taxonomy":"product_cat","embeddable":true,"href":"https:\/\/webstore4.com\/de\/wp-json\/wp\/v2\/product_cat?post=9559"},{"taxonomy":"product_tag","embeddable":true,"href":"https:\/\/webstore4.com\/de\/wp-json\/wp\/v2\/product_tag?post=9559"}],"curies":[{"name":"wp","href":"https:\/\/api.w.org\/{rel}","templated":true}]}}