{"id":9555,"date":"2020-10-06T03:08:21","date_gmt":"2020-10-06T01:08:21","guid":{"rendered":"https:\/\/webstore4.com\/\/?product=dahua-ipc-hdw3549h-as-pv-full-hd-5mp-full-color-active-deterrence-eyeball-wizsense-tioc"},"modified":"2024-04-19T15:11:40","modified_gmt":"2024-04-19T14:11:40","slug":"dahua-ipc-hdw3549h-as-pv-s4-5mp-eyeball-camera","status":"publish","type":"product","link":"https:\/\/webstore4.com\/de\/product\/dahua-ipc-hdw3549h-as-pv-s4-5mp-eyeball-camera\/","title":{"rendered":"Dahua IPC-HDW3549H-AS-PV-S4 Full HD 5MP Vollfarb-WizSense-Augapfelkamera f\u00fcr den Au\u00dfenbereich mit TioC, POE, IR-LED-Nachtsicht bis zu 30 Metern, microSD und 120 dB WDR"},"content":{"rendered":"<p>Die Dahua IPC-HDW3549H-AS-PV ist eine Drei-in-Eins-Kamera (TiOC) Full HD 5MP Vollfarb-Aktivabschreckungskamera mit WizSense AI-Technologie. Die Kamera verf\u00fcgt \u00fcber einen sehr lichtempfindlichen Bildsensor und warmwei\u00dfe LED-Beleuchtung f\u00fcr Nachtsicht, eine blau\/rote LED f\u00fcr Alarm, ein eingebautes Mikrofon und Lautsprecher, 120 dB WDR, PoE-Stromversorgung und microSD-Aufnahme und kann im Innen- oder Au\u00dfenbereich aufgestellt werden drau\u00dfen.<\/p>\n<p>Die Kamera geh\u00f6rt zur Dahua WizSense AI-Serie mit einem Chip f\u00fcr k\u00fcnstliche Intelligenz zur Unterst\u00fctzung intelligenter Funktionen wie Perimetersicherheit und Smart Motion Detection Plus (SMD Plus). SMD gew\u00e4hrleistet eine zuverl\u00e4ssige Bewegungserkennung durch Filterung von Objekten. Fehlalarme durch Haustiere, Bl\u00e4tter, Licht und andere st\u00f6rende Gegenst\u00e4nde werden so minimiert. Das fortschrittliche Al unterst\u00fctzt auch die schnelle Suche anhand aufgezeichneter Videos, da es in der Lage ist, Personen und Fahrzeuge aus gro\u00dfen Mengen an Videodaten zu extrahieren und zu klassifizieren.<\/p>\n<p><strong>M\u00f6glichkeiten<\/strong><\/p>\n<p>Der Dahua IPC-HDW3549H-AS-PV zeigt Bilder in einer Full-HD-Aufl\u00f6sung von 2592\u00d71944 an. Die Kamera verf\u00fcgt \u00fcber ein festes Objektiv. Die Kamera verf\u00fcgt \u00fcber die Dahua-Vollfarbtechnologie und eignet sich daher ideal f\u00fcr Anwendungen mit schwierigen Lichtverh\u00e4ltnissen. Dank des hochlichtempfindlichen Bildsensors liefert die Kamera auch bei nahezu v\u00f6lliger Dunkelheit (0,003 Lux) noch ein brauchbares Farbbild mit einem Minimum an Umgebungslicht.<\/p>\n<p>Die Kamera verf\u00fcgt \u00fcber eine integrierte automatische warmwei\u00dfe LED-Beleuchtung, die auch bei v\u00f6lliger Dunkelheit (0 Lux) f\u00fcr ein gestochen scharfes Bild sorgt. Die LED-Beleuchtung hat eine Reichweite von 30 Metern. Die Kamera verf\u00fcgt \u00fcber einen Wide Dynamic Range (WDR) von 120 dB, wodurch die Kamera auch mit komplexen Lichtverh\u00e4ltnissen wie Gegenlicht durch die Sonne oder Autoscheinwerfern sehr gut zurechtkommt.<\/p>\n<p>Bilder k\u00f6nnen unter anderem auf einem Netzwerk-Videorecorder (NVR) gespeichert werden. Die Kamera verf\u00fcgt au\u00dferdem \u00fcber die M\u00f6glichkeit, in der Kamera auf einer microSD-Speicherkarte mit bis zu maximal 256 GB (nicht im Lieferumfang enthalten) aufzuzeichnen. Die Kamera verf\u00fcgt \u00fcber ein eingebautes Mikrofon und Lautsprecher f\u00fcr 2-Wege-Audio. Es k\u00f6nnen benutzerdefinierte Alarmt\u00f6ne oder Nachrichten eingestellt werden. Die Kamera verf\u00fcgt \u00fcber einen Audio- und Alarmein- und -ausgang.<\/p>\n<p>Dahua bietet eine kostenlose niederl\u00e4ndische App f\u00fcr Apple iOS und Android an. Die Kamera verf\u00fcgt \u00fcber einen internen Webserver, der \u00fcber einen Webbrowser angezeigt und verwaltet werden kann. Video Management Software (VMS) f\u00fcr einen Computer kann kostenlos von der Dahua-Website heruntergeladen werden. Die Registerkarte \u201eDokumentation\u201c enth\u00e4lt einen Link zur Produktseite des Herstellers.<\/p>\n<p>Die Dahua IPC-HDW3549H-AS-PV verf\u00fcgt \u00fcber die Schutzart IP67, wodurch sich die Kamera ideal f\u00fcr den Au\u00dfenbereich eignet. Zur einfacheren Installation kann die Kamera \u00fcber das Netzwerkkabel mit Power over Ethernet (Standard 802.3af P0E) mit Strom versorgt werden. PoE kann \u00fcber einen PoE-NVR, einen PoE-Switch oder mit einem PoE-Injektor bezogen werden. Die Kamera kann auch mit einem optionalen 12-V-Netzteil mit Strom versorgt werden. Unter der Registerkarte \u201eOptionen\u201c k\u00f6nnen Sie angeben, ob ein Adapter und\/oder eine Dahua-Montagehalterung enthalten sein soll. Die Kamera ist \u00fcber 3 Achsen verstellbar und eignet sich daher sehr gut f\u00fcr die vertikale Aufstellung an einer Wand.<\/p>\n<p><strong>Wichtigste Funktionen<\/strong><\/p>\n<ul>\n<li>5-Megapixel-Vollfarb-KI-WizSense-Kamera<\/li>\n<li>Eingebautes Mikrofon und Lautsprecher<\/li>\n<li>Aufnahme auf microSD-Karte (nicht im Lieferumfang enthalten)<\/li>\n<li>Warmwei\u00dfe LED-Nachtsichtbeleuchtung bis zu 30 Meter<\/li>\n<li>Blau\/rotes LED-Alarmlicht<\/li>\n<li>Auf 3 Achsen verstellbar<\/li>\n<li>120 dB breiter Dynamikbereich (WDR)<\/li>\n<li>Zonen-optionale Hintergrundbeleuchtungskompensation (BLC)<\/li>\n<li>3D-Digital-Rauschunterdr\u00fcckung (3D-DNR)<\/li>\n<li>Bewegungserkennung, Stolperdraht, Manipulationsalarm, Privatzonenmaske<\/li>\n<li>ONVIF-Protokoll<\/li>\n<li>Stromversorgung \u00fcber 12VDC-Adapter oder \u00fcber PoE (802.3af)<\/li>\n<\/ul>\n<p><a href=\"https:\/\/www.webstore4ipcameras.nl\/Copyright\" target=\"_blank\" rel=\"noopener\"><span style=\"color: #ff6e03; font-size: 11px;\">\u00a9 Der Text ist urheberrechtlich gesch\u00fctzt<\/span><\/a><\/p>","protected":false},"excerpt":{"rendered":"<p>Die Dahua IPC-HDW3549H-AS-PV ist eine Drei-in-Eins-Kamera (TiOC) Full HD 5MP Vollfarb-Aktivabschreckungskamera mit WizSense AI-Technologie. Die Kamera verf\u00fcgt \u00fcber einen sehr lichtempfindlichen Bildsensor und warmwei\u00dfe LED-Beleuchtung f\u00fcr Nachtsicht, eine blau\/rote LED f\u00fcr Alarm, ein eingebautes Mikrofon und Lautsprecher, 120 dB WDR, PoE-Stromversorgung und microSD-Aufnahme und kann im Innen- oder Au\u00dfenbereich aufgestellt werden drau\u00dfen.<\/p>\n<div class=\"klb-readmore button\"><a class=\"btn link\" href=\"https:\/\/webstore4.com\/de\/product\/dahua-ipc-hdw3549h-as-pv-s4-5mp-eyeball-camera\/\">Mehr lesen <i class=\"klbth-icon-right-arrow\"><\/i><\/a><\/div>","protected":false},"featured_media":9556,"comment_status":"open","ping_status":"closed","template":"","meta":[],"pwb-brand":[3376],"product_cat":[3435,4184,4200,4199],"product_tag":[],"class_list":{"0":"post-9555","1":"product","2":"type-product","3":"status-publish","4":"has-post-thumbnail","6":"pwb-brand-dahua","7":"product_cat-ip-cameras","8":"product_cat-cameras","9":"product_cat-dome-eyeball-cameras-cameras","10":"product_cat-dahua-starlight-series","11":"product_shipping_class-pakket","12":"pa_alarm-ingang-uitgang-ja","13":"pa_audio-microfoon-speaker","14":"pa_beeldhoek-graden-horizontaal-3916","15":"pa_beeldsensor-1-2-7-cmos","16":"pa_dag-nacht-ir-cut-filter-ja","17":"pa_geheugenkaart-type-micro-sdsdhcsdxc-256gb","18":"pa_ingebouwd-type-nachtzicht-full-color-sensor","19":"pa_ingebouwd-type-nachtzicht-wit-led","20":"pa_lens-mm-2-8","21":"pa_megapixel-5mp","22":"pa_merk-dahua","23":"pa_minimale-verlichting-0-003-lux-0-lux-met-led","24":"pa_mobiele-app-fabrikant-ja","25":"pa_nachtzicht-ja","26":"pa_omgeving-binnen-en-buiten","27":"pa_opnemen-op-sd-kaart-ja","28":"pa_poe-802-3af","29":"pa_product-status-a","30":"pa_resolutie-max-pixels-full-hd-2592x1944","31":"pa_vandaalbestendig-nee","32":"pa_verstelbare-assen-3631","33":"pa_voeding-12vdc","34":"pa_voeding-poe","35":"pa_wdr-ja","37":"first","38":"onbackorder","39":"taxable","40":"shipping-taxable","41":"purchasable","42":"product-type-simple"},"brands":[{"id":3376,"name":"Dahua","slug":"dahua"}],"_links":{"self":[{"href":"https:\/\/webstore4.com\/de\/wp-json\/wp\/v2\/product\/9555","targetHints":{"allow":["GET"]}}],"collection":[{"href":"https:\/\/webstore4.com\/de\/wp-json\/wp\/v2\/product"}],"about":[{"href":"https:\/\/webstore4.com\/de\/wp-json\/wp\/v2\/types\/product"}],"replies":[{"embeddable":true,"href":"https:\/\/webstore4.com\/de\/wp-json\/wp\/v2\/comments?post=9555"}],"wp:featuredmedia":[{"embeddable":true,"href":"https:\/\/webstore4.com\/de\/wp-json\/wp\/v2\/media\/9556"}],"wp:attachment":[{"href":"https:\/\/webstore4.com\/de\/wp-json\/wp\/v2\/media?parent=9555"}],"wp:term":[{"taxonomy":"pwb-brand","embeddable":true,"href":"https:\/\/webstore4.com\/de\/wp-json\/wp\/v2\/pwb-brand?post=9555"},{"taxonomy":"product_cat","embeddable":true,"href":"https:\/\/webstore4.com\/de\/wp-json\/wp\/v2\/product_cat?post=9555"},{"taxonomy":"product_tag","embeddable":true,"href":"https:\/\/webstore4.com\/de\/wp-json\/wp\/v2\/product_tag?post=9555"}],"curies":[{"name":"wp","href":"https:\/\/api.w.org\/{rel}","templated":true}]}}