{"id":9506,"date":"2020-10-03T12:39:05","date_gmt":"2020-10-03T10:39:05","guid":{"rendered":"https:\/\/webstore4.com\/\/?product=wl4-w485-rf-tx-draadloze-rs485-2-draads-zender"},"modified":"2025-10-24T11:23:08","modified_gmt":"2025-10-24T10:23:08","slug":"wl4-w485-rf-tx-draadloze-rs485-2-draads-zender","status":"publish","type":"product","link":"https:\/\/webstore4.com\/de\/product\/wl4-w485-rf-tx-draadloze-rs485-2-draads-zender\/","title":{"rendered":"WL4 W485-RF-TX kabelloser RS485-2-Draht-Sender"},"content":{"rendered":"<p>Der WL4 W485-RF-TX ist ein Sender zum drahtlosen Senden eines RS485-2-Draht-Signals an den WL4 W485-RF-RX-Empf\u00e4nger (nicht im Lieferumfang enthalten).<\/p>\n<p>Die Kombination aus Sender und Empf\u00e4nger eignet sich f\u00fcr den Einsatz in der Zutrittskontrolle, um beispielsweise drahtlos ein RS485-Signal von einem Kartenleser oder einer Gegensprechanlage an einen Zutrittscontroller zu senden. Mit einer Kombination aus Sender und Empf\u00e4nger ist auch die drahtlose Steuerung einer PTZ-Kamera \u00fcber eine Tastatur auf Basis des RS485-Signals m\u00f6glich.<\/p>\n<p><strong>M\u00f6glichkeiten<\/strong><\/p>\n<p>Mit der Kombination aus Sender und Empf\u00e4nger kann ein 2-Draht-RS485-Signal drahtlos \u00fcber die Frequenz 868 MHz gesendet werden. Diese Verbindung ist v\u00f6llig transparent: Es k\u00f6nnen somit alle Daten aller Protokolle aller Systeme gesendet werden. Die \u00dcbertragungsgeschwindigkeit muss auf 2400, 4800 oder 9600 Bit\/s eingestellt werden.<\/p>\n<p>Der WL4 WR-2-TX-Sender arbeitet mit einem 12 VDC\/0,1 A-Netzteil (nicht im Lieferumfang enthalten).<\/p>\n<p><strong>Hauptmerkmale<\/strong><\/p>\n<ul>\n<li>Drahtlose \u00dcbertragung des kabelgebundenen 2-Draht-RS485-Signals<\/li>\n<li>Transparente Verbindung<\/li>\n<li>12VDC\/0,1A mit 2,1\/5,5 mm Anschluss<\/li>\n<li>Schraubklemmenanschluss f\u00fcr RS485<\/li>\n<li>868 MHz Frequenz 4 Kan\u00e4le<\/li>\n<li>Reichweite im freien Feld 100 m bei 4800 bps<\/li>\n<\/ul>\n<p><a href=\"https:\/\/webstore4.com\/Copyright\/\" target=\"_blank\" rel=\"noopener\"><span style=\"color: #ff6e03; font-size: 11px;\">\u00a9 Der Text ist urheberrechtlich gesch\u00fctzt<\/span><\/a><\/p>","protected":false},"excerpt":{"rendered":"<p>De\u00a0WL4 W485-RF-TX is een zender voor het draadloos versturen van een RS485 2-draads signaal naar de\u00a0WL4 W485-RF-RX ontvanger (niet meegeleverd). De zender en ontvanger combinatie is onder meer geschikt voor voor gebruik in toegangscontrole om bijvoorbeeld een RS485 signaal vanaf een paslezer of intercom draadloos naar een toegangscontroller te sturen. Ook\u00a0het draadloos aansturen van een<\/p>\n<div class=\"klb-readmore button\"><a class=\"btn link\" href=\"https:\/\/webstore4.com\/de\/product\/wl4-w485-rf-tx-draadloze-rs485-2-draads-zender\/\">Mehr lesen <i class=\"klbth-icon-right-arrow\"><\/i><\/a><\/div>","protected":false},"featured_media":9507,"comment_status":"open","ping_status":"closed","template":"","meta":[],"pwb-brand":[3380],"product_cat":[4191,4193],"product_tag":[],"class_list":{"0":"post-9506","1":"product","2":"type-product","3":"status-publish","4":"has-post-thumbnail","6":"pwb-brand-wl4","7":"product_cat-access","8":"product_cat-toegangscontrole-access","9":"product_shipping_class-pakket","10":"pa_merk-wl4","11":"pa_mobiele-app-fabrikant-nee","12":"pa_omgeving-binnen","13":"pa_product-accessoires","14":"pa_voeding-12vdc","16":"first","17":"onbackorder","18":"taxable","19":"shipping-taxable","20":"purchasable","21":"product-type-simple"},"brands":[{"id":3380,"name":"WL4","slug":"wl4"}],"_links":{"self":[{"href":"https:\/\/webstore4.com\/de\/wp-json\/wp\/v2\/product\/9506","targetHints":{"allow":["GET"]}}],"collection":[{"href":"https:\/\/webstore4.com\/de\/wp-json\/wp\/v2\/product"}],"about":[{"href":"https:\/\/webstore4.com\/de\/wp-json\/wp\/v2\/types\/product"}],"replies":[{"embeddable":true,"href":"https:\/\/webstore4.com\/de\/wp-json\/wp\/v2\/comments?post=9506"}],"wp:featuredmedia":[{"embeddable":true,"href":"https:\/\/webstore4.com\/de\/wp-json\/wp\/v2\/media\/9507"}],"wp:attachment":[{"href":"https:\/\/webstore4.com\/de\/wp-json\/wp\/v2\/media?parent=9506"}],"wp:term":[{"taxonomy":"pwb-brand","embeddable":true,"href":"https:\/\/webstore4.com\/de\/wp-json\/wp\/v2\/pwb-brand?post=9506"},{"taxonomy":"product_cat","embeddable":true,"href":"https:\/\/webstore4.com\/de\/wp-json\/wp\/v2\/product_cat?post=9506"},{"taxonomy":"product_tag","embeddable":true,"href":"https:\/\/webstore4.com\/de\/wp-json\/wp\/v2\/product_tag?post=9506"}],"curies":[{"name":"wp","href":"https:\/\/api.w.org\/{rel}","templated":true}]}}