{"id":9480,"date":"2020-09-19T19:29:40","date_gmt":"2020-09-19T17:29:40","guid":{"rendered":"https:\/\/webstore4.com\/\/?product=hikvision-ds-pdd12p-eg2-we-ax-pro-draadloze-dual-tech-pir-en-microwave-detector-voor-binnen-12m-diervriendelijk"},"modified":"2024-04-19T15:11:21","modified_gmt":"2024-04-19T14:11:21","slug":"hikvision-ds-pdd12p-eg2-we-dual-tech-pir-en-microwave-detector","status":"publish","type":"product","link":"https:\/\/webstore4.com\/de\/product\/hikvision-ds-pdd12p-eg2-we-dual-tech-pir-en-microwave-detector\/","title":{"rendered":"Hikvision DS-PDD12P-EG2-WE AX PRO kabelloser Dual-Tech PIR- und Mikrowellenmelder f\u00fcr den Innenbereich 12 m tierfreundlich"},"content":{"rendered":"<div class=\"video-frame-box\" style=\"width: 100%; max-width: 480px; max-height: 270px; float: right; padding: 0px 10px 10px 10px;\">\n<div class=\"video-frame\"><iframe src=\"\/\/www.youtube.com\/embed\/AEH_-ssPE90?rel=0&amp;modestbranding=1&amp;showinfo=0&amp;autohide=1\" width=\"480\" height=\"270\" frameborder=\"0\"><\/iframe><\/div>\n<\/div>\n<p>Das Hikvision DS-PDD12P-EG2-WE ist Teil des Hikvision AX PRO-Sicherheitssystems. Hikvision AX PRO ist ein drahtloses Einbruch-, Smart-Home- und Videoverifizierungssystem von Hikvision, das sowohl f\u00fcr Privath\u00e4user als auch f\u00fcr Gewerbegeb\u00e4ude geeignet ist. Das AX PRO-Alarmsystem besteht aus einem zentralen Alarm-Hub mit einer gro\u00dfen Auswahl an Detektoren und anderem Zubeh\u00f6r wie Smart Plugs, Repeatern, Bedienfeldern, Kartenlesern, Sirene und einem Strommodul.<\/p>\n<p>Das AX PRO-System funktioniert sehr einfach mit der Hik-Connect-App f\u00fcr Endbenutzer, die auch f\u00fcr andere Hikvision-Produkte wie IP-Kameras verwendet wird. Auf diese Weise k\u00f6nnen Sie als Kunde alle Hikvision-Produkte in einer Anwendung verwalten.<\/p>\n<p><strong>M\u00f6glichkeiten<\/strong><\/p>\n<p>Der Hikvision DS-PDD12P-EG2-WE ist ein kabelloser Dual-Tech PIR- und Mikrowellenmelder f\u00fcr den Innenbereich mit einer maximalen Reichweite von 12 Metern. Der Detektor ist f\u00fcr den Einsatz im Hikvision AX PRO-Alarmsystem vorgesehen und funktioniert in einer Entfernung von bis zu 1600 Metern von der Zentrale des Alarmsystems.<\/p>\n<p>Die Dual-Tech-Technologie sorgt daf\u00fcr, dass der DS-PDD12P-EG2-WE zwei unterschiedliche Erkennungsmethoden verwendet. Potenzielle Eindringlinge werden beispielsweise mit Passiv-Infrarot (PIR) und Mikrowellen erkannt. Durch die Kombination dieser beiden Technologien im Hikvision DS-PDD12P-EG2-WE wird das Risiko von Fehlalarmen verringert. Dies liegt daran, dass beide Methoden unterschiedliche Aspekte der Bewegung erkennen.<br \/>\nDie beiden unterschiedlichen Technologien erg\u00e4nzen sich auch gegenseitig. Wenn eine Funktion weniger gut funktioniert, kann die andere Technologie dies ausgleichen.<\/p>\n<p>Der Hikvision DS-PDD12P-EG2-WE ist immun gegen Tiere bis zu 30 Kilogramm. Mit dem Erfassungswinkel von 85,9 Grad kann ein ganzer Raum bis zu 12 Meter weit erfasst werden.<br \/>\nDer Detektor verwaltet auch einen optischen 3D-Winkel. Dadurch ist sichergestellt, dass der gesamte Bereich erfasst werden kann und keine \u201etoten\u201c Stellen im Erfassungsraum entstehen k\u00f6nnen. Der Hikvision DS-PDD12P-EG2-WE wird h\u00e4ufig an einer Wand oder Decke montiert. Dies kann mit einer Halterung erfolgen, die unter \u201eOptionen\u201c bestellt werden kann.<\/p>\n<p>Das Ger\u00e4t wird mit einer mitgelieferten CR123A-Batterie betrieben. Die Batterie hat eine gesch\u00e4tzte Lebensdauer von f\u00fcnf Jahren und ist leicht auszutauschen. Unter dem Reiter \u201eDokumentation\u201c gibt es einen Link zum Datenblatt, zur Schnellstartanleitung und zur Produktseite des Herstellers mit Informationen zum Produkt, inklusive der ausf\u00fchrlichen Anleitung.<\/p>\n<p>WebStore4 ist offizieller H\u00e4ndler von Hikvision AX PRO. Wir liefern Hikvision AX PRO auf Selbstkonfigurationsbasis. F\u00fcr gr\u00f6\u00dfere Mengen k\u00f6nnen wir auf Anfrage einen wettbewerbsf\u00e4higeren Preis anbieten und auf Anfrage auch die Installation anbieten.<\/p>\n<p><strong>Wichtigste Funktionen<\/strong><\/p>\n<ul>\n<li>Verwaltung mit der Hik-Connect-Anwendung<\/li>\n<li>Dual-Tech-Technologie mit PIR- und Mikrowellendetektor (24G)<\/li>\n<li>Immunit\u00e4t gegen Haustiere<\/li>\n<li>Kann in einem Freiraum von 1600 Metern an die AX PRO-Zentraleinheit angeschlossen werden<\/li>\n<li>Digitale Temperaturkompensation<\/li>\n<li>Montage in einer H\u00f6he von 1,8 \u2013 2,4 Metern<\/li>\n<li>Inklusive 2 Batterien, Batterien sind von der Garantie ausgeschlossen<\/li>\n<\/ul>\n<p><a href=\"https:\/\/www.webstore4ipcameras.nl\/Copyright\" target=\"_blank\" rel=\"noopener\"><span style=\"color: #ff6e03; font-size: 11px;\">\u00a9 Der Text ist urheberrechtlich gesch\u00fctzt<\/span><\/a><\/p>","protected":false},"excerpt":{"rendered":"<p>De Hikvision DS-PDD12P-EG2-WE is onderdeel van het Hikvision AX PRO beveiligingssysteem. Hikvision AX PRO is een draadloos inbraak-, smart home en videoverificatiesysteem van Hikvision geschikt voor zowel woningen als bedrijfsgebouwen. Het AX PRO alarmsysteem bestaat uit een centrale alarm hub met en een brede keuze aan detectoren en andere accessoires, zoals slimme stekkers, repeaters, bedienpanelen,<\/p>\n<div class=\"klb-readmore button\"><a class=\"btn link\" href=\"https:\/\/webstore4.com\/de\/product\/hikvision-ds-pdd12p-eg2-we-dual-tech-pir-en-microwave-detector\/\">Mehr lesen <i class=\"klbth-icon-right-arrow\"><\/i><\/a><\/div>","protected":false},"featured_media":13794,"comment_status":"open","ping_status":"closed","template":"","meta":[],"pwb-brand":[3367],"product_cat":[3466,4224,3483],"product_tag":[],"class_list":{"0":"post-9480","1":"product","2":"type-product","3":"status-publish","4":"has-post-thumbnail","6":"pwb-brand-hikvision","7":"product_cat-alarm","8":"product_cat-alarmsystemen","9":"product_cat-hikvision-ax-pro","10":"product_shipping_class-pakket","11":"pa_kleur-wit","12":"pa_merk-hikvision","13":"pa_product-bewegingsdetectie","15":"first","16":"onbackorder","17":"taxable","18":"shipping-taxable","19":"purchasable","20":"product-type-simple"},"brands":[{"id":3367,"name":"Hikvision","slug":"hikvision"}],"_links":{"self":[{"href":"https:\/\/webstore4.com\/de\/wp-json\/wp\/v2\/product\/9480","targetHints":{"allow":["GET"]}}],"collection":[{"href":"https:\/\/webstore4.com\/de\/wp-json\/wp\/v2\/product"}],"about":[{"href":"https:\/\/webstore4.com\/de\/wp-json\/wp\/v2\/types\/product"}],"replies":[{"embeddable":true,"href":"https:\/\/webstore4.com\/de\/wp-json\/wp\/v2\/comments?post=9480"}],"wp:featuredmedia":[{"embeddable":true,"href":"https:\/\/webstore4.com\/de\/wp-json\/wp\/v2\/media\/13794"}],"wp:attachment":[{"href":"https:\/\/webstore4.com\/de\/wp-json\/wp\/v2\/media?parent=9480"}],"wp:term":[{"taxonomy":"pwb-brand","embeddable":true,"href":"https:\/\/webstore4.com\/de\/wp-json\/wp\/v2\/pwb-brand?post=9480"},{"taxonomy":"product_cat","embeddable":true,"href":"https:\/\/webstore4.com\/de\/wp-json\/wp\/v2\/product_cat?post=9480"},{"taxonomy":"product_tag","embeddable":true,"href":"https:\/\/webstore4.com\/de\/wp-json\/wp\/v2\/product_tag?post=9480"}],"curies":[{"name":"wp","href":"https:\/\/api.w.org\/{rel}","templated":true}]}}