{"id":9478,"date":"2020-09-19T19:11:16","date_gmt":"2020-09-19T17:11:16","guid":{"rendered":"https:\/\/webstore4.com\/\/?product=hikvision-ds-pdpc12p-eg2-we-ax-pro-draadloze-pir-camera-detector-voor-binnen-12m-diervriendelijk"},"modified":"2024-12-27T13:35:22","modified_gmt":"2024-12-27T12:35:22","slug":"hikvision-ds-pdpc12p-eg2-we-pir-camera-detector","status":"publish","type":"product","link":"https:\/\/webstore4.com\/de\/product\/hikvision-ds-pdpc12p-eg2-we-pir-camera-detector\/","title":{"rendered":"Hikvision DS-PDPC12P-EG2-WE AX PRO kabelloser PIR-Kamera-Detektor f\u00fcr den Innenbereich, 12 m, tierfreundlich"},"content":{"rendered":"<div class=\"video-frame-box\" style=\"width: 100%; max-width: 480px; max-height: 270px; float: right; padding: 0px 10px 10px 10px;\">\n<div class=\"video-frame\"><iframe src=\"\/\/www.youtube.com\/embed\/92fXErTQe1k?rel=0&amp;modestbranding=1&amp;showinfo=0&amp;autohide=1\" width=\"480\" height=\"270\" frameborder=\"0\"><\/iframe><\/div>\n<\/div>\n<p>De Hikvision DS-PDPC12P-EG2-WE is onderdeel van het Hikvision AX PRO beveiligingssysteem. Hikvision AX PRO is een draadloos inbraak-, smart home en videoverificatiesysteem van Hikvision geschikt voor zowel woningen als bedrijfsgebouwen. Het AX PRO alarmsysteem bestaat uit een centrale alarm hub met en een brede keuze aan detectoren en andere accessoires, zoals slimme stekkers, repeaters, bedienpanelen, kaartlezers, sirene en een voedingsmodule.<\/p>\n<p>Das AX PRO-System funktioniert sehr einfach mit der Hik-Connect-App f\u00fcr Endbenutzer, die auch f\u00fcr andere Hikvision-Produkte wie IP-Kameras verwendet wird. Auf diese Weise k\u00f6nnen Sie als Kunde alle Hikvision-Produkte in einer Anwendung verwalten.<\/p>\n<p><strong>M\u00f6glichkeiten<\/strong><\/p>\n<p>Der Hikvision DS-PDPC12PF-EG2-WE-B ist ein drahtloser passiver PIR-Kameradetektor mit einer maximalen Erfassungsreichweite von 12 Metern. Der PIR verf\u00fcgt \u00fcber eine integrierte Kamera mit farbiger ColorVu-Nachtsicht f\u00fcr die direkte Alarmvideo\u00fcberpr\u00fcfung an die mobile App oder an eine Notrufzentrale. Der PIR ist f\u00fcr den Einsatz im Hikvision AxPro-Alarmsystem vorgesehen.<\/p>\n<p>Der Hikvision DS-PDPC12PF-EG2-WE-B wird im Innenbereich eingesetzt. Mit einem Erfassungswinkel von horizontal 85,9 Grad und vertikal 68 Grad wird mit dem Kameradetektor ein ganzer Raum \u00fcberwacht. Wenn ein potenzieller Eindringling eindringt, meldet der Detektor dies sofort und beginnt mit der Aufnahme von Bildern. Dar\u00fcber hinaus verf\u00fcgt der DS-PDPC12P-EG2-WE \u00fcber eine integrierte blaue LED, die blinkt, wenn eine Benachrichtigung eingeht. Der Melder muss im Umkreis von 800 Metern an die AX PRO-Zentrale angeschlossen werden.<\/p>\n<p>Um Fehlalarme so weit wie m\u00f6glich zu reduzieren, verf\u00fcgt der Hikvision DS-PDPC12PF-EG2-WE-B \u00fcber eine einstellbare Empfindlichkeit und Erfassungsbereich des PIR-Detektors. Dar\u00fcber hinaus erkennt der Bewegungsmelder Haustiere bis zu 30 Kilogramm. Der Bewegungsmelder wird h\u00e4ufig in Gesch\u00e4ftsr\u00e4umen, Gesch\u00e4ften, Museen oder Privath\u00e4usern eingesetzt und an der Wand oder Decke angebracht. Dies kann mit einer m\u00f6glichen Halterung erfolgen. Die entsprechende Halterung kann unter \u201eOptionen\u201c bestellt werden.<\/p>\n<p>Der Unterschied zwischen dem DS-PDPC12P-EG2-WE und dem DS-PDPC12P<strong>F<\/strong>-EG2-WE is dat deze versie van de camera detector uit het AX PRO alarmsysteem geen kleurenbeeld in donkere omstandigheden weergeeft. Dat doet de DS-PDPC12PF-EG2-WE wel.<\/p>\n<p>Das Ger\u00e4t wird mit einer mitgelieferten CR123A-Batterie betrieben. Die Batterie hat eine gesch\u00e4tzte Lebensdauer von f\u00fcnf Jahren und ist leicht auszutauschen. Unter dem Reiter \u201eDokumentation\u201c gibt es einen Link zum Datenblatt, zur Schnellstartanleitung und zur Produktseite des Herstellers mit Informationen zum Produkt, inklusive der ausf\u00fchrlichen Anleitung.<\/p>\n<p>WebStore4 ist offizieller H\u00e4ndler von Hikvision AX PRO. Wir liefern Hikvision AX PRO auf Selbstkonfigurationsbasis. F\u00fcr gr\u00f6\u00dfere Mengen k\u00f6nnen wir auf Anfrage einen wettbewerbsf\u00e4higeren Preis anbieten und auf Anfrage auch die Installation anbieten.<\/p>\n<p><strong>Wichtigste Funktionen<\/strong><\/p>\n<ul>\n<li>Verwaltung mit der Hik-Connect-Anwendung<\/li>\n<li>Kann in einem Freiraum von 800 Metern an die AX PRO-Zentraleinheit angeschlossen werden<\/li>\n<li>Maximale Erkennungsreichweite von 12 Metern<\/li>\n<li>Einstellbarer Erfassungsbereich<\/li>\n<li>Einstellbare Empfindlichkeit<\/li>\n<li>Immunit\u00e4t gegen Haustiere bis 30 Kilogramm<\/li>\n<li>Batterien im Lieferumfang enthalten, Batterien sind von der Garantie ausgeschlossen<\/li>\n<li>Leicht austauschbarer Akku mit PCB-Schutz<\/li>\n<li>Empfohlene Montageh\u00f6he zwischen 1,8 und 2,4 Metern<\/li>\n<li>Wei\u00df<\/li>\n<\/ul>\n<p><a href=\"https:\/\/www.webstore4ipcameras.nl\/Copyright\" target=\"_blank\" rel=\"noopener\"><span style=\"color: #ff6e03; font-size: 11px;\">\u00a9 Der Text ist urheberrechtlich gesch\u00fctzt<\/span><\/a><\/p>","protected":false},"excerpt":{"rendered":"<p>De Hikvision DS-PDPC12P-EG2-WE is onderdeel van het Hikvision AX PRO beveiligingssysteem. Hikvision AX PRO is een draadloos inbraak-, smart home en videoverificatiesysteem van Hikvision geschikt voor zowel woningen als bedrijfsgebouwen. Het AX PRO alarmsysteem bestaat uit een centrale alarm hub met en een brede keuze aan detectoren en andere accessoires, zoals slimme stekkers, repeaters, bedienpanelen,<\/p>\n<div class=\"klb-readmore button\"><a class=\"btn link\" href=\"https:\/\/webstore4.com\/de\/product\/hikvision-ds-pdpc12p-eg2-we-pir-camera-detector\/\">Mehr lesen <i class=\"klbth-icon-right-arrow\"><\/i><\/a><\/div>","protected":false},"featured_media":13728,"comment_status":"open","ping_status":"closed","template":"","meta":[],"pwb-brand":[3367],"product_cat":[3466,4224,3483],"product_tag":[],"class_list":{"0":"post-9478","1":"product","2":"type-product","3":"status-publish","4":"has-post-thumbnail","6":"pwb-brand-hikvision","7":"product_cat-alarm","8":"product_cat-alarmsystemen","9":"product_cat-hikvision-ax-pro","10":"product_shipping_class-pakket","11":"pa_aanbieding-sale","12":"pa_kleur-wit","13":"pa_merk-hikvision","14":"pa_product-bewegingsdetectie","16":"first","17":"instock","18":"sale","19":"taxable","20":"shipping-taxable","21":"purchasable","22":"product-type-simple"},"brands":[{"id":3367,"name":"Hikvision","slug":"hikvision"}],"_links":{"self":[{"href":"https:\/\/webstore4.com\/de\/wp-json\/wp\/v2\/product\/9478","targetHints":{"allow":["GET"]}}],"collection":[{"href":"https:\/\/webstore4.com\/de\/wp-json\/wp\/v2\/product"}],"about":[{"href":"https:\/\/webstore4.com\/de\/wp-json\/wp\/v2\/types\/product"}],"replies":[{"embeddable":true,"href":"https:\/\/webstore4.com\/de\/wp-json\/wp\/v2\/comments?post=9478"}],"wp:featuredmedia":[{"embeddable":true,"href":"https:\/\/webstore4.com\/de\/wp-json\/wp\/v2\/media\/13728"}],"wp:attachment":[{"href":"https:\/\/webstore4.com\/de\/wp-json\/wp\/v2\/media?parent=9478"}],"wp:term":[{"taxonomy":"pwb-brand","embeddable":true,"href":"https:\/\/webstore4.com\/de\/wp-json\/wp\/v2\/pwb-brand?post=9478"},{"taxonomy":"product_cat","embeddable":true,"href":"https:\/\/webstore4.com\/de\/wp-json\/wp\/v2\/product_cat?post=9478"},{"taxonomy":"product_tag","embeddable":true,"href":"https:\/\/webstore4.com\/de\/wp-json\/wp\/v2\/product_tag?post=9478"}],"curies":[{"name":"wp","href":"https:\/\/api.w.org\/{rel}","templated":true}]}}