{"id":9474,"date":"2020-09-19T18:41:15","date_gmt":"2020-09-19T16:41:15","guid":{"rendered":"https:\/\/webstore4.com\/\/?product=hikvision-ds-pdp15p-eg2-we-ax-pro-draadloze-pir-detector-voor-binnen-15m-diervriendelijk"},"modified":"2024-04-19T15:11:20","modified_gmt":"2024-04-19T14:11:20","slug":"hikvision-ds-pdp15p-eg2-we-draadloze-pir-detector","status":"publish","type":"product","link":"https:\/\/webstore4.com\/de\/product\/hikvision-ds-pdp15p-eg2-we-draadloze-pir-detector\/","title":{"rendered":"Hikvision DS-PDP15P-EG2-WE AX PRO kabelloser PIR-Detektor f\u00fcr den Innenbereich, 15 m, tierfreundlich"},"content":{"rendered":"<div class=\"video-frame-box\" style=\"width: 100%; max-width: 480px; max-height: 270px; float: right; padding: 0px 10px 10px 10px;\">\n<div class=\"video-frame\"><iframe src=\"\/\/www.youtube.com\/embed\/AEH_-ssPE90?rel=0&amp;modestbranding=1&amp;showinfo=0&amp;autohide=1\" width=\"480\" height=\"270\" frameborder=\"0\"><\/iframe><\/div>\n<\/div>\n<p>Hikvision DS-PDP15P-EG2-WE ist Teil des Hikvision AX PRO-Sicherheitssystems. Hikvision AX PRO ist ein drahtloses Einbruch-, Smart-Home- und Videoverifizierungssystem von Hikvision, das sowohl f\u00fcr Privath\u00e4user als auch f\u00fcr Gewerbegeb\u00e4ude geeignet ist. Das AX PRO-Alarmsystem besteht aus einem zentralen Alarm-Hub mit einer gro\u00dfen Auswahl an Detektoren und anderem Zubeh\u00f6r wie Smart Plugs, Repeatern, Bedienfeldern, Kartenlesern, Sirene und einem Strommodul.<\/p>\n<p>Das AX PRO-System funktioniert sehr einfach mit der Hik-Connect-App f\u00fcr Endbenutzer, die auch f\u00fcr andere Hikvision-Produkte wie IP-Kameras verwendet wird. Auf diese Weise k\u00f6nnen Sie als Kunde alle Hikvision-Produkte in einer Anwendung verwalten.<\/p>\n<p><strong>M\u00f6glichkeiten<\/strong><\/p>\n<p>Der schwarze kabellose PIR-Melder Hikvision DS-PDP15P-EG2-WE-B AX PRO ist ein passiver kabelloser PIR-Melder f\u00fcr den Innenbereich mit einer maximalen Reichweite von f\u00fcnfzehn Metern und einem horizontalen Erfassungswinkel von 85,9 Grad. Der Bewegungsmelder \u00fcberwacht einen ganzen Raum und sendet sofort ein Signal an die Zentraleinheit des Hikvision AX PRO Alarmsystems, wenn sich Personen bewegen. Dies f\u00fchrt sofort zu einer Benachrichtigung in der Anwendung und ggf. zur Aktivierung angeschlossener Sirenen oder anderer Ger\u00e4te.<br \/>\nDer Bewegungsmelder muss in einem Abstand von 1600 Metern vom Bedienfeld des Hikvision AX PRO-Alarmsystems montiert werden.<\/p>\n<p>Um Fehlalarme so weit wie m\u00f6glich zu reduzieren, verf\u00fcgt der Hikvision DS-PDPC12PF-EG2-WE-B \u00fcber eine einstellbare Empfindlichkeit und Erfassungsbereich des PIR-Detektors. Dar\u00fcber hinaus erkennt der Bewegungsmelder Haustiere bis zu 30 Kilogramm. Der Bewegungsmelder wird h\u00e4ufig in Gesch\u00e4ftsr\u00e4umen, Gesch\u00e4ften, Museen oder Privath\u00e4usern eingesetzt und an der Wand oder Decke angebracht. Dies kann mit einer m\u00f6glichen Halterung erfolgen. Die entsprechende Halterung kann unter \u201eOptionen\u201c bestellt werden.<\/p>\n<p>Das Ger\u00e4t wird mit einer mitgelieferten CR123A-Batterie betrieben. Die Batterie hat eine gesch\u00e4tzte Lebensdauer von f\u00fcnf Jahren und ist leicht auszutauschen. Unter dem Reiter \u201eDokumentation\u201c gibt es einen Link zum Datenblatt, zur Schnellstartanleitung und zur Produktseite des Herstellers mit Informationen zum Produkt, inklusive der ausf\u00fchrlichen Anleitung.<\/p>\n<p>WebStore4 ist offizieller H\u00e4ndler von Hikvision AX PRO. Wir liefern Hikvision AX PRO auf Selbstkonfigurationsbasis. F\u00fcr gr\u00f6\u00dfere Mengen k\u00f6nnen wir auf Anfrage einen wettbewerbsf\u00e4higeren Preis anbieten und auf Anfrage auch die Installation anbieten.<\/p>\n<p><strong>Wichtigste Funktionen<\/strong><\/p>\n<ul>\n<li>Verwaltung mit der Hik-Connect-Anwendung<\/li>\n<li>Kann in einem Freiraum von 1600 Metern an die AX PRO-Zentraleinheit angeschlossen werden<\/li>\n<li>Maximale Erkennungsreichweite von 15 Metern<\/li>\n<li>Einstellbarer Erfassungsbereich<\/li>\n<li>Einstellbare Empfindlichkeit<\/li>\n<li>Immunit\u00e4t gegen Haustiere bis 30 Kilogramm<\/li>\n<li>Batterien im Lieferumfang enthalten, Batterien sind von der Garantie ausgeschlossen<\/li>\n<li>Leicht austauschbarer Akku mit PCB-Schutz<\/li>\n<li>Empfohlene Montageh\u00f6he zwischen 1,8 und 2,4 Metern<\/li>\n<li>Wei\u00df<\/li>\n<\/ul>\n<p><a href=\"https:\/\/www.webstore4ipcameras.nl\/Copyright\" target=\"_blank\" rel=\"noopener\"><span style=\"color: #ff6e03; font-size: 11px;\">\u00a9 Der Text ist urheberrechtlich gesch\u00fctzt<\/span><\/a><\/p>","protected":false},"excerpt":{"rendered":"<p>Hikvision DS-PDP15P-EG2-WE is onderdeel van het Hikvision AX PRO beveiligingssysteem. Hikvision AX PRO is een draadloos inbraak-, smart home en videoverificatiesysteem van Hikvision geschikt voor zowel woningen als bedrijfsgebouwen. Het AX PRO alarmsysteem bestaat uit een centrale alarm hub met en een brede keuze aan detectoren en andere accessoires, zoals slimme stekkers, repeaters, bedienpanelen, kaartlezers,<\/p>\n<div class=\"klb-readmore button\"><a class=\"btn link\" href=\"https:\/\/webstore4.com\/de\/product\/hikvision-ds-pdp15p-eg2-we-draadloze-pir-detector\/\">Mehr lesen <i class=\"klbth-icon-right-arrow\"><\/i><\/a><\/div>","protected":false},"featured_media":13717,"comment_status":"open","ping_status":"closed","template":"","meta":[],"pwb-brand":[3367],"product_cat":[3466,3483],"product_tag":[],"class_list":{"0":"post-9474","1":"product","2":"type-product","3":"status-publish","4":"has-post-thumbnail","6":"pwb-brand-hikvision","7":"product_cat-alarm","8":"product_cat-hikvision-ax-pro","9":"product_shipping_class-pakket","10":"pa_kleur-wit","11":"pa_merk-hikvision","12":"pa_product-bewegingsdetectie","14":"first","15":"onbackorder","16":"taxable","17":"shipping-taxable","18":"purchasable","19":"product-type-simple"},"brands":[{"id":3367,"name":"Hikvision","slug":"hikvision"}],"_links":{"self":[{"href":"https:\/\/webstore4.com\/de\/wp-json\/wp\/v2\/product\/9474","targetHints":{"allow":["GET"]}}],"collection":[{"href":"https:\/\/webstore4.com\/de\/wp-json\/wp\/v2\/product"}],"about":[{"href":"https:\/\/webstore4.com\/de\/wp-json\/wp\/v2\/types\/product"}],"replies":[{"embeddable":true,"href":"https:\/\/webstore4.com\/de\/wp-json\/wp\/v2\/comments?post=9474"}],"wp:featuredmedia":[{"embeddable":true,"href":"https:\/\/webstore4.com\/de\/wp-json\/wp\/v2\/media\/13717"}],"wp:attachment":[{"href":"https:\/\/webstore4.com\/de\/wp-json\/wp\/v2\/media?parent=9474"}],"wp:term":[{"taxonomy":"pwb-brand","embeddable":true,"href":"https:\/\/webstore4.com\/de\/wp-json\/wp\/v2\/pwb-brand?post=9474"},{"taxonomy":"product_cat","embeddable":true,"href":"https:\/\/webstore4.com\/de\/wp-json\/wp\/v2\/product_cat?post=9474"},{"taxonomy":"product_tag","embeddable":true,"href":"https:\/\/webstore4.com\/de\/wp-json\/wp\/v2\/product_tag?post=9474"}],"curies":[{"name":"wp","href":"https:\/\/api.w.org\/{rel}","templated":true}]}}