{"id":9460,"date":"2020-09-19T02:00:47","date_gmt":"2020-09-19T00:00:47","guid":{"rendered":"https:\/\/webstore4.com\/\/?product=hikvision-ds-pt1-we-ax-pro-draadloze-tag-lezer"},"modified":"2024-04-19T15:11:13","modified_gmt":"2024-04-19T14:11:13","slug":"hikvision-ds-pt1-we-ax-pro-mifare-draadloze-lezer","status":"publish","type":"product","link":"https:\/\/webstore4.com\/de\/product\/hikvision-ds-pt1-we-ax-pro-mifare-draadloze-lezer\/","title":{"rendered":"Hikvision DS-PT1-WE AX PRO Mifare Wireless-Tag-Leser"},"content":{"rendered":"<div class=\"video-frame-box\" style=\"width: 100%; max-width: 480px; max-height: 270px; float: right; padding: 0px 10px 10px 10px;\">\n<div class=\"video-frame\"><iframe src=\"\/\/www.youtube.com\/embed\/AEH_-ssPE90?rel=0&amp;modestbranding=1&amp;showinfo=0&amp;autohide=1\" width=\"480\" height=\"270\" frameborder=\"0\"><\/iframe><\/div>\n<\/div>\n<p>Der Hikvision DS-PT1-WE ist Teil des Hikvision AX PRO-Sicherheitssystems. Hikvision AX PRO ist ein drahtloses Einbruch-, Smart-Home- und Videoverifizierungssystem von Hikvision, das sowohl f\u00fcr Privath\u00e4user als auch f\u00fcr Gewerbegeb\u00e4ude geeignet ist. Das AX PRO-Alarmsystem besteht aus einem zentralen Alarm-Hub mit einer gro\u00dfen Auswahl an Detektoren und anderem Zubeh\u00f6r wie Smart Plugs, Repeatern, Bedienfeldern, Kartenlesern, Sirene und einem Strommodul.<\/p>\n<p>Das AX PRO-System funktioniert sehr einfach mit der Hik-Connect-App f\u00fcr Endbenutzer, die auch f\u00fcr andere Hikvision-Produkte wie IP-Kameras verwendet wird. Auf diese Weise k\u00f6nnen Sie als Kunde alle Hikvision-Produkte in einer Anwendung verwalten.<\/p>\n<p><strong>M\u00f6glichkeiten<\/strong><\/p>\n<p>Der Hikvision DS-PT1-WE ist ein kabelloser Mifare-Tag-Leser zur Verwendung im Hikvision AX PRO-Alarmsystem. Auf diese Weise kombiniert Hikvision Alarm mit Zugangskontrolle. Der Hikvision DS-PT1-WE wird oft an einem Zugangspunkt montiert, da er zum Ein- und Ausschalten des Alarms verwendet werden kann.<\/p>\n<p>Berechtigte Personen k\u00f6nnen einfach ihre Mifare-Karte an den Kartenleser halten, um Zugang zu sicheren Bereichen zu erhalten. Dar\u00fcber hinaus erm\u00f6glicht der DS-PT1-WE das Ein- und Ausschalten des Alarms komplett oder f\u00fcr bestimmte Zonen.<br \/>\nDas Leseger\u00e4t funktioniert auf der Frequenz Mifare 13,56. Unter \u201eOptionen\u201c k\u00f6nnen verschiedene Anh\u00e4nger und Karten bestellt werden.<\/p>\n<p>Der drahtlose Leser funktioniert innerhalb einer Entfernung von 1200 Metern von der AX PRO-Zentrale. Die AX PRO-Zentraleinheit fungiert als zentraler Punkt zwischen den verschiedenen Elementen des AX PRO-Alarmsystems.<br \/>\nDer Hikvision DS-PT1-WE l\u00e4sst sich vollst\u00e4ndig mit der Hik-Connect-Anwendung verwalten. Dies bedeutet, dass Benutzer vom Administrator berechtigt oder verboten werden k\u00f6nnen.<\/p>\n<p>Der Hikvision DS-PT1-WE wird mit drei mitgelieferten AA-Batterien betrieben. Die Batterien haben eine gesch\u00e4tzte Lebensdauer von zwei Jahren und sind leicht auszutauschen. Dieses Produkt ist durch die Wandmontage sehr einfach zu installieren.<\/p>\n<p>Unter dem Reiter \u201eDokumentation\u201c gibt es einen Link zum Datenblatt, zur Schnellstartanleitung und zur Produktseite des Herstellers mit Informationen zum Produkt, inklusive der ausf\u00fchrlichen Anleitung.<\/p>\n<p>WebStore4 ist offizieller H\u00e4ndler von Hikvision AX PRO. Wir liefern Hikvision AX PRO auf Selbstkonfigurationsbasis. F\u00fcr gr\u00f6\u00dfere Mengen k\u00f6nnen wir auf Anfrage einen wettbewerbsf\u00e4higeren Preis anbieten und auf Anfrage auch die Installation anbieten.<\/p>\n<p><strong>Wichtigste Funktionen<\/strong><\/p>\n<ul>\n<li>Verwaltung mit der Hik-Connect-Anwendung<\/li>\n<li>Kann in einem Freiraum von 1200 Metern an die AX PRO-Zentraleinheit angeschlossen werden<\/li>\n<li>Batterien im Lieferumfang enthalten, Batterien sind von der Garantie ausgeschlossen<\/li>\n<li>Frequenz Mifare 13,56<\/li>\n<li>Wei\u00df<\/li>\n<\/ul>\n<p><a href=\"https:\/\/www.webstore4ipcameras.nl\/Copyright\" target=\"_blank\" rel=\"noopener\"><span style=\"color: #ff6e03; font-size: 11px;\">\u00a9 Der Text ist urheberrechtlich gesch\u00fctzt<\/span><\/a><\/p>","protected":false},"excerpt":{"rendered":"<p>De Hikvision DS-PT1-WE is onderdeel van het Hikvision AX PRO beveiligingssysteem. Hikvision AX PRO is een draadloos inbraak-, smart home en videoverificatiesysteem van Hikvision geschikt voor zowel woningen als bedrijfsgebouwen. Het AX PRO alarmsysteem bestaat uit een centrale alarm hub met en een brede keuze aan detectoren en andere accessoires, zoals slimme stekkers, repeaters, bedienpanelen,<\/p>\n<div class=\"klb-readmore button\"><a class=\"btn link\" href=\"https:\/\/webstore4.com\/de\/product\/hikvision-ds-pt1-we-ax-pro-mifare-draadloze-lezer\/\">Mehr lesen <i class=\"klbth-icon-right-arrow\"><\/i><\/a><\/div>","protected":false},"featured_media":9461,"comment_status":"open","ping_status":"closed","template":"","meta":[],"pwb-brand":[3367],"product_cat":[3466,4224,3483],"product_tag":[],"class_list":{"0":"post-9460","1":"product","2":"type-product","3":"status-publish","4":"has-post-thumbnail","6":"pwb-brand-hikvision","7":"product_cat-alarm","8":"product_cat-alarmsystemen","9":"product_cat-hikvision-ax-pro","10":"product_shipping_class-pakket","11":"pa_kleur-wit","12":"pa_merk-hikvision","13":"pa_product-reader","15":"first","16":"onbackorder","17":"taxable","18":"shipping-taxable","19":"purchasable","20":"product-type-simple"},"brands":[{"id":3367,"name":"Hikvision","slug":"hikvision"}],"_links":{"self":[{"href":"https:\/\/webstore4.com\/de\/wp-json\/wp\/v2\/product\/9460","targetHints":{"allow":["GET"]}}],"collection":[{"href":"https:\/\/webstore4.com\/de\/wp-json\/wp\/v2\/product"}],"about":[{"href":"https:\/\/webstore4.com\/de\/wp-json\/wp\/v2\/types\/product"}],"replies":[{"embeddable":true,"href":"https:\/\/webstore4.com\/de\/wp-json\/wp\/v2\/comments?post=9460"}],"wp:featuredmedia":[{"embeddable":true,"href":"https:\/\/webstore4.com\/de\/wp-json\/wp\/v2\/media\/9461"}],"wp:attachment":[{"href":"https:\/\/webstore4.com\/de\/wp-json\/wp\/v2\/media?parent=9460"}],"wp:term":[{"taxonomy":"pwb-brand","embeddable":true,"href":"https:\/\/webstore4.com\/de\/wp-json\/wp\/v2\/pwb-brand?post=9460"},{"taxonomy":"product_cat","embeddable":true,"href":"https:\/\/webstore4.com\/de\/wp-json\/wp\/v2\/product_cat?post=9460"},{"taxonomy":"product_tag","embeddable":true,"href":"https:\/\/webstore4.com\/de\/wp-json\/wp\/v2\/product_tag?post=9460"}],"curies":[{"name":"wp","href":"https:\/\/api.w.org\/{rel}","templated":true}]}}