{"id":9454,"date":"2020-09-19T00:24:54","date_gmt":"2020-09-18T22:24:54","guid":{"rendered":"https:\/\/webstore4.com\/\/?product=hikvision-ds-pwa96-kit-we-ax-pro-alarm-starterkit-draadloos-868mhz-met-kaartlezer-lan-wifi-en-4g"},"modified":"2025-12-10T13:54:26","modified_gmt":"2025-12-10T12:54:26","slug":"hikvision-ds-pwa96-kit-we-ax-pro-alarm-starterkit","status":"publish","type":"product","link":"https:\/\/webstore4.com\/de\/product\/hikvision-ds-pwa96-kit-we-ax-pro-alarm-starterkit\/","title":{"rendered":"Hikvision DS-PWA96-Kit-WE AX PRO Alarm-Starterkit kabellos 868 MHz mit Kartenleser, LAN, WLAN und 4G"},"content":{"rendered":"<div class=\"video-frame-box\" style=\"width: 100%; max-width: 480px; max-height: 270px; float: right; padding: 0px 10px 10px 10px;\">\n<div class=\"video-frame\"><iframe src=\"\/\/www.youtube.com\/embed\/AEH_-ssPE90?rel=0&amp;modestbranding=1&amp;showinfo=0&amp;autohide=1\" width=\"480\" height=\"270\" frameborder=\"0\"><\/iframe><\/div>\n<\/div>\n<p>Das Hikvision DS-PWA96-Kit-WE-B ist eine schwarze Version des DS-PWA96-Kit-WE AX PRO Alarm-Starterpakets des Hikvision AX PRO-Sicherheitssystems. Hikvision AX PRO ist ein drahtloses Einbruch-, Smart-Home- und Videoverifizierungssystem von Hikvision, das sowohl f\u00fcr Privath\u00e4user als auch f\u00fcr Gewerbegeb\u00e4ude geeignet ist. Das Hikvision DS-PWA96-Kit-WE-B kann mit einer gro\u00dfen Auswahl an Detektoren und anderem Zubeh\u00f6r wie Smart Plugs, Repeatern, Bedienfeldern, Kartenlesern, Sirene und einem Strommodul erweitert werden.<\/p>\n<p>Das AX PRO-System funktioniert sehr einfach mit der Hik-Connect-App f\u00fcr Endbenutzer, die auch f\u00fcr andere Hikvision-Produkte wie IP-Kameras verwendet wird. Auf diese Weise k\u00f6nnen Sie als Kunde alle Hikvision-Produkte in einer Anwendung verwalten.<\/p>\n<p><strong>M\u00f6glichkeiten<\/strong><\/p>\n<p>Das Hikvision DS-PWA96-Kit-WE ist ein AX PRO Alarm-Starterkit. Das Kit besteht aus <span style=\"color: #ff9900;\"><a style=\"color: #ff9900;\" href=\"https:\/\/webstore4.com\/hikvision-ds-pwa96-m-we-ax-pro-centrale\/\" target=\"_blank\" rel=\"noopener\">Hikvision DS-PWA96-M-WE AX PRO Zentraleinheit mit Kartenleser, LAN, WLAN und 4G<\/a><\/span>, Ein <span style=\"color: #ff9900;\"><a style=\"color: #ff9900;\" href=\"https:\/\/webstore4.com\/hikvision-ds-pdp15p-eg2-we-draadloze-pir-detector\/\" target=\"_blank\" rel=\"noopener\">Hikvision DS-PDP15P-EG2-WE AX PRO kabelloser PIR-Melder<\/a><\/span>, Ein <span style=\"color: #ff9900;\"><a style=\"color: #ff9900;\" href=\"https:\/\/webstore4.com\/hikvision-ds-pdmc-eg2-we-raam-deur-magneet-contact\/\" target=\"_blank\" rel=\"noopener\">Hikvision DS-PDMC-EG2-WE AX PRO kabelloser Fenster-T\u00fcr-Magnetkontakt<\/a><\/span> und ein <span style=\"color: #ff9900;\"><a style=\"color: #ff9900;\" href=\"https:\/\/webstore4.com\/hikvision-ds-pkf1-we-afstandsbediening\/\" target=\"_blank\" rel=\"noopener\">Drahtlose Fernbedienung Hikvision DS-PKF1-WE AX PRO<\/a><span style=\"color: #000000;\">Das Alarmsystem arbeitet auf der zuverl\u00e4ssigen 868-MHz-Frequenz, verf\u00fcgt \u00fcber eine LAN- und WLAN-Verbindung und es kann eine 3G\/4G-SIM-Karte f\u00fcr den General Packet Radio Service (GPRS) installiert werden.<\/span><\/span><\/p>\n<p>Die schwarze Zentraleinheit Hikvision DS-PWA96-M-WE-B AX PRO mit Kartenleser, LAN, WLAN und 4G fungiert als Bedienfeld zwischen den anderen Sicherheitsger\u00e4ten. Diese zentrale Einheit ist der Punkt, der mit der kostenlosen Hikvision-Anwendung kommuniziert. Mit der App k\u00f6nnen Sie das Sicherheitssystem einfach verwalten und den Raum \u00fcberwachen. Die anderen Komponenten des Hikvision-Sicherheitssystems werden an die Zentrale angeschlossen. Der Hikvision DS-PWA96-M-WE meldet Alarme per Push-Benachrichtigung, SMS oder Telefonanruf. Es k\u00f6nnen bis zu 96 Zonen eingerichtet werden, davon maximal 48 PIR-Kamerasensoren. Es k\u00f6nnen 48 Netzwerkteilnehmer eingerichtet werden.<\/p>\n<p>Der schwarze kabellose PIR-Melder Hikvision DS-PDP15P-EG2-WE-B AX PRO ist ein passiver kabelloser PIR-Melder f\u00fcr den Innenbereich mit einer maximalen Reichweite von f\u00fcnfzehn Metern und einem horizontalen Erfassungswinkel von 85,9 Grad. Der Bewegungsmelder \u00fcberwacht einen ganzen Raum und sendet sofort ein Signal an die Zentraleinheit des Hikvision AX PRO Alarmsystems, wenn sich Personen bewegen. Dies f\u00fchrt sofort zu einer Benachrichtigung in der Anwendung und ggf. zur Aktivierung angeschlossener Sirenen oder anderer Ger\u00e4te.<br \/>\nDer Bewegungsmelder muss in einem Abstand von 1600 Metern vom Bedienfeld des Hikvision AX PRO-Alarmsystems montiert werden. Der Hikvision DS-PDP15P-EG2-WE verf\u00fcgt \u00fcber Tierimmunit\u00e4t, wodurch Fehlalarme reduziert werden.<\/p>\n<p>Der schwarze kabellose Fenster-T\u00fcr-Magnetkontakt DS-PDMC-EG2-WE-B AX PRO von Hikvision ist ein kabelloser Fenster-T\u00fcr-Magnetkontakt mit 2 Eing\u00e4ngen f\u00fcr kabelgebundene Sensoren. Der Kontakt arbeitet mit der Zentraleinheit des Hikvision AX PRO-Alarmsystems in einer maximalen Entfernung von 1600 Metern im offenen Raum zusammen. Sobald der Kontakt unterbrochen wird, wird ein Signal an die Hikvision AX PRO-Zentrale gesendet. Da der Fensterkontakt so kompakt ist, f\u00e4llt er nicht auf.<\/p>\n<p>Die schwarze kabellose Fernbedienung Hikvision DS-PKF1-WE-B AX PRO ist eine kabellose Fernbedienung. Die Fernbedienung ist f\u00fcr den Einsatz im Hikvision AX PRO-Alarmsystem vorgesehen und arbeitet mit der Zentraleinheit des Hikvision AX PRO-Alarmsystems in einer maximalen Entfernung von 900 Metern im offenen Raum zusammen. Die Fernbedienung bietet die M\u00f6glichkeit, die Alarmanlage zu aktivieren und zu deaktivieren. Es ist auch m\u00f6glich, einige verbundene Ger\u00e4te mit dem Hikvision DS-PKF1-WE zu entsperren. Es handelt sich um eine sehr kompakte Fernbedienung, die auch in der Tasche aufbewahrt oder am Schl\u00fcsselbund befestigt werden kann.<\/p>\n<p>Selbstverst\u00e4ndlich k\u00f6nnen weitere Ger\u00e4te mit diesem Kit im WebStore4 erworben werden. Unter \u201eOptionen\u201c sind einige empfohlene Produkte aufgef\u00fchrt. F\u00fcr eine detailliertere Beschreibung der einzelnen Produkte verweisen wir auf die Produkte selbst. Wir empfehlen au\u00dferdem, die Produktseite zu konsultieren, die unter der Registerkarte \u201eDokumentation\u201c enthalten ist.<\/p>\n<p><strong>Wichtigste Funktionen<\/strong><\/p>\n<ul>\n<li>Komplettes Hikvision AX PRO-Kit<\/li>\n<li>1x <span style=\"color: #ff9900;\"><a style=\"color: #ff9900;\" href=\"https:\/\/webstore4.com\/hikvision-ds-pwa96-m-we-ax-pro-centrale\/\" target=\"_blank\" rel=\"noopener\">Hikvision DS-PWA96-M-WE AX PRO Zentraleinheit mit Kartenleser, LAN, WLAN und 4G<\/a><\/span><\/li>\n<li>1x <span style=\"color: #ff9900;\"><a style=\"color: #ff9900;\" href=\"https:\/\/webstore4.com\/hikvision-ds-pdp15p-eg2-we-draadloze-pir-detector\/\" target=\"_blank\" rel=\"noopener\">Hikvision DS-PDP15P-EG2-WE AX PRO kabelloser PIR-Melder<\/a><\/span><\/li>\n<li>1x <span style=\"color: #ff9900;\"><a style=\"color: #ff9900;\" href=\"https:\/\/webstore4.com\/hikvision-ds-pdmc-eg2-we-raam-deur-magneet-contact\/\" target=\"_blank\" rel=\"noopener\">Hikvision DS-PDMC-EG2-WE AX PRO kabelloser Fenster-T\u00fcr-Magnetkontakt<\/a> <\/span><\/li>\n<li>1x <span style=\"color: #ff9900;\"><a style=\"color: #ff9900;\" href=\"https:\/\/webstore4.com\/hikvision-ds-pkf1-we-afstandsbediening\/\" target=\"_blank\" rel=\"noopener\">Drahtlose Fernbedienung Hikvision DS-PKF1-WE AX PRO<\/a><\/span><\/li>\n<li>Maximal 48 Benutzer<\/li>\n<li>Bis zu 96 Ger\u00e4te<\/li>\n<li>Verwaltung \u00fcber die Hik-Connect-Anwendung<\/li>\n<li>Batterien im Lieferumfang enthalten, Batterien sind von der Garantie ausgeschlossen<\/li>\n<li>Wei\u00df<\/li>\n<\/ul>\n<p>WebStore4 ist offizieller H\u00e4ndler von Hikvision AX PRO. Wir liefern Hikvision AX PRO auf Selbstkonfigurationsbasis. F\u00fcr gr\u00f6\u00dfere Mengen k\u00f6nnen wir auf Anfrage einen wettbewerbsf\u00e4higeren Preis anbieten und auf Anfrage auch die Installation anbieten.<\/p>\n<p><a href=\"https:\/\/webstore4.com\/Copyright\/\" target=\"_blank\" rel=\"noopener\"><span style=\"color: #ff6e03; font-size: 11px;\">\u00a9 Der Text ist urheberrechtlich gesch\u00fctzt<\/span><\/a><\/p>","protected":false},"excerpt":{"rendered":"<p>De Hikvision DS-PWA96-Kit-WE is een AX PRO alarm starterspakket van het Hikvision AX PRO beveiligingssysteem. Hikvision AX PRO is een draadloos inbraak-, smart home en video verificatiesysteem van Hikvision geschikt voor zowel woningen als bedrijfsgebouwen. De Hikvision DS-PWA96-Kit-WE kan worden uitgebreid met een brede keuze aan detectoren en andere accessoires, zoals slimme stekkers, repeaters, bedienpanelen,<\/p>\n<div class=\"klb-readmore button\"><a class=\"btn link\" href=\"https:\/\/webstore4.com\/de\/product\/hikvision-ds-pwa96-kit-we-ax-pro-alarm-starterkit\/\">Mehr lesen <i class=\"klbth-icon-right-arrow\"><\/i><\/a><\/div>","protected":false},"featured_media":13811,"comment_status":"open","ping_status":"closed","template":"","meta":[],"pwb-brand":[3367],"product_cat":[3466,4224,3483],"product_tag":[],"class_list":{"0":"post-9454","1":"product","2":"type-product","3":"status-publish","4":"has-post-thumbnail","6":"pwb-brand-hikvision","7":"product_cat-alarm","8":"product_cat-alarmsystemen","9":"product_cat-hikvision-ax-pro","10":"product_shipping_class-pakket","11":"pa_aanbieding-sale","12":"pa_kleur-wit","13":"pa_merk-hikvision","14":"pa_product-complete-kit","16":"first","17":"onbackorder","18":"sale","19":"featured","20":"taxable","21":"shipping-taxable","22":"purchasable","23":"product-type-simple"},"brands":[{"id":3367,"name":"Hikvision","slug":"hikvision"}],"_links":{"self":[{"href":"https:\/\/webstore4.com\/de\/wp-json\/wp\/v2\/product\/9454","targetHints":{"allow":["GET"]}}],"collection":[{"href":"https:\/\/webstore4.com\/de\/wp-json\/wp\/v2\/product"}],"about":[{"href":"https:\/\/webstore4.com\/de\/wp-json\/wp\/v2\/types\/product"}],"replies":[{"embeddable":true,"href":"https:\/\/webstore4.com\/de\/wp-json\/wp\/v2\/comments?post=9454"}],"wp:featuredmedia":[{"embeddable":true,"href":"https:\/\/webstore4.com\/de\/wp-json\/wp\/v2\/media\/13811"}],"wp:attachment":[{"href":"https:\/\/webstore4.com\/de\/wp-json\/wp\/v2\/media?parent=9454"}],"wp:term":[{"taxonomy":"pwb-brand","embeddable":true,"href":"https:\/\/webstore4.com\/de\/wp-json\/wp\/v2\/pwb-brand?post=9454"},{"taxonomy":"product_cat","embeddable":true,"href":"https:\/\/webstore4.com\/de\/wp-json\/wp\/v2\/product_cat?post=9454"},{"taxonomy":"product_tag","embeddable":true,"href":"https:\/\/webstore4.com\/de\/wp-json\/wp\/v2\/product_tag?post=9454"}],"curies":[{"name":"wp","href":"https:\/\/api.w.org\/{rel}","templated":true}]}}