{"id":9429,"date":"2020-09-04T23:20:15","date_gmt":"2020-09-04T21:20:15","guid":{"rendered":"https:\/\/webstore4.com\/\/?product=boly-bg590-k2-24mhd-wildcamera-24mp-full-hd"},"modified":"2025-02-19T05:22:05","modified_gmt":"2025-02-19T04:22:05","slug":"boly-bg310-wildcamera18mp","status":"publish","type":"product","link":"https:\/\/webstore4.com\/de\/product\/boly-bg310-wildcamera18mp\/","title":{"rendered":"Boly BG310 Energieeffiziente Wildkamera, 18 MP und PIR-Bewegungserkennung 30 Meter"},"content":{"rendered":"<p>Die Boly BG310 18MP ist eine sehr hochwertige Wildkamera mit einer Fotoaufl\u00f6sung von 18 Megapixeln.<\/p>\n<p><strong>Eigenschaften<\/strong><\/p>\n<p>Die Kamera verf\u00fcgt \u00fcber einen 3-Megapixel-Bildsensor mit einer maximalen Fotoaufl\u00f6sung von 18 Megapixeln und einer Videoaufl\u00f6sung von 1280 x 720. Das Objektiv hat einen horizontalen Bildwinkel von 57 Grad. Die Kamera verf\u00fcgt \u00fcber einen 1,44\u2033 LCD-Bildschirm f\u00fcr Parameteroptionen und Bildwiedergabe.<\/p>\n<p>F\u00fcr dunkle Bedingungen ist die Kamera mit unsichtbarem Infrarot-LED-Licht (No-Glow) ausgestattet. Die Reichweite des IR betr\u00e4gt maximal 30 Meter.<\/p>\n<p>Die Wildkamera verf\u00fcgt \u00fcber einen PIR-Bewegungsmelder mit einstellbarer Empfindlichkeit und einer Erfassungsreichweite von 30 Metern sowie einem Erfassungswinkel von 55 Grad. Die Kamera verf\u00fcgt \u00fcber ein empfindliches Mikrofon. Die Kamera verf\u00fcgt \u00fcber eine Zeitrafferfunktion. Bilder k\u00f6nnen in der Kamera auf einer SDHC-Karte mit bis zu 32 GB (Klasse 10, FAT32) gespeichert werden. Schalten Sie das Ger\u00e4t aus, bevor Sie die Speicherkarte einsetzen.<\/p>\n<p><strong>Montage<\/strong><\/p>\n<p>Die Kamera wird mit einem Riemen zur Befestigung beispielsweise an einem Baum oder einer Stange geliefert. Dar\u00fcber hinaus besteht die M\u00f6glichkeit, die Kamera mit dem mitgelieferten Holzgewindestift im Holz zu befestigen. Die Kamera kann mit 2 Li-Ionen-Akkus mit 3,7 V\/2,6 Ah betrieben werden. Batterien sind nicht im Lieferumfang enthalten, k\u00f6nnen aber unter \u201eOptionen\u201c bestellt werden. Die Kamera kann auch mit einem 5VDC\/2A Netzteil (nicht im Lieferumfang enthalten) mit Strom versorgt werden. Aufgrund des sehr geringen Stromverbrauchs des Boly BG310 haben die Batterien eine sehr lange Lebensdauer. Die Kamera kann auch \u00fcber ein Solarpanel (nicht im Lieferumfang enthalten) mit Strom versorgt werden.<\/p>\n<p>Unter der Registerkarte \u201eDokumentation\u201c haben wir Links zur Produkt- und Supportseite des Herstellers mit den Spezifikationen und dem Handbuch eingef\u00fcgt. F\u00fcr die Kamera gilt eine Herstellergarantie von 2 Jahren.<\/p>\n<p><strong>Haupteigenschaften<\/strong><\/p>\n<ul>\n<li>Hochwertige Wildkamera<\/li>\n<li>18-Megapixel-Foto und 1280p-Video<\/li>\n<li>Unsichtbare Infrarot-Nachtsicht (940 nm)<\/li>\n<li>55-Grad-PIR-Detektor mit einstellbarer Empfindlichkeit<\/li>\n<li>Interner SDHC-Speicher 32 GB (SD-Karte nicht im Lieferumfang enthalten)<\/li>\n<li>Eingebautes Mikrophon<\/li>\n<li>1,44-Zoll-LCD-Bildschirm<\/li>\n<li>Zeitraffer<\/li>\n<li>Wetterfest<\/li>\n<li>Lange Akkulaufzeit oder Stromversorgung mit Adapter oder Solarpanel<\/li>\n<\/ul>\n<p><a href=\"https:\/\/www.webstore4ipcameras.nl\/Copyright\" target=\"_blank\" rel=\"noopener\"><span style=\"color: #ff6e03; font-size: 11px;\">\u00a9 Der Text ist urheberrechtlich gesch\u00fctzt<\/span><\/a><\/p>\n<p><iframe title=\"BG310 ANLEITUNGSVIDEO\" width=\"960\" height=\"540\" src=\"https:\/\/www.youtube.com\/embed\/7bjCzdl1mdY?start=6&#038;feature=oembed&#038;enablejsapi=1&#038;origin=https:\/\/webstore4.com\" frameborder=\"0\" allow=\"accelerometer; autoplay; clipboard-write; encrypted-media; gyroscope; picture-in-picture; web-share\" referrerpolicy=\"strict-origin-when-cross-origin\" allowfullscreen><\/iframe><\/p>","protected":false},"excerpt":{"rendered":"<p>De Boly BG310 18MP is een zeer hoogwaardige wildcamera met een 18 megapixel fotoresolutie. Kenmerken De camera heeft een 3 megapixel beeldsensor met een maximale fotoresolutie van 18 megapixel en een\u00a0 1280&#215;720 video resolutie. De lens heeft een horizontale beeldhoek van 57 graden. De camera beschikt over een 1.44&#8243; LCD scherm voor parameter opties en<\/p>\n<div class=\"klb-readmore button\"><a class=\"btn link\" href=\"https:\/\/webstore4.com\/de\/product\/boly-bg310-wildcamera18mp\/\">Mehr lesen <i class=\"klbth-icon-right-arrow\"><\/i><\/a><\/div>","protected":false},"featured_media":11412,"comment_status":"closed","ping_status":"closed","template":"","meta":[],"pwb-brand":[3413],"product_cat":[4232],"product_tag":[],"class_list":{"0":"post-9429","1":"product","2":"type-product","3":"status-publish","4":"has-post-thumbnail","6":"pwb-brand-boly","7":"product_cat-wildcameras-cameras","8":"pa_beeldhoek-graden-horizontaal-3849","9":"pa_ingebouwd-type-nachtzicht-infrared-ir-led","10":"pa_materiaal-kunststof","11":"pa_megapixel-3mp","12":"pa_merk-boly","13":"pa_mobiele-app-fabrikant-nee","14":"pa_omgeving-binnen-en-buiten","15":"pa_opnemen-op-sd-kaart-ja","16":"pa_voeding-5v-usb","18":"first","19":"onbackorder","20":"taxable","21":"shipping-taxable","22":"purchasable","23":"product-type-simple"},"brands":[{"id":3413,"name":"Boly","slug":"boly"}],"_links":{"self":[{"href":"https:\/\/webstore4.com\/de\/wp-json\/wp\/v2\/product\/9429","targetHints":{"allow":["GET"]}}],"collection":[{"href":"https:\/\/webstore4.com\/de\/wp-json\/wp\/v2\/product"}],"about":[{"href":"https:\/\/webstore4.com\/de\/wp-json\/wp\/v2\/types\/product"}],"replies":[{"embeddable":true,"href":"https:\/\/webstore4.com\/de\/wp-json\/wp\/v2\/comments?post=9429"}],"wp:featuredmedia":[{"embeddable":true,"href":"https:\/\/webstore4.com\/de\/wp-json\/wp\/v2\/media\/11412"}],"wp:attachment":[{"href":"https:\/\/webstore4.com\/de\/wp-json\/wp\/v2\/media?parent=9429"}],"wp:term":[{"taxonomy":"pwb-brand","embeddable":true,"href":"https:\/\/webstore4.com\/de\/wp-json\/wp\/v2\/pwb-brand?post=9429"},{"taxonomy":"product_cat","embeddable":true,"href":"https:\/\/webstore4.com\/de\/wp-json\/wp\/v2\/product_cat?post=9429"},{"taxonomy":"product_tag","embeddable":true,"href":"https:\/\/webstore4.com\/de\/wp-json\/wp\/v2\/product_tag?post=9429"}],"curies":[{"name":"wp","href":"https:\/\/api.w.org\/{rel}","templated":true}]}}