{"id":9380,"date":"2020-08-17T23:43:33","date_gmt":"2020-08-17T21:43:33","guid":{"rendered":"https:\/\/webstore4.com\/\/?product=safire-sf-ipcu201ha-2e-w-full-hd-2mp-wifi-cube-met-ir-nachtzicht-microsd-en-2-weg-audio"},"modified":"2025-12-10T16:31:50","modified_gmt":"2025-12-10T15:31:50","slug":"hikvision-hwc-c120-d-w-2mp-wi-fi-cube-camera","status":"publish","type":"product","link":"https:\/\/webstore4.com\/de\/product\/hikvision-hwc-c120-d-w-2mp-wi-fi-cube-camera\/","title":{"rendered":"Hikvision HWC-C120-D\/W Full HD 2MP Wi-Fi Cube-Kamera mit IR-Nachtsicht, microSD und 2-Wege-Audio"},"content":{"rendered":"<p>Die Hikvision HWC-C120-D\/W ist eine Full HD 2MP Wi-Fi Cube-Kamera mit IR-Nachtsicht, Bewegungserkennung, microSD-Kartenaufzeichnung und 2-Wege-Audio. Die Kamera ist f\u00fcr den Innenbereich geeignet.<\/p>\n<p>F\u00fcr Hikvision Hiwatch-Produkte gilt eine Herstellergarantie von 3 Jahren.<\/p>\n<p><strong>M\u00f6glichkeiten<\/strong><\/p>\n<p>Die Hikvision HWC-C120-D\/W HiWatch zeigt Bilder in einer Full-HD-Aufl\u00f6sung von 1920 x 1080 an. Die Kamera verf\u00fcgt \u00fcber einen eingebauten automatischen IR-Sperrfilter, was sie zu einer echten Tag-\/Nachtkamera macht. Bei Dunkelheit kann die Kamera die integrierte IR-Beleuchtung einschalten, die auch bei v\u00f6lliger Dunkelheit (0 Lux) f\u00fcr ein gestochen scharfes Bild sorgt. Die IR-Beleuchtung hat eine Reichweite von 10 Metern. Die Kamera verf\u00fcgt \u00fcber einen Wide Dynamic Range (WDR), wodurch die Kamera auch komplexe Lichtverh\u00e4ltnisse gut bew\u00e4ltigen kann. Die Kamera verf\u00fcgt \u00fcber ein festes 2,8-mm-Objektiv mit einem horizontalen Bildwinkel von 105,8 Grad.<\/p>\n<p>Der Hikvision HWC-C120-D\/W verf\u00fcgt \u00fcber eine Bewegungserkennung. Bilder k\u00f6nnen unter anderem auf einem Netzwerk-Videorecorder (NVR) gespeichert werden. Die Kamera verf\u00fcgt au\u00dferdem \u00fcber die M\u00f6glichkeit, in der Kamera auf einer microSD-Speicherkarte (nicht im Lieferumfang enthalten) bis maximal 256 GB aufzuzeichnen. Die Kamera verf\u00fcgt \u00fcber ein eingebautes Mikrofon und einen Lautsprecher f\u00fcr Zwei-Wege-Audio. Passende microSD-Karten sind unter \u201eOptionen\u201c aufgef\u00fchrt.<\/p>\n<p>Hikvision bietet eine kostenlose mobile App f\u00fcr Apple iOS und Android. Die Kamera verf\u00fcgt \u00fcber einen internen Webserver, der \u00fcber einen Webbrowser angezeigt und verwaltet werden kann. Die kostenlose Video Management Software (VMS) kann von der Hikvision-Website heruntergeladen werden. Unter der Registerkarte \u201eDokumentation\u201c finden Sie einen Link zur Produktseite des Herstellers.<\/p>\n<p>Der Hikvision HWC-C120-D\/W ist nur f\u00fcr den Innenbereich geeignet. Die Kamera wird h\u00e4ufig in Privathaushalten, B\u00fcros und Gesch\u00e4ften eingesetzt. Die Kamera kann beispielsweise auch als Babyphone verwendet werden. Die Kamera muss mit dem mitgelieferten 5-VDC-Netzteil mit Strom versorgt werden und drahtlos (WiFi) mit dem Netzwerk verbunden sein.<\/p>\n<p><strong>Wichtigste Funktionen<\/strong><\/p>\n<ul>\n<li>2-Megapixel-Full-HD-Kamera<\/li>\n<li>Tag-\/Nachtkamera mit automatischem mechanischem IR-Sperrfilter<\/li>\n<li>IR-Nachtsichtbeleuchtung bis zu 10 Meter<\/li>\n<li>Aufnahme in der Kamera auf SD-Karte<\/li>\n<li>Digitaler Dynamikbereich (WDR)<\/li>\n<li>Eingebautes Mikrofon und Lautsprecher<\/li>\n<li>Bewegungserkennung<\/li>\n<li>ONVIF-Protokoll<\/li>\n<li>H.265+-Codec<\/li>\n<li>Stromversorgung durch 5VDC<\/li>\n<li>802.11 b\/g\/n WLAN<\/li>\n<\/ul>\n<p><a href=\"https:\/\/webstore4.com\/Copyright\/\" target=\"_blank\" rel=\"noopener\"><span style=\"color: #ff6e03; font-size: 11px;\">\u00a9 Der Text ist urheberrechtlich gesch\u00fctzt<\/span><\/a><\/p>","protected":false},"excerpt":{"rendered":"<p>De Hikvision HWC-C120-D\/W is een Full HD 2MP Wi-Fi Cube camera met IR nachtzicht, bewegingsdetectie, microSD kaart opname en 2-weg audio. De camera is geschikt voor gebruik binnen. Hikvision Hiwatch producten hebben 3 jaar fabrieksgarantie. Mogelijkheden De Hikvision HWC-C120-D\/W geeft beelden weer in een Full HD 1920&#215;1080 resolutie. De camera heeft een ingebouwd automatisch IR-cut<\/p>\n<div class=\"klb-readmore button\"><a class=\"btn link\" href=\"https:\/\/webstore4.com\/de\/product\/hikvision-hwc-c120-d-w-2mp-wi-fi-cube-camera\/\">Mehr lesen <i class=\"klbth-icon-right-arrow\"><\/i><\/a><\/div>","protected":false},"featured_media":15416,"comment_status":"open","ping_status":"closed","template":"","meta":[],"pwb-brand":[3367],"product_cat":[4184,4242,4198,4221],"product_tag":[],"class_list":{"0":"post-9380","1":"product","2":"type-product","3":"status-publish","4":"has-post-thumbnail","6":"pwb-brand-hikvision","7":"product_cat-cameras","8":"product_cat-cube-cameras-cameras","9":"product_cat-series","10":"product_cat-hikvision-hiwatch-series","11":"product_shipping_class-pakket","12":"pa_alarm-ingang-uitgang-nee","13":"pa_audio-microfoon-speaker","14":"pa_beeldhoek-graden-horizontaal-105-8","15":"pa_beeldsensor-12-7-cmos","16":"pa_dag-nacht-ir-cut-filter-ja","17":"pa_draadloos-ja-wi-fi-802-11","18":"pa_draadloos-protocol-wi-fi-802-11bgn","19":"pa_geheugenkaart-type-micro-sdsdhcsdxc-256gb","20":"pa_ingebouwd-type-nachtzicht-infrared-ir-led","21":"pa_lens-mm-2-0","22":"pa_materiaal-kunststof","23":"pa_megapixel-2mp","24":"pa_merk-hikvision","25":"pa_minimale-verlichting-0-028-lux-0-lux-met-ir","26":"pa_mobiele-app-fabrikant-ja","27":"pa_nachtzicht-ja","28":"pa_omgeving-binnen","29":"pa_opnemen-op-sd-kaart-ja","30":"pa_poe-nee","31":"pa_resolutie-max-pixels-full-hd-1920x1080","32":"pa_vandaalbestendig-nee","33":"pa_voeding-5v-usb","34":"pa_voeding-inclusief-adapter","35":"pa_wdr-ja","37":"first","38":"outofstock","39":"taxable","40":"shipping-taxable","41":"purchasable","42":"product-type-simple"},"brands":[{"id":3367,"name":"Hikvision","slug":"hikvision"}],"_links":{"self":[{"href":"https:\/\/webstore4.com\/de\/wp-json\/wp\/v2\/product\/9380","targetHints":{"allow":["GET"]}}],"collection":[{"href":"https:\/\/webstore4.com\/de\/wp-json\/wp\/v2\/product"}],"about":[{"href":"https:\/\/webstore4.com\/de\/wp-json\/wp\/v2\/types\/product"}],"replies":[{"embeddable":true,"href":"https:\/\/webstore4.com\/de\/wp-json\/wp\/v2\/comments?post=9380"}],"wp:featuredmedia":[{"embeddable":true,"href":"https:\/\/webstore4.com\/de\/wp-json\/wp\/v2\/media\/15416"}],"wp:attachment":[{"href":"https:\/\/webstore4.com\/de\/wp-json\/wp\/v2\/media?parent=9380"}],"wp:term":[{"taxonomy":"pwb-brand","embeddable":true,"href":"https:\/\/webstore4.com\/de\/wp-json\/wp\/v2\/pwb-brand?post=9380"},{"taxonomy":"product_cat","embeddable":true,"href":"https:\/\/webstore4.com\/de\/wp-json\/wp\/v2\/product_cat?post=9380"},{"taxonomy":"product_tag","embeddable":true,"href":"https:\/\/webstore4.com\/de\/wp-json\/wp\/v2\/product_tag?post=9380"}],"curies":[{"name":"wp","href":"https:\/\/api.w.org\/{rel}","templated":true}]}}