{"id":9378,"date":"2020-08-15T01:55:35","date_gmt":"2020-08-14T23:55:35","guid":{"rendered":"https:\/\/webstore4.com\/\/?product=wl4-wr-2-rx-draadloos-dubbel-relais-ontvanger"},"modified":"2025-02-19T05:22:05","modified_gmt":"2025-02-19T04:22:05","slug":"wl4-wr-2-rx-draadloos-dubbel-relais-ontvanger","status":"publish","type":"product","link":"https:\/\/webstore4.com\/de\/product\/wl4-wr-2-rx-draadloos-dubbel-relais-ontvanger\/","title":{"rendered":"WL4 WR-2-RX kabelloser Dual-Relais-Empf\u00e4nger"},"content":{"rendered":"<p>De\u00a0WL4 WR-2-RX is een draadloze ontvanger met twee onafhankelijke relais voor gebruik met de dubbel relais zender WL4 WR-2-TX.<\/p>\n<p>De WL4 WR-2-RX zender werkt op 12VDC (niet meegeleverd). Met de draadloze NO\/NC schakel oplossing kan een universele en eenvoudige hardware-matige integratie worden gemaakt tussen producten uit verschillende productsegmenten en\/of van verschillende fabrikanten. De oplossing is ideaal voor bijvoorbeeld een IP camera of NVR alarm uitgang, een toegangsysteem of een alarmsysteem waar het niet gewenst of mogelijk is om kabels aan te leggen.<\/p>\n<p><strong>M\u00f6glichkeiten<\/strong><\/p>\n<p>Mit dem WL4 WR-2-RX kann das Signal eines Relais drahtlos empfangen werden. Die L\u00f6sung besteht aus einem kleinen Sender (separates Produkt WL4 WR-2-TX) und dem Empf\u00e4nger, die auf der 433-MHz-Frequenz arbeiten. Der WL4 WR-2-TX wird \u00fcber eine Batterie und der Empf\u00e4nger \u00fcber ein 12-V-Gleichstromnetzteil mit Strom versorgt. Der WL4 WR-2-RX und der Sender verf\u00fcgen \u00fcber 2 Kan\u00e4le und k\u00f6nnen zwei Stromkreise separat bilden. Jedes Relais am Empf\u00e4nger kann maximal 2300W (AC) schalten.<\/p>\n<p>An einen WL4 WR-2-RX Empf\u00e4nger k\u00f6nnen maximal 128 WL4 WR-2-TX Sender angeschlossen werden. Die Anzahl der Empf\u00e4nger f\u00fcr 1 WL4 WR-2-TX-Sender ist nur durch die \u00dcbertragungsreichweite begrenzt. Jede Konfiguration zwischen Sender und Empf\u00e4nger ist m\u00f6glich: 1:1, 1:N, N:1, N:N.<\/p>\n<p>Drei Modi sind m\u00f6glich: monostabil (das Relais ist an, solange der Sender aktiviert ist), bistabil (eine kurzzeitige Aktivierung des Senders bewirkt eine \u00c4nderung des Zustands des Relais) und zeitgesteuert (eine kurzzeitige Aktivierung des Senders). Der Sender bewirkt, dass sich der Zustand des Relais f\u00fcr eine bestimmte Zeit \u00e4ndert: 1 \u2013 255 Sekunden.<\/p>\n<p>De Engelstalige handleiding wordt meegeleverd.<\/p>\n<p><strong>Hauptmerkmale<\/strong><\/p>\n<ul>\n<li>Drahtlose 2 NO\/NC-Relaisumschaltung<\/li>\n<li>Universelle und einfache Hardware-Integration<\/li>\n<li>Kleines Format<\/li>\n<li>433 MHz Frequenz<\/li>\n<li>Reichweite im freien Feld 300m<\/li>\n<li>Stromversorgung 12VDC<\/li>\n<\/ul>\n<p><a href=\"https:\/\/webstore4.com\/Copyright\/\" target=\"_blank\" rel=\"noopener\"><span style=\"color: #ff6e03; font-size: 11px;\">\u00a9 Der Text ist urheberrechtlich gesch\u00fctzt<\/span><\/a><\/p>","protected":false},"excerpt":{"rendered":"<p>De\u00a0WL4 WR-2-RX is een draadloze ontvanger met twee onafhankelijke relais voor gebruik met de dubbel relais zender WL4 WR-2-TX. De WL4 WR-2-RX zender werkt op 12VDC (niet meegeleverd). Met de draadloze NO\/NC schakel oplossing kan een universele en eenvoudige hardware-matige integratie worden gemaakt tussen producten uit verschillende productsegmenten en\/of van verschillende fabrikanten. De oplossing is<\/p>\n<div class=\"klb-readmore button\"><a class=\"btn link\" href=\"https:\/\/webstore4.com\/de\/product\/wl4-wr-2-rx-draadloos-dubbel-relais-ontvanger\/\">Mehr lesen <i class=\"klbth-icon-right-arrow\"><\/i><\/a><\/div>","protected":false},"featured_media":9379,"comment_status":"open","ping_status":"closed","template":"","meta":[],"pwb-brand":[3380],"product_cat":[4191,4193],"product_tag":[],"class_list":{"0":"post-9378","1":"product","2":"type-product","3":"status-publish","4":"has-post-thumbnail","6":"pwb-brand-wl4","7":"product_cat-access","8":"product_cat-toegangscontrole-access","9":"product_shipping_class-brievenbuspakket","10":"pa_merk-wl4","11":"pa_mobiele-app-fabrikant-nee","12":"pa_omgeving-binnen","13":"pa_product-accessoires","14":"pa_voeding-12vdc","16":"first","17":"onbackorder","18":"taxable","19":"shipping-taxable","20":"purchasable","21":"product-type-simple"},"brands":[{"id":3380,"name":"WL4","slug":"wl4"}],"_links":{"self":[{"href":"https:\/\/webstore4.com\/de\/wp-json\/wp\/v2\/product\/9378","targetHints":{"allow":["GET"]}}],"collection":[{"href":"https:\/\/webstore4.com\/de\/wp-json\/wp\/v2\/product"}],"about":[{"href":"https:\/\/webstore4.com\/de\/wp-json\/wp\/v2\/types\/product"}],"replies":[{"embeddable":true,"href":"https:\/\/webstore4.com\/de\/wp-json\/wp\/v2\/comments?post=9378"}],"wp:featuredmedia":[{"embeddable":true,"href":"https:\/\/webstore4.com\/de\/wp-json\/wp\/v2\/media\/9379"}],"wp:attachment":[{"href":"https:\/\/webstore4.com\/de\/wp-json\/wp\/v2\/media?parent=9378"}],"wp:term":[{"taxonomy":"pwb-brand","embeddable":true,"href":"https:\/\/webstore4.com\/de\/wp-json\/wp\/v2\/pwb-brand?post=9378"},{"taxonomy":"product_cat","embeddable":true,"href":"https:\/\/webstore4.com\/de\/wp-json\/wp\/v2\/product_cat?post=9378"},{"taxonomy":"product_tag","embeddable":true,"href":"https:\/\/webstore4.com\/de\/wp-json\/wp\/v2\/product_tag?post=9378"}],"curies":[{"name":"wp","href":"https:\/\/api.w.org\/{rel}","templated":true}]}}