{"id":9374,"date":"2020-08-03T19:40:53","date_gmt":"2020-08-03T17:40:53","guid":{"rendered":"https:\/\/webstore4.com\/\/?product=hikvision-ds-kv8113-wme1flush-inbouw-ip-video-intercom-2mp-wifi-deurbel-met-poe-mifare-kaartlezer-alarm-microsd-slot"},"modified":"2025-05-25T11:20:06","modified_gmt":"2025-05-25T10:20:06","slug":"hikvision-ds-kv8113-wme1flush-inbouw-ip-video-intercom-2mp-wifi-deurbel-met-poe-mifare-kaartlezer-alarm-microsd-slot","status":"publish","type":"product","link":"https:\/\/webstore4.com\/de\/product\/hikvision-ds-kv8113-wme1flush-inbouw-ip-video-intercom-2mp-wifi-deurbel-met-poe-mifare-kaartlezer-alarm-microsd-slot\/","title":{"rendered":"Hikvision DS-KV8113-WME1(C)\/FLUSH integrierte IP-Video-Gegensprechanlage 2MP WiFi-T\u00fcrklingel mit PoE, Mifare-Kartenleser, Alarm, microSD-Steckplatz"},"content":{"rendered":"<p>Die Hikvision DS-KV8113-WME1(C)\/FLUSH ist eine integrierte IP-Video-Gegensprechanlage Full HD 2MP WiFi-T\u00fcrklingel mit 1 Druckknopf und einem Mifare-Kartenleser zur Bedienung von zwei Elektroschl\u00f6ssern. Die T\u00fcrklingel l\u00e4sst sich mit einer kostenlosen App bedienen und verf\u00fcgt \u00fcber Bewegungserkennung, PoE-Option, Alarmeing\u00e4nge und einen Sabotageschalter.<\/p>\n<p><strong>M\u00f6glichkeiten<\/strong><\/p>\n<p>Der Hikvision DS-KV8113-WME1 verf\u00fcgt \u00fcber einen 2-Megapixel-Full-HD-Bildsensor (1920 x 1080p) mit einem weiten horizontalen Betrachtungswinkel von 129 Grad. Die T\u00fcrklingel verf\u00fcgt \u00fcber Infrarot-Nachtsicht und True WDR f\u00fcr ein gutes Bild bei schwierigen Lichtverh\u00e4ltnissen. Selbstverst\u00e4ndlich verf\u00fcgt der DS-KV8113-WME1 \u00fcber ein empfindliches omnidirektionales Mikrofon und einen Lautsprecher f\u00fcr ein klares Audio-\/Videogespr\u00e4ch. Der DS-KV8113-WME1 funktioniert eigenst\u00e4ndig: Ein Hikvision-Intercom-Innenmonitor der 2. Generation ist nicht erforderlich, kann aber verwendet werden. Sobald die Ruftaste gedr\u00fcckt wird, sendet die Au\u00dfenstation eine direkte Push-Benachrichtigung an die ggf. verwendete Smartphone-App und l\u00e4sst einen Innenmonitor klingeln. Livebilder k\u00f6nnen jederzeit mit der App oder im Monitor betrachtet werden.<\/p>\n<p>Der DS-KV8113-WME1(C) verf\u00fcgt \u00fcber zwei eingebaute Relais, die an ein elektrisches T\u00fcrschloss angeschlossen werden k\u00f6nnen, um eine T\u00fcr \u00fcber einen Monitor oder aus der Ferne mit der App zu entriegeln. Ein Schloss kann auch durch Vorlage einer Mifare-Karte oder eines Mifare-Tags an der Au\u00dfenstation entriegelt werden. Unter dem Reiter \u201eVerwandt\u201c finden Sie passende Mifare-Tags und Mifare-Karten. Der DS-KV8113-WME1(C) verf\u00fcgt \u00fcber 4 Alarmeing\u00e4nge.<\/p>\n<p>Die Au\u00dfenstation kann im integrierten Webinterface \u00fcber einen Browser oder mit der kostenlosen Hikvision iVMS-Software konfiguriert und verwaltet werden.<\/p>\n<p><strong>Montage<\/strong><\/p>\n<p>Der DS-KV8113-WME1(C) besteht aus robustem Aluminium und Kunststoff und verf\u00fcgt \u00fcber die Schutzart IP65 f\u00fcr den Au\u00dfenbereich und die Schutzart IK08 gegen Vandalismus. Die T\u00fcrklingel kann eingebaut oder Aufputz montiert werden. Ein Regenverdeck ist optional erh\u00e4ltlich und unter dem Reiter \u201eOptionen\u201c zu finden.<\/p>\n<p>Der DS-KV8113-WME1(C) kann mit einem nicht im Lieferumfang enthaltenen 12-VDC-Adapter oder mit Power over Ethernet (P0E 802.3af) betrieben werden. Unter dem Reiter \u201eOptionen\u201c kann ein passender 12VDC-Adapter bestellt werden. Unter diesem Reiter ist auch ein passender PoE-Injektor aufgef\u00fchrt.<\/p>\n<p><strong>Wichtigste Funktionen<\/strong><\/p>\n<ul>\n<li>2-Megapixel-Full-HD-Kamera<\/li>\n<li>Echte WDR- und IR-Nachtsicht<\/li>\n<li>124 Grad horizontaler Blickwinkel<\/li>\n<li>Manipulationsalarm und Alarmeing\u00e4nge<\/li>\n<li>Ferngesteuerte T\u00fcr\u00f6ffnung<\/li>\n<li>Mifare-Kartenleser<\/li>\n<li>P0E-Stromversorgung und Signal \u00fcber 1 Netzwerkkabel oder WLAN-Verbindung (2,4 GHz) in Kombination mit einem 12-VDC-Adapter<\/li>\n<li>P2P-Verbindung, daher ist keine Portweiterleitung erforderlich<\/li>\n<li>Wetterfest (IP65)<\/li>\n<li>Vandalismus-Widerstandsklasse IK08<\/li>\n<\/ul>\n<p><a href=\"https:\/\/www.webstore4ipcameras.nl\/Copyright\" target=\"_blank\" rel=\"noopener\"><span style=\"color: #ff6e03; font-size: 11px;\">\u00a9 Der Text ist urheberrechtlich gesch\u00fctzt<\/span><\/a><\/p>","protected":false},"excerpt":{"rendered":"<p>De Hikvision DS-KV8113-WME1(C)\/FLUSH is een inbouw IP video intercom Full HD 2MP WiFi deurbel met 1 drukknop en met een Mifare kaartlezer voor bediening van twee elektrische sloten. De deurbel kan worden bediend met een gratis app en heeft bewegingsdetectie, PoE mogelijkheid, alarm ingangen en een sabotage schakelaar. Mogelijkheden De Hikvision DS-KV8113-WME1(C) beschikt over een<\/p>\n<div class=\"klb-readmore button\"><a class=\"btn link\" href=\"https:\/\/webstore4.com\/de\/product\/hikvision-ds-kv8113-wme1flush-inbouw-ip-video-intercom-2mp-wifi-deurbel-met-poe-mifare-kaartlezer-alarm-microsd-slot\/\">Mehr lesen <i class=\"klbth-icon-right-arrow\"><\/i><\/a><\/div>","protected":false},"featured_media":9097,"comment_status":"open","ping_status":"closed","template":"","meta":[],"pwb-brand":[3367],"product_cat":[4178,4182,4227,4228],"product_tag":[],"class_list":{"0":"post-9374","1":"product","2":"type-product","3":"status-publish","4":"has-post-thumbnail","6":"pwb-brand-hikvision","7":"product_cat-intercom","8":"product_cat-hikvision-ip-video","9":"product_cat-series-intercom","10":"product_cat-hikvision-2nd-generation","11":"product_shipping_class-pakket","12":"pa_aansluiting-netwerk-kabel","13":"pa_audio-microfoon","14":"pa_audio-speaker","15":"pa_beeldhoek-graden-horizontaal-4603","16":"pa_draadloos-ja-wi-fi-802-11","17":"pa_extra-bel-mogelijk-nee","18":"pa_frequentie-tags-en-readers-mifare-13-56-mhz","19":"pa_kaartlezer-ja","20":"pa_kleur-grijs","21":"pa_materiaal-aluminium","22":"pa_materiaal-kunststof","23":"pa_megapixel-2mp","24":"pa_merk-hikvision","25":"pa_mobiele-app-fabrikant-ja","26":"pa_montage-inbouw","27":"pa_nachtzicht-ja","28":"pa_omgeving-binnen-en-buiten","29":"pa_poe-802-3af","30":"pa_product-buitenpost","31":"pa_product-reader","32":"pa_product-status-a","33":"pa_stand-alone-ja","34":"pa_vandaalbestendig-ik08","35":"pa_voeding-12vdc","36":"pa_voeding-poe","38":"first","39":"onbackorder","40":"taxable","41":"shipping-taxable","42":"purchasable","43":"product-type-simple"},"brands":[{"id":3367,"name":"Hikvision","slug":"hikvision"}],"_links":{"self":[{"href":"https:\/\/webstore4.com\/de\/wp-json\/wp\/v2\/product\/9374","targetHints":{"allow":["GET"]}}],"collection":[{"href":"https:\/\/webstore4.com\/de\/wp-json\/wp\/v2\/product"}],"about":[{"href":"https:\/\/webstore4.com\/de\/wp-json\/wp\/v2\/types\/product"}],"replies":[{"embeddable":true,"href":"https:\/\/webstore4.com\/de\/wp-json\/wp\/v2\/comments?post=9374"}],"wp:featuredmedia":[{"embeddable":true,"href":"https:\/\/webstore4.com\/de\/wp-json\/wp\/v2\/media\/9097"}],"wp:attachment":[{"href":"https:\/\/webstore4.com\/de\/wp-json\/wp\/v2\/media?parent=9374"}],"wp:term":[{"taxonomy":"pwb-brand","embeddable":true,"href":"https:\/\/webstore4.com\/de\/wp-json\/wp\/v2\/pwb-brand?post=9374"},{"taxonomy":"product_cat","embeddable":true,"href":"https:\/\/webstore4.com\/de\/wp-json\/wp\/v2\/product_cat?post=9374"},{"taxonomy":"product_tag","embeddable":true,"href":"https:\/\/webstore4.com\/de\/wp-json\/wp\/v2\/product_tag?post=9374"}],"curies":[{"name":"wp","href":"https:\/\/api.w.org\/{rel}","templated":true}]}}