{"id":9362,"date":"2020-07-10T19:15:02","date_gmt":"2020-07-10T17:15:02","guid":{"rendered":"https:\/\/webstore4.com\/\/?product=x-security-xs-ipcv026h-4w-full-hd-4mp-wifi-mini-bullet-camera-met-ir-nachtzicht-en-sd-kaart-slot"},"modified":"2024-06-20T08:03:42","modified_gmt":"2024-06-20T07:03:42","slug":"x-security-xs-ipcv026h-4w-4mp-wifi-bullet-camera","status":"publish","type":"product","link":"https:\/\/webstore4.com\/de\/product\/x-security-xs-ipcv026h-4w-4mp-wifi-bullet-camera\/","title":{"rendered":"X-Security XS-IPCV026H-4W Full HD 4MP WiFi Mini-Bullet-Kamera mit IR-Nachtsicht und SD-Kartensteckplatz"},"content":{"rendered":"<p>De XS-IPCV026H-4W is een draadloze WiFi 4 megapixel Full HD mini bullet camera voor buiten. 1 stuks beschikbaar.<\/p>\n<p><strong>Gestochen scharfes Full-HD-Bild<\/strong><\/p>\n<p>Die Kamera zeigt Bilder in Full-HD-Aufl\u00f6sung von 2688\u00d71520 Pixeln an. Dar\u00fcber hinaus verf\u00fcgt die Kamera \u00fcber einen eingebauten IR-Sperrfilter (ICR), was sie zu einer echten Tag-\/Nachtkamera macht. Bei Dunkelheit kann die Kamera auch die integrierte IR-Beleuchtung einschalten, sodass Bilder auch bei v\u00f6lliger Dunkelheit (0 Lux) betrachtet werden k\u00f6nnen. Die IR-Beleuchtung hat eine Reichweite von nicht weniger als 30 Metern. Die Kamera verf\u00fcgt \u00fcber ein festes 2,8-mm-Objektiv und einen horizontalen Betrachtungswinkel von 106 Grad.<\/p>\n<p><strong>Zur\u00fcckziehen<\/strong><\/p>\n<p>Die Kamera verf\u00fcgt \u00fcber einen Micro-SD-Steckplatz f\u00fcr eine SD-Karte mit bis zu 128 GB. Bilder k\u00f6nnen auch mit Cloud Recording aufgezeichnet werden.<\/p>\n<p><strong>Kostenlose App<\/strong><\/p>\n<p>Der XS-IPCV026H-4W unterst\u00fctzt die Dahua-App f\u00fcr iOS und Android. Die Kamera kann mit der kostenlosen Dahua SmartPSS-Software verwaltet werden.<\/p>\n<p>Die Kamera muss mit 12 VDC betrieben werden\u00a0<u>nicht<\/u> ist enthalten. So k\u00f6nnen Sie f\u00fcr jede Situation den passenden Adapter ausw\u00e4hlen. Unter dem Reiter \u201eOptionen\u201c sind verschiedene passende Adapter aufgef\u00fchrt. Unter dieser Registerkarte sind auch die optionalen Dahua-Montagehalterungen enthalten.<\/p>\n<p><strong>Hauptmerkmale<\/strong><\/p>\n<ul>\n<li>4-Megapixel-Progressive-Scan-CMOS<\/li>\n<li>802.11b\/g\/n WLAN- oder Netzwerkkabelverbindung<\/li>\n<li>H.265-Kodierung<\/li>\n<li>2,8 mm festes Objektiv<\/li>\n<li>Maximale IR-LED-Reichweite von 30 Metern<\/li>\n<li>IP67 wetterfest<\/li>\n<li>Nehmen Sie auf einer microSD-Karte mit bis zu 128 GB auf<\/li>\n<\/ul>\n<p><a href=\"https:\/\/www.webstore4ipcameras.nl\/Copyright\" target=\"_blank\" rel=\"noopener\"><span style=\"color: #ff6e03; font-size: 11px;\">\u00a9 Der Text ist urheberrechtlich gesch\u00fctzt<\/span><\/a><\/p>","protected":false},"excerpt":{"rendered":"<p>De XS-IPCV026H-4W is een draadloze WiFi 4 megapixel Full HD mini bullet camera voor buiten. 1 stuks beschikbaar. Haarscherp Full HD beeld De camera geeft beelden weer in Full HD resolutie van 2688&#215;1520 pixels. Verder beschikt de camera over een ingebouwd IR-cut filter (ICR) en is daarmee een echte dag\/nacht camera. In donkere omstandigheden kan<\/p>\n<div class=\"klb-readmore button\"><a class=\"btn link\" href=\"https:\/\/webstore4.com\/de\/product\/x-security-xs-ipcv026h-4w-4mp-wifi-bullet-camera\/\">Mehr lesen <i class=\"klbth-icon-right-arrow\"><\/i><\/a><\/div>","protected":false},"featured_media":9363,"comment_status":"open","ping_status":"closed","template":"","meta":[],"pwb-brand":[3395],"product_cat":[4184,4219],"product_tag":[],"class_list":{"0":"post-9362","1":"product","2":"type-product","3":"status-publish","4":"has-post-thumbnail","6":"pwb-brand-x-security","7":"product_cat-cameras","8":"product_cat-bullet-box-cameras-cameras","9":"product_shipping_class-pakket","10":"pa_aanbieding-opop","11":"pa_audio-nee","12":"pa_beeldhoek-graden-horizontaal-3910","13":"pa_beeldsensor-1-3-cmos","14":"pa_dag-nacht-ir-cut-filter-ja","15":"pa_draadloos-ja-wi-fi-802-11","16":"pa_geheugenkaart-type-micro-sdsdhcsdxc-128gb","17":"pa_ingebouwd-type-nachtzicht-infrared-ir-led","18":"pa_lens-mm-2-8","19":"pa_megapixel-4mp","20":"pa_merk-x-security","21":"pa_minimale-verlichting-0-1-lux-0-lux-met-ir","22":"pa_mobiele-app-fabrikant-ja","23":"pa_nachtzicht-ja","24":"pa_omgeving-binnen-en-buiten","25":"pa_opnemen-op-sd-kaart-ja","26":"pa_poe-nee","27":"pa_resolutie-max-pixels-full-hd-2688x1520","28":"pa_voeding-12vdc","29":"pa_wdr-ja","31":"first","32":"instock","33":"sale","34":"sold-individually","35":"taxable","36":"shipping-taxable","37":"purchasable","38":"product-type-simple"},"brands":[{"id":3395,"name":"X-Security","slug":"x-security"}],"_links":{"self":[{"href":"https:\/\/webstore4.com\/de\/wp-json\/wp\/v2\/product\/9362","targetHints":{"allow":["GET"]}}],"collection":[{"href":"https:\/\/webstore4.com\/de\/wp-json\/wp\/v2\/product"}],"about":[{"href":"https:\/\/webstore4.com\/de\/wp-json\/wp\/v2\/types\/product"}],"replies":[{"embeddable":true,"href":"https:\/\/webstore4.com\/de\/wp-json\/wp\/v2\/comments?post=9362"}],"wp:featuredmedia":[{"embeddable":true,"href":"https:\/\/webstore4.com\/de\/wp-json\/wp\/v2\/media\/9363"}],"wp:attachment":[{"href":"https:\/\/webstore4.com\/de\/wp-json\/wp\/v2\/media?parent=9362"}],"wp:term":[{"taxonomy":"pwb-brand","embeddable":true,"href":"https:\/\/webstore4.com\/de\/wp-json\/wp\/v2\/pwb-brand?post=9362"},{"taxonomy":"product_cat","embeddable":true,"href":"https:\/\/webstore4.com\/de\/wp-json\/wp\/v2\/product_cat?post=9362"},{"taxonomy":"product_tag","embeddable":true,"href":"https:\/\/webstore4.com\/de\/wp-json\/wp\/v2\/product_tag?post=9362"}],"curies":[{"name":"wp","href":"https:\/\/api.w.org\/{rel}","templated":true}]}}